{"id":42292,"date":"2022-02-13T05:11:20","date_gmt":"2022-02-13T05:11:20","guid":{"rendered":"https:\/\/123-teezeit.de\/?product=fuze-tea-mango-kamille-einweg-flasche-12-x-400-ml"},"modified":"2023-04-10T11:30:25","modified_gmt":"2023-04-10T11:30:25","slug":"fuze-tea-mango-kamille-einweg-flasche-12-x-400-ml","status":"publish","type":"product","link":"https:\/\/123-teezeit.de\/?product=fuze-tea-mango-kamille-einweg-flasche-12-x-400-ml","title":{"rendered":"Fuze Tea Mango Kamille &#8211; erfrischende Fusion aus Tee, Saft und Kr\u00e4utern mit Kombination aus Mango und Kamille\u2026"},"content":{"rendered":"<p><!-- show up to 2 reviews by default --> <\/p>\n<h3> <span>Produktbeschreibung<\/span> <\/h3>\n<p> <span>Eine au\u00dfergew\u00f6hnliche Fusion aus dem Guten des Tees und fruchtiger Mango-Note, abgerundet durch die einzigartige Essenz der Kamillenbl\u00fcte. Ein Geschmackserlebnis mit hochwertigen Zutaten und wenig Kalorien- Noch nie hat eine Auszeit so gut geschmeckt.<\/span> <\/p>\n<h3> <span>Inhaltsstoffe \/ Zutaten<\/span> <\/h3>\n<p> <span>Zutaten: Wasser, Zucker, Mangosaft aus Mangosaftkonzentrat (1%), l\u00f6slicher Gr\u00fcntee- Extrakt (0,14%), S\u00e4uerungsmittel Citronens\u00e4ure, S\u00e4ureregulator Natriumcitrate, Antioxidationsmittel Ascorbins\u00e4ure, nat\u00fcrliches Aroma, S\u00fc\u00dfungsmittel Steviolglykoside, Kamillenextrakt.<\/span> <\/p>\n<div data-a-expander-name=\"toggle_description\" class=\"a-row a-expander-container a-expander-extend-container\">\n<div class=\"a-expander-content a-expander-extend-content\">\n<h3> <span>Gebrauchsanweisung<\/span> <\/h3>\n<p> <span>Nein<\/span> <\/p>\n<h3> <span>Warnhinweise<\/span> <\/h3>\n<p> <span>Nein<\/span> <\/p>\n<h3> <span>Anschrift Hersteller\/Importeur<\/span> <\/h3>\n<p> <span>Coca-Cola Europacific Partners Deutschland GmbH, Stralauer Allee 4, 10245 Berlin<\/span> <\/p>\n<\/p><\/div>\n<p> <a data-csa-c-func-deps=\"aui-da-a-expander-toggle\" data-csa-c-type=\"widget\" data-csa-interaction-events=\"click\" role=\"button\" href=\"void(0)\" data-action=\"a-expander-toggle\" class=\"a-expander-header a-declarative a-expander-extend-header\" data-a-expander-toggle=\"{\"><i class=\"a-icon a-icon-extender-expand\"><\/i><span class=\"a-expander-prompt\">Mehr<\/span><\/a> <\/div>\n<p>Die Fusion aus Tee, Saft und Kr\u00e4utern.<br \/>\nErfrischt und entspannt mit einzigartigem Geschmack<br \/>\nTee aus nachhaltigem Anbau &#8211; von sorgf\u00e4ltig ausgew\u00e4hlten zertifizierten Plantagen, um so die Bauern und D\u00f6rfer vor Ort zu unterst\u00fctzen.<br \/>\nFuze Tea &#8211; vier Flavours, die geschmacklich \u00fcberzeugen.<br \/>\n<div class=\"main-cross-sell\" data-asin=\"B077TFY3T6\">\n\n\t<div class=\"WooZone-cross-sell-loader\">\n\t\t<div>\n\t\t\t<div id=\"floatingBarsG\">\n\t\t\t\t<div class=\"blockG\" id=\"rotateG_01\"><\/div>\n\t\t\t\t<div class=\"blockG\" id=\"rotateG_02\"><\/div>\n\t\t\t\t<div class=\"blockG\" id=\"rotateG_03\"><\/div>\n\t\t\t\t<div class=\"blockG\" id=\"rotateG_04\"><\/div>\n\t\t\t\t<div class=\"blockG\" id=\"rotateG_05\"><\/div>\n\t\t\t\t<div class=\"blockG\" id=\"rotateG_06\"><\/div>\n\t\t\t\t<div class=\"blockG\" id=\"rotateG_07\"><\/div>\n\t\t\t\t<div class=\"blockG\" id=\"rotateG_08\"><\/div>\n\t\t\t<\/div>\n\t\t\t<div class=\"WooZone-cross-sell-loader-text\"><\/div>\n\t\t<\/div>\n\t<\/div>\n\n\t\t\n<\/div>\n<div style=\"clear:both;\"><\/div><\/p>\n","protected":false},"excerpt":{"rendered":"<p>Die Fusion aus Tee, Saft und Kr\u00e4utern.<br \/>\nErfrischt und entspannt mit einzigartigem Geschmack<br \/>\nTee aus nachhaltigem Anbau &#8211; von sorgf\u00e4ltig ausgew\u00e4hlten zertifizierten Plantagen, um so die Bauern und D\u00f6rfer vor Ort zu unterst\u00fctzen.<\/p>\n","protected":false},"featured_media":42293,"comment_status":"open","ping_status":"closed","template":"","meta":[],"product_brand":[],"product_cat":[97],"product_tag":[],"class_list":{"0":"post-42292","1":"product","2":"type-product","3":"status-publish","4":"has-post-thumbnail","6":"product_cat-eistee","7":"pa_amazon-bestseller-rang-nr-3161-in-lebensmittel-getraenke-siehe-top-100-in-lebensmittel-getraenke-nr-18-in-eistee","8":"pa_artikelgewicht-5-17-kg","9":"pa_aufbewahrung-nein","10":"pa_auslaufartikel-produktion-dur-nein","11":"pa_besonderheit-vegan","12":"pa_durchschnittliche-kundenbewer-46-von-5-sternen-126-sternebewertungen-46-von-5-sternen","13":"pa_format-konserviert","14":"pa_herkunftsland-deutschland","15":"pa_hersteller-coca-cola-europacific-partners-deutschland-gmbh-stralauer-allee-4-10245-berlin","16":"pa_im-angebot-von-amazon-de-seit-27-november-2017","17":"pa_kontakt-zum-hersteller-coca-cola-europacific-partners-deutschland-gmbh-stralauer-allee-4-10245-berlin","18":"pa_landeskueche-deutschland","19":"pa_marke-fuze-tea","20":"pa_netto-volumen-4800-milliliter","21":"pa_produktbezeichnung-kalorienarmes-erfrischungsgetraenk-mit-gruentee-extrakt-und-mangogeschmack-mit-kamillen-extrakt-mit-zucker-und-suessungsmittel","22":"pa_stueckzahl-4800-0-milliliter","23":"pa_ursprungsland-germany","24":"pa_verpackungsabmessungen-25-8-x-19-8-x-18-7-cm","26":"first","27":"instock","28":"shipping-taxable","29":"purchasable","30":"product-type-simple"},"_links":{"self":[{"href":"https:\/\/123-teezeit.de\/index.php?rest_route=\/wp\/v2\/product\/42292","targetHints":{"allow":["GET"]}}],"collection":[{"href":"https:\/\/123-teezeit.de\/index.php?rest_route=\/wp\/v2\/product"}],"about":[{"href":"https:\/\/123-teezeit.de\/index.php?rest_route=\/wp\/v2\/types\/product"}],"replies":[{"embeddable":true,"href":"https:\/\/123-teezeit.de\/index.php?rest_route=%2Fwp%2Fv2%2Fcomments&post=42292"}],"wp:featuredmedia":[{"embeddable":true,"href":"https:\/\/123-teezeit.de\/index.php?rest_route=\/wp\/v2\/media\/42293"}],"wp:attachment":[{"href":"https:\/\/123-teezeit.de\/index.php?rest_route=%2Fwp%2Fv2%2Fmedia&parent=42292"}],"wp:term":[{"taxonomy":"product_brand","embeddable":true,"href":"https:\/\/123-teezeit.de\/index.php?rest_route=%2Fwp%2Fv2%2Fproduct_brand&post=42292"},{"taxonomy":"product_cat","embeddable":true,"href":"https:\/\/123-teezeit.de\/index.php?rest_route=%2Fwp%2Fv2%2Fproduct_cat&post=42292"},{"taxonomy":"product_tag","embeddable":true,"href":"https:\/\/123-teezeit.de\/index.php?rest_route=%2Fwp%2Fv2%2Fproduct_tag&post=42292"}],"curies":[{"name":"wp","href":"https:\/\/api.w.org\/{rel}","templated":true}]}}