{"id":42300,"date":"2022-02-13T05:11:26","date_gmt":"2022-02-13T05:11:26","guid":{"rendered":"https:\/\/123-teezeit.de\/?product=pfanner-eistee-pfirsich-zuckerreduziert-8er-pack-8-x-750-g"},"modified":"2023-04-10T11:30:25","modified_gmt":"2023-04-10T11:30:25","slug":"pfanner-eistee-pfirsich-zuckerreduziert-8er-pack-8-x-750-g","status":"publish","type":"product","link":"https:\/\/123-teezeit.de\/?product=pfanner-eistee-pfirsich-zuckerreduziert-8er-pack-8-x-750-g","title":{"rendered":"Pfanner IceTea Pfirsich -30% Zucker im Vorratspack \u2013 Direkt aufgebr\u00fchte Schwarzteesorten kombiniert mit Pfirsich (8 x\u2026"},"content":{"rendered":"<p><!-- show up to 2 reviews by default --> <\/p>\n<h3> <span>Produktbeschreibung<\/span> <\/h3>\n<p> <span>Schwarzteegetr\u00e4nk mit Pfirsichgeschmack, direkt aufgebr\u00fcht aus schwarzem Tee mit Hagebutte und Hibiskusbl\u00fcte. Jetzt noch erfrischender! Mit 30% weniger Zucker ist die geringer ges\u00fc\u00dfte Variante eine leichte Alternative zu klassischen Eistees.<\/span> <\/p>\n<h3> <span>Inhaltsstoffe \/ Zutaten<\/span> <\/h3>\n<p> <span>Zutaten: Aufguss aus schwarzem Tee, Hagebutte und Hibiskusbl\u00fcte (Wasser, schwarzer Tee, Hagebutte, Hibiskusbl\u00fcte), Zucker, Pfirsichsaft, (1%) aus Pirsichsaftkonzentrat, S\u00e4uerungsmittel Citronens\u00e4ure, Aroma. Tee-Extrakt: 0,12%.<\/span> <\/p>\n<div data-a-expander-name=\"toggle_description\" class=\"a-row a-expander-container a-expander-extend-container\">\n<div class=\"a-expander-content a-expander-extend-content\">\n<h3> <span>Gebrauchsanweisung<\/span> <\/h3>\n<p> <span>Nach dem \u00d6ffen, gek\u00fchlt aufbewahren und innerhalb von 3 Tagen aufbrauchen.<\/span> <\/p>\n<h3> <span>Warnhinweise<\/span> <\/h3>\n<p> <span>Nicht dem direkten Sonnenlicht aussetzen.<\/span> <\/p>\n<h3> <span>Anschrift Hersteller\/Importeur<\/span> <\/h3>\n<p> <span>A-6923 Lauterach, Austria<\/span> <\/p>\n<\/p><\/div>\n<p> <a data-csa-c-func-deps=\"aui-da-a-expander-toggle\" data-csa-c-type=\"widget\" data-csa-interaction-events=\"click\" role=\"button\" href=\"void(0)\" data-action=\"a-expander-toggle\" class=\"a-expander-header a-declarative a-expander-extend-header\" data-a-expander-toggle=\"{\"><i class=\"a-icon a-icon-extender-expand\"><\/i><span class=\"a-expander-prompt\">Mehr<\/span><\/a> <\/div>\n<p>Sorgf\u00e4ltig ausgew\u00e4hlte Schwarzteesorten werden bei Pfanner aus Tradition frisch aufgebr\u00fcht und mit fruchtigem Pfirsichsaft zu einem erfrischenden Teegetr\u00e4nk verfeinert.<br \/>\nZuckerreduzierter Teegenuss!<br \/>\nAus dem handlichen 0,75-Liter-Trinkkarton mit gro\u00dfem Drehverschluss k\u00f6nnen die zuckerreduzierten Eistees ideal direkt getrunken werden.<br \/>\nAllergenfrei<br \/>\nVegan<br \/>\n<div class=\"main-cross-sell\" data-asin=\"B071Y7RGCY\">\n\n\t<div class=\"WooZone-cross-sell-loader\">\n\t\t<div>\n\t\t\t<div id=\"floatingBarsG\">\n\t\t\t\t<div class=\"blockG\" id=\"rotateG_01\"><\/div>\n\t\t\t\t<div class=\"blockG\" id=\"rotateG_02\"><\/div>\n\t\t\t\t<div class=\"blockG\" id=\"rotateG_03\"><\/div>\n\t\t\t\t<div class=\"blockG\" id=\"rotateG_04\"><\/div>\n\t\t\t\t<div class=\"blockG\" id=\"rotateG_05\"><\/div>\n\t\t\t\t<div class=\"blockG\" id=\"rotateG_06\"><\/div>\n\t\t\t\t<div class=\"blockG\" id=\"rotateG_07\"><\/div>\n\t\t\t\t<div class=\"blockG\" id=\"rotateG_08\"><\/div>\n\t\t\t<\/div>\n\t\t\t<div class=\"WooZone-cross-sell-loader-text\"><\/div>\n\t\t<\/div>\n\t<\/div>\n\n\t\t\n<\/div>\n<div style=\"clear:both;\"><\/div><\/p>\n","protected":false},"excerpt":{"rendered":"<p>Sorgf\u00e4ltig ausgew\u00e4hlte Schwarzteesorten werden bei Pfanner aus Tradition frisch aufgebr\u00fcht und mit fruchtigem Pfirsichsaft zu einem erfrischenden Teegetr\u00e4nk verfeinert.<br \/>\nZuckerreduzierter Teegenuss!<br \/>\nAus dem handlichen 0,75-Liter-Trinkkarton mit gro\u00dfem Drehverschluss k\u00f6nnen die zuckerreduzierten Eistees ideal direkt getrunken werden.<\/p>\n","protected":false},"featured_media":42301,"comment_status":"open","ping_status":"closed","template":"","meta":[],"product_brand":[],"product_cat":[97],"product_tag":[],"class_list":{"0":"post-42300","1":"product","2":"type-product","3":"status-publish","4":"has-post-thumbnail","6":"product_cat-eistee","7":"pa_amazon-bestseller-rang-nr-33858-in-lebensmittel-getraenke-siehe-top-100-in-lebensmittel-getraenke-nr-400-in-fruechtetee","8":"pa_artikelgewicht-750-g","9":"pa_aufbewahrung-nach-dem-oeffnen-gekuehlt-aufbewahren-und-innerhalb-von-3-tagen-aufbrauchen","10":"pa_besonderheit-vegan","11":"pa_durchschnittliche-kundenbewer-42-von-5-sternen-104-sternebewertungen-42-von-5-sternen","12":"pa_format-loose-blaetter","13":"pa_herkunftsland-oesterreich","14":"pa_hersteller-hermann-pfanner-getraenke-gmbh","15":"pa_im-angebot-von-amazon-de-seit-3-april-2017","16":"pa_kontakt-zum-hersteller-a-6923-lauterach-austria","17":"pa_landeskueche-oesterreich","18":"pa_marke-pfanner","19":"pa_netto-gewicht-6000-gramm","20":"pa_produktbezeichnung-schwarzteegetraenk-mit-pfirsichgeschmack-direkt-aufgebrueht-aus-schwarzem-tee-mit-hagebutte-und-hibiskusbluete","21":"pa_stueckzahl-6000-0-milliliter","22":"pa_ursprungsland-austria","23":"pa_verpackungsabmessungen-30-2-x-18-7-x-15-8-cm-750-gramm","24":"pa_zertifizierung-v-label-vegetarian-v-label-vegan","26":"first","27":"instock","28":"shipping-taxable","29":"purchasable","30":"product-type-simple"},"_links":{"self":[{"href":"https:\/\/123-teezeit.de\/index.php?rest_route=\/wp\/v2\/product\/42300","targetHints":{"allow":["GET"]}}],"collection":[{"href":"https:\/\/123-teezeit.de\/index.php?rest_route=\/wp\/v2\/product"}],"about":[{"href":"https:\/\/123-teezeit.de\/index.php?rest_route=\/wp\/v2\/types\/product"}],"replies":[{"embeddable":true,"href":"https:\/\/123-teezeit.de\/index.php?rest_route=%2Fwp%2Fv2%2Fcomments&post=42300"}],"wp:featuredmedia":[{"embeddable":true,"href":"https:\/\/123-teezeit.de\/index.php?rest_route=\/wp\/v2\/media\/42301"}],"wp:attachment":[{"href":"https:\/\/123-teezeit.de\/index.php?rest_route=%2Fwp%2Fv2%2Fmedia&parent=42300"}],"wp:term":[{"taxonomy":"product_brand","embeddable":true,"href":"https:\/\/123-teezeit.de\/index.php?rest_route=%2Fwp%2Fv2%2Fproduct_brand&post=42300"},{"taxonomy":"product_cat","embeddable":true,"href":"https:\/\/123-teezeit.de\/index.php?rest_route=%2Fwp%2Fv2%2Fproduct_cat&post=42300"},{"taxonomy":"product_tag","embeddable":true,"href":"https:\/\/123-teezeit.de\/index.php?rest_route=%2Fwp%2Fv2%2Fproduct_tag&post=42300"}],"curies":[{"name":"wp","href":"https:\/\/api.w.org\/{rel}","templated":true}]}}