{"id":42311,"date":"2022-02-13T05:11:36","date_gmt":"2022-02-13T05:11:36","guid":{"rendered":"https:\/\/123-teezeit.de\/?product=esn-eaa-lemon-iced-tea-500g-dose"},"modified":"2023-04-10T11:30:25","modified_gmt":"2023-04-10T11:30:25","slug":"esn-eaa-lemon-iced-tea-500g-dose","status":"publish","type":"product","link":"https:\/\/123-teezeit.de\/?product=esn-eaa-lemon-iced-tea-500g-dose","title":{"rendered":"ESN EAA, Lemon Iced Tea, 500g Dose"},"content":{"rendered":"<p>AMINOS\u00c4URENPROFIL: Die ESN EAA Dose enth\u00e4lt alle 8 essenziellen Aminos\u00e4uren und zus\u00e4tzlich die BCAAs im optimalen 3:1:1 Verh\u00e4ltnis<br \/>\nULTRAFEINES PULVER: Eine Portion EAA Pulver (14 g \u2013 Messl\u00f6ffel beiliegend) l\u00e4sst sich dank der idealen L\u00f6slichkeit des ultrafeinen Pulvers super einfach anr\u00fchren. Eine Dose reicht f\u00fcr rund 35 Portionen<br \/>\nEXZELLENTER GESCHMACK: Bei uns hast du die Qual der Wahl. Unsere ESN EAAs begeistern mit einem saftigen hervorragenden Geschmack \u2013 ganz egal, f\u00fcr welche Sorte du dich entscheidest<br \/>\nOHNE UNERW\u00dcNSCHTE ZUS\u00c4TZE: Wir verwenden ausschlie\u00dflich pflanzliche Rohstoffe und verzichten auf unerw\u00fcnschte Zus\u00e4tze. Unser Produkt eignet sich daher auch perfekt f\u00fcr Vegetarier und Veganer<br \/>\nMADE IN GERMANY: In hauseigener deutscher Produktion unter Einhaltung strengster Qualit\u00e4tsvorgaben produziert<br \/>\n<div class=\"main-cross-sell\" data-asin=\"B082BC53GC\">\n\n\t<div class=\"WooZone-cross-sell-loader\">\n\t\t<div>\n\t\t\t<div id=\"floatingBarsG\">\n\t\t\t\t<div class=\"blockG\" id=\"rotateG_01\"><\/div>\n\t\t\t\t<div class=\"blockG\" id=\"rotateG_02\"><\/div>\n\t\t\t\t<div class=\"blockG\" id=\"rotateG_03\"><\/div>\n\t\t\t\t<div class=\"blockG\" id=\"rotateG_04\"><\/div>\n\t\t\t\t<div class=\"blockG\" id=\"rotateG_05\"><\/div>\n\t\t\t\t<div class=\"blockG\" id=\"rotateG_06\"><\/div>\n\t\t\t\t<div class=\"blockG\" id=\"rotateG_07\"><\/div>\n\t\t\t\t<div class=\"blockG\" id=\"rotateG_08\"><\/div>\n\t\t\t<\/div>\n\t\t\t<div class=\"WooZone-cross-sell-loader-text\"><\/div>\n\t\t<\/div>\n\t<\/div>\n\n\t\t\n<\/div>\n<div style=\"clear:both;\"><\/div><\/p>\n","protected":false},"excerpt":{"rendered":"<p>AMINOS\u00c4URENPROFIL: Die ESN EAA Dose enth\u00e4lt alle 8 essenziellen Aminos\u00e4uren und zus\u00e4tzlich die BCAAs im optimalen 3:1:1 Verh\u00e4ltnis<br \/>\nULTRAFEINES PULVER: Eine Portion EAA Pulver (14 g \u2013 Messl\u00f6ffel beiliegend) l\u00e4sst sich dank der idealen L\u00f6slichkeit des ultrafeinen Pulvers super einfach anr\u00fchren. Eine Dose reicht f\u00fcr rund 35 Portionen<br \/>\nEXZELLENTER GESCHMACK: Bei uns hast du die Qual der Wahl. Unsere ESN EAAs begeistern mit einem saftigen hervorragenden Geschmack \u2013 ganz egal, f\u00fcr welche Sorte du dich entscheidest<\/p>\n","protected":false},"featured_media":42312,"comment_status":"open","ping_status":"closed","template":"","meta":[],"product_brand":[],"product_cat":[97],"product_tag":[],"class_list":{"0":"post-42311","1":"product","2":"type-product","3":"status-publish","4":"has-post-thumbnail","6":"product_cat-eistee","7":"pa_amazon-bestseller-rang-nr-336-in-drogerie-koerperpflege-siehe-top-100-in-drogerie-koerperpflege-nr-1-in-verzweigtkettige-aminosaeuren-bcaa","8":"pa_aufbewahrung-kuehl-und-trocken-lagern","9":"pa_durchschnittliche-kundenbewer-44-von-5-sternen-1-861-sternebewertungen-44-von-5-sternen","10":"pa_format-pulver","11":"pa_herkunftsland-deutschland","12":"pa_im-angebot-von-amazon-de-seit-4-dezember-2019","13":"pa_kontakt-zum-hersteller-fitmart-gmbh-co-kg-industriestrasse-10-d-25462-rellingen-deutschland","14":"pa_marke-esn","15":"pa_netto-gewicht-0-8-kilogramm","16":"pa_produktbezeichnung-eaa-lemon-iced-tea","17":"pa_stueckzahl-500-0-gramm","18":"pa_zusatzstoffe-die-aminosaeure","20":"first","21":"instock","22":"shipping-taxable","23":"purchasable","24":"product-type-simple"},"_links":{"self":[{"href":"https:\/\/123-teezeit.de\/index.php?rest_route=\/wp\/v2\/product\/42311","targetHints":{"allow":["GET"]}}],"collection":[{"href":"https:\/\/123-teezeit.de\/index.php?rest_route=\/wp\/v2\/product"}],"about":[{"href":"https:\/\/123-teezeit.de\/index.php?rest_route=\/wp\/v2\/types\/product"}],"replies":[{"embeddable":true,"href":"https:\/\/123-teezeit.de\/index.php?rest_route=%2Fwp%2Fv2%2Fcomments&post=42311"}],"wp:featuredmedia":[{"embeddable":true,"href":"https:\/\/123-teezeit.de\/index.php?rest_route=\/wp\/v2\/media\/42312"}],"wp:attachment":[{"href":"https:\/\/123-teezeit.de\/index.php?rest_route=%2Fwp%2Fv2%2Fmedia&parent=42311"}],"wp:term":[{"taxonomy":"product_brand","embeddable":true,"href":"https:\/\/123-teezeit.de\/index.php?rest_route=%2Fwp%2Fv2%2Fproduct_brand&post=42311"},{"taxonomy":"product_cat","embeddable":true,"href":"https:\/\/123-teezeit.de\/index.php?rest_route=%2Fwp%2Fv2%2Fproduct_cat&post=42311"},{"taxonomy":"product_tag","embeddable":true,"href":"https:\/\/123-teezeit.de\/index.php?rest_route=%2Fwp%2Fv2%2Fproduct_tag&post=42311"}],"curies":[{"name":"wp","href":"https:\/\/api.w.org\/{rel}","templated":true}]}}