{"id":42712,"date":"2022-02-13T05:41:19","date_gmt":"2022-02-13T05:41:19","guid":{"rendered":"https:\/\/123-teezeit.de\/?product=elta-elektrischer-teekocher-3in1-samowar"},"modified":"2023-04-10T12:00:24","modified_gmt":"2023-04-10T12:00:24","slug":"elta-elektrischer-teekocher-3in1-samowar","status":"publish","type":"product","link":"https:\/\/123-teezeit.de\/?product=elta-elektrischer-teekocher-3in1-samowar","title":{"rendered":"Elta Elektrischer Teekocher 3in1 Samowar"},"content":{"rendered":"<p><!-- show up to 2 reviews by default --> <\/p>\n<p> <span>Elta Teekocher 3in1 \u2013 Samowar. Samowar das ist die gesellige Art, Tee zu genie\u00dfen. Werden Sie echter Teefreund! Mit dem ELTA Samowar k\u00f6nnen Sie exakt die Menge Tee und hei\u00dfes Wasser mischen, wie Sie es m\u00f6chten. Schlie\u00dflich sind Geschm\u00e4cker verschieden.<\/span> <\/p>\n<p>1,7L Wasserkocher, 0,7L Teekocher<br \/>\n2000W<br \/>\nEdelstahlgeh\u00e4use<br \/>\nAbnehmbarer und waschbarer Teefilter<br \/>\n2 Kontrolltasten<br \/>\n<div class=\"main-cross-sell\" data-asin=\"B08KZ41RDG\">\n\n\t<div class=\"WooZone-cross-sell-loader\">\n\t\t<div>\n\t\t\t<div id=\"floatingBarsG\">\n\t\t\t\t<div class=\"blockG\" id=\"rotateG_01\"><\/div>\n\t\t\t\t<div class=\"blockG\" id=\"rotateG_02\"><\/div>\n\t\t\t\t<div class=\"blockG\" id=\"rotateG_03\"><\/div>\n\t\t\t\t<div class=\"blockG\" id=\"rotateG_04\"><\/div>\n\t\t\t\t<div class=\"blockG\" id=\"rotateG_05\"><\/div>\n\t\t\t\t<div class=\"blockG\" id=\"rotateG_06\"><\/div>\n\t\t\t\t<div class=\"blockG\" id=\"rotateG_07\"><\/div>\n\t\t\t\t<div class=\"blockG\" id=\"rotateG_08\"><\/div>\n\t\t\t<\/div>\n\t\t\t<div class=\"WooZone-cross-sell-loader-text\"><\/div>\n\t\t<\/div>\n\t<\/div>\n\n\t\t\n<\/div>\n<div style=\"clear:both;\"><\/div><\/p>\n","protected":false},"excerpt":{"rendered":"<p>1,7L Wasserkocher, 0,7L Teekocher<br \/>\n2000W<br \/>\nEdelstahlgeh\u00e4use<\/p>\n","protected":false},"featured_media":42713,"comment_status":"open","ping_status":"closed","template":"","meta":[],"product_brand":[],"product_cat":[98,60],"product_tag":[],"class_list":{"0":"post-42712","1":"product","2":"type-product","3":"status-publish","4":"has-post-thumbnail","6":"product_cat-teekocher","7":"product_cat-zubehoer","8":"pa_amazon-bestseller-rang-nr-100261-in-kueche-haushalt-wohnen-siehe-top-100-in-kueche-haushalt-wohnen-nr-18-in-teemaschinen","9":"pa_artikelgewicht-1-52-kg","10":"pa_durchschnittliche-kundenbewer-27-von-5-sternen-29-sternebewertungen-27-von-5-sternen","11":"pa_farbe-schwarz","12":"pa_fassungsvermoegen-1-7-liter","13":"pa_im-angebot-von-amazon-de-seit-9-oktober-2020","14":"pa_leistung-2000-watt","15":"pa_marke-elta","16":"pa_modellnummer-stm-5827","17":"pa_produktabmessungen-40-5-x-40-6-x-38-cm-1-52-kilogramm","19":"first","20":"instock","21":"shipping-taxable","22":"purchasable","23":"product-type-simple"},"_links":{"self":[{"href":"https:\/\/123-teezeit.de\/index.php?rest_route=\/wp\/v2\/product\/42712","targetHints":{"allow":["GET"]}}],"collection":[{"href":"https:\/\/123-teezeit.de\/index.php?rest_route=\/wp\/v2\/product"}],"about":[{"href":"https:\/\/123-teezeit.de\/index.php?rest_route=\/wp\/v2\/types\/product"}],"replies":[{"embeddable":true,"href":"https:\/\/123-teezeit.de\/index.php?rest_route=%2Fwp%2Fv2%2Fcomments&post=42712"}],"wp:featuredmedia":[{"embeddable":true,"href":"https:\/\/123-teezeit.de\/index.php?rest_route=\/wp\/v2\/media\/42713"}],"wp:attachment":[{"href":"https:\/\/123-teezeit.de\/index.php?rest_route=%2Fwp%2Fv2%2Fmedia&parent=42712"}],"wp:term":[{"taxonomy":"product_brand","embeddable":true,"href":"https:\/\/123-teezeit.de\/index.php?rest_route=%2Fwp%2Fv2%2Fproduct_brand&post=42712"},{"taxonomy":"product_cat","embeddable":true,"href":"https:\/\/123-teezeit.de\/index.php?rest_route=%2Fwp%2Fv2%2Fproduct_cat&post=42712"},{"taxonomy":"product_tag","embeddable":true,"href":"https:\/\/123-teezeit.de\/index.php?rest_route=%2Fwp%2Fv2%2Fproduct_tag&post=42712"}],"curies":[{"name":"wp","href":"https:\/\/api.w.org\/{rel}","templated":true}]}}