{"id":42776,"date":"2022-02-13T05:48:25","date_gmt":"2022-02-13T05:48:25","guid":{"rendered":"https:\/\/123-teezeit.de\/?product=senya-sypk-009c-teemaschinen-1415-cremefarbe"},"modified":"2023-04-10T12:00:25","modified_gmt":"2023-04-10T12:00:25","slug":"senya-sypk-009c-teemaschinen-1415-cremefarbe","status":"publish","type":"product","link":"https:\/\/123-teezeit.de\/?product=senya-sypk-009c-teemaschinen-1415-cremefarbe","title":{"rendered":"Senya SYPK-009C Teemaschinen, 1415, Cremefarbe"},"content":{"rendered":"<p>Schnelles Heizsystem (Heisswasser in 40 s) Maschine kann mit losem Tee oder Teebeuteln bef\u00fcllt werden<br \/>\nDer Tee zieht direkt in Ihrer Tasse und wird in weniger als 3 Minuten serviert, 2 F\u00fcllvolumen nach Wahl je nach Gr\u00f6\u00dfe Ihrer Tasse<br \/>\nLes 2 Marmottes ist eine franz\u00f6sische Marke f\u00fcr 100% Kr\u00e4utertees und Tee<br \/>\nLot von zwei Boxen zur Verf\u00fcgung gestellt: Infusion Des Marmottes und Thymian sind vorhanden. 30 Beutel pro Karton<br \/>\n<div class=\"main-cross-sell\" data-asin=\"B0817159BM\">\n\n\t<div class=\"WooZone-cross-sell-loader\">\n\t\t<div>\n\t\t\t<div id=\"floatingBarsG\">\n\t\t\t\t<div class=\"blockG\" id=\"rotateG_01\"><\/div>\n\t\t\t\t<div class=\"blockG\" id=\"rotateG_02\"><\/div>\n\t\t\t\t<div class=\"blockG\" id=\"rotateG_03\"><\/div>\n\t\t\t\t<div class=\"blockG\" id=\"rotateG_04\"><\/div>\n\t\t\t\t<div class=\"blockG\" id=\"rotateG_05\"><\/div>\n\t\t\t\t<div class=\"blockG\" id=\"rotateG_06\"><\/div>\n\t\t\t\t<div class=\"blockG\" id=\"rotateG_07\"><\/div>\n\t\t\t\t<div class=\"blockG\" id=\"rotateG_08\"><\/div>\n\t\t\t<\/div>\n\t\t\t<div class=\"WooZone-cross-sell-loader-text\"><\/div>\n\t\t<\/div>\n\t<\/div>\n\n\t\t\n<\/div>\n<div style=\"clear:both;\"><\/div><\/p>\n","protected":false},"excerpt":{"rendered":"<p>Schnelles Heizsystem (Heisswasser in 40 s) Maschine kann mit losem Tee oder Teebeuteln bef\u00fcllt werden<br \/>\nDer Tee zieht direkt in Ihrer Tasse und wird in weniger als 3 Minuten serviert, 2 F\u00fcllvolumen nach Wahl je nach Gr\u00f6\u00dfe Ihrer Tasse<br \/>\nLes 2 Marmottes ist eine franz\u00f6sische Marke f\u00fcr 100% Kr\u00e4utertees und Tee<\/p>\n","protected":false},"featured_media":42777,"comment_status":"open","ping_status":"closed","template":"","meta":[],"product_brand":[],"product_cat":[98,60],"product_tag":[],"class_list":{"0":"post-42776","1":"product","2":"type-product","3":"status-publish","4":"has-post-thumbnail","6":"product_cat-teekocher","7":"product_cat-zubehoer","8":"pa_amazon-bestseller-rang-nr-1441078-in-kueche-haushalt-wohnen-siehe-top-100-in-kueche-haushalt-wohnen-nr-33600-in-elektrische-kuechengeraete","9":"pa_artikelgewicht-3-kg","10":"pa_durchschnittliche-kundenbewer-45-von-5-sternen-28-sternebewertungen-45-von-5-sternen","11":"pa_farbe-cremefarbe","12":"pa_fassungsvermoegen-550-milliliter","13":"pa_im-angebot-von-amazon-de-seit-26-dezember-2019","14":"pa_leistung-1415-watt","15":"pa_marke-senya","16":"pa_modellnummer-sypk-009c","17":"pa_verpackungsabmessungen-45-x-45-x-40-cm-3-kilogramm","19":"first","20":"instock","21":"shipping-taxable","22":"purchasable","23":"product-type-simple"},"_links":{"self":[{"href":"https:\/\/123-teezeit.de\/index.php?rest_route=\/wp\/v2\/product\/42776","targetHints":{"allow":["GET"]}}],"collection":[{"href":"https:\/\/123-teezeit.de\/index.php?rest_route=\/wp\/v2\/product"}],"about":[{"href":"https:\/\/123-teezeit.de\/index.php?rest_route=\/wp\/v2\/types\/product"}],"replies":[{"embeddable":true,"href":"https:\/\/123-teezeit.de\/index.php?rest_route=%2Fwp%2Fv2%2Fcomments&post=42776"}],"wp:featuredmedia":[{"embeddable":true,"href":"https:\/\/123-teezeit.de\/index.php?rest_route=\/wp\/v2\/media\/42777"}],"wp:attachment":[{"href":"https:\/\/123-teezeit.de\/index.php?rest_route=%2Fwp%2Fv2%2Fmedia&parent=42776"}],"wp:term":[{"taxonomy":"product_brand","embeddable":true,"href":"https:\/\/123-teezeit.de\/index.php?rest_route=%2Fwp%2Fv2%2Fproduct_brand&post=42776"},{"taxonomy":"product_cat","embeddable":true,"href":"https:\/\/123-teezeit.de\/index.php?rest_route=%2Fwp%2Fv2%2Fproduct_cat&post=42776"},{"taxonomy":"product_tag","embeddable":true,"href":"https:\/\/123-teezeit.de\/index.php?rest_route=%2Fwp%2Fv2%2Fproduct_tag&post=42776"}],"curies":[{"name":"wp","href":"https:\/\/api.w.org\/{rel}","templated":true}]}}