{"id":42784,"date":"2022-02-13T05:48:35","date_gmt":"2022-02-13T05:48:35","guid":{"rendered":"https:\/\/123-teezeit.de\/?product=arzum-cayci-klasik-teemaschine"},"modified":"2023-04-10T12:00:25","modified_gmt":"2023-04-10T12:00:25","slug":"arzum-cayci-klasik-teemaschine","status":"publish","type":"product","link":"https:\/\/123-teezeit.de\/?product=arzum-cayci-klasik-teemaschine","title":{"rendered":"Arzum Cayci Klasik Teemaschine"},"content":{"rendered":"<p><!-- show up to 2 reviews by default --> <\/p>\n<p><span>Artikelbezeichnung: Arzum elektrischer Teekocher Cayci Klassik<\/span><\/p>\n<\/p>\n<p><span>Marke: Arzum<\/span><\/p>\n<\/p>\n<p><span>Material: Edelstahl<\/span><\/p>\n<\/p>\n<p><span>Farbe: Edelstahl<br \/><\/span><\/p>\n<\/p>\n<p><span>Abmessung: 22 x 34 x 22 cm<\/span><\/p>\n<\/p>\n<p><span>Lieferumfang: 1 x Arzum elektrischer Teekocher Cayci Klassik<\/span><\/p>\n<\/p>\n<p><span>Artikelnummer: AR 310<\/span><\/p>\n<\/p>\n<p><span>weitere Details:<\/span><\/p>\n<p><span>-Gewicht: 2,1 Kg<\/span><\/p>\n<p><span>-Leistung: 1650 Watt<\/span><\/p>\n<p><span>-Warmhalteschalter (Ein\/Aus Schalter)<\/span><\/p>\n<p><span>-Wasserkocherplatte aus Edelstahl und versteckte Resistenz<\/span><\/p>\n<p><span>-1,9 Liter + 0,7 Liter Speicherkapazit\u00e4t<\/span><\/p>\n<p><span>-Drehbar um 360\u00b0<\/span><\/p>\n<p><span>-Kabelloser Einsatz<\/span><\/p>\n<p><span>-Edelstahlfilter<\/span><\/p>\n<p><span>-90% Energiesparung<\/span><\/p>\n<p><span>-Doppelwiderstand<\/span><\/p>\n<p><span>-Wasserstandanzeige<\/span><\/p>\n<\/p>\n<p><span>Die t\u00fcrkische Teemaschine von Arzum erm\u00f6glicht Ihnen innerhalb von wenigen Minuten, Ihren Teetraum auf jegliche Art zu verwirklichen.<\/span><\/p>\n<\/p>\n<p>Arzum elektrischer Teekocher Cayci Klassik AR310 K\u00fcche &#8211; Arzum 2.6 lt \u00c7ayc\u0131 Klasik \u00c7ay Makinesi &#8211; Siyah<br \/>\nMarke: Arzum Material: Edelstahl<br \/>\nFarbe: Edelstahl<br \/>\nAbmessung: 22 x 34 x 22 cm<br \/>\nweitere Details: Gewicht: 2,1 Kg -Leistung: 1650 Watt -Warmhalteschalter (Ein\/Aus Schalter) -Wasserkocherplatte aus Edelstahl und versteckte Resistenz -1,9 Liter + 0,7 Liter Speicherkapazit\u00e4t -Drehbar um 360\u00b0 -Kabelloser Einsatz -Edelstahlfilter -90% Energiesparung -Doppelwiderstand -Wasserstandanzeige<br \/>\n<div class=\"main-cross-sell\" data-asin=\"B006FSRBKS\">\n\n\t<div class=\"WooZone-cross-sell-loader\">\n\t\t<div>\n\t\t\t<div id=\"floatingBarsG\">\n\t\t\t\t<div class=\"blockG\" id=\"rotateG_01\"><\/div>\n\t\t\t\t<div class=\"blockG\" id=\"rotateG_02\"><\/div>\n\t\t\t\t<div class=\"blockG\" id=\"rotateG_03\"><\/div>\n\t\t\t\t<div class=\"blockG\" id=\"rotateG_04\"><\/div>\n\t\t\t\t<div class=\"blockG\" id=\"rotateG_05\"><\/div>\n\t\t\t\t<div class=\"blockG\" id=\"rotateG_06\"><\/div>\n\t\t\t\t<div class=\"blockG\" id=\"rotateG_07\"><\/div>\n\t\t\t\t<div class=\"blockG\" id=\"rotateG_08\"><\/div>\n\t\t\t<\/div>\n\t\t\t<div class=\"WooZone-cross-sell-loader-text\"><\/div>\n\t\t<\/div>\n\t<\/div>\n\n\t\t\n<\/div>\n<div style=\"clear:both;\"><\/div><\/p>\n","protected":false},"excerpt":{"rendered":"<p>Arzum elektrischer Teekocher Cayci Klassik AR310 K\u00fcche &#8211; Arzum 2.6 lt \u00c7ayc\u0131 Klasik \u00c7ay Makinesi &#8211; Siyah<br \/>\nMarke: Arzum Material: Edelstahl<br \/>\nFarbe: Edelstahl<\/p>\n","protected":false},"featured_media":42785,"comment_status":"open","ping_status":"closed","template":"","meta":[],"product_brand":[],"product_cat":[98,60],"product_tag":[],"class_list":{"0":"post-42784","1":"product","2":"type-product","3":"status-publish","4":"has-post-thumbnail","6":"product_cat-teekocher","7":"product_cat-zubehoer","8":"pa_amazon-bestseller-rang-nr-951982-in-kueche-haushalt-wohnen-siehe-top-100-in-kueche-haushalt-wohnen-nr-2481-in-teemaschinen-teekocher","9":"pa_artikelgewicht-2-1-kg","10":"pa_durchschnittliche-kundenbewer-37-von-5-sternen-14-sternebewertungen-37-von-5-sternen","11":"pa_farbe-silber","12":"pa_im-angebot-von-amazon-de-seit-29-november-2011","13":"pa_leistung-1650-watt","14":"pa_marke-arzum","15":"pa_modellnummer-ar-310","16":"pa_produktabmessungen-22-x-22-x-34-01-cm-2-1-kilogramm","18":"first","19":"instock","20":"shipping-taxable","21":"purchasable","22":"product-type-simple"},"_links":{"self":[{"href":"https:\/\/123-teezeit.de\/index.php?rest_route=\/wp\/v2\/product\/42784","targetHints":{"allow":["GET"]}}],"collection":[{"href":"https:\/\/123-teezeit.de\/index.php?rest_route=\/wp\/v2\/product"}],"about":[{"href":"https:\/\/123-teezeit.de\/index.php?rest_route=\/wp\/v2\/types\/product"}],"replies":[{"embeddable":true,"href":"https:\/\/123-teezeit.de\/index.php?rest_route=%2Fwp%2Fv2%2Fcomments&post=42784"}],"wp:featuredmedia":[{"embeddable":true,"href":"https:\/\/123-teezeit.de\/index.php?rest_route=\/wp\/v2\/media\/42785"}],"wp:attachment":[{"href":"https:\/\/123-teezeit.de\/index.php?rest_route=%2Fwp%2Fv2%2Fmedia&parent=42784"}],"wp:term":[{"taxonomy":"product_brand","embeddable":true,"href":"https:\/\/123-teezeit.de\/index.php?rest_route=%2Fwp%2Fv2%2Fproduct_brand&post=42784"},{"taxonomy":"product_cat","embeddable":true,"href":"https:\/\/123-teezeit.de\/index.php?rest_route=%2Fwp%2Fv2%2Fproduct_cat&post=42784"},{"taxonomy":"product_tag","embeddable":true,"href":"https:\/\/123-teezeit.de\/index.php?rest_route=%2Fwp%2Fv2%2Fproduct_tag&post=42784"}],"curies":[{"name":"wp","href":"https:\/\/api.w.org\/{rel}","templated":true}]}}