{"id":42977,"date":"2022-02-13T05:57:54","date_gmt":"2022-02-13T05:57:54","guid":{"rendered":"https:\/\/123-teezeit.de\/?product=arcelik-cm-6964-k-resital-schwarz-kiefer-teemaschine"},"modified":"2023-04-10T12:30:28","modified_gmt":"2023-04-10T12:30:28","slug":"arcelik-cm-6964-k-resital-schwarz-kiefer-teemaschine","status":"publish","type":"product","link":"https:\/\/123-teezeit.de\/?product=arcelik-cm-6964-k-resital-schwarz-kiefer-teemaschine","title":{"rendered":"Ar\u00e7elik CM 6964 K Resital (SCHWARZ) Kiefer Teemaschine"},"content":{"rendered":"<p><!-- show up to 2 reviews by default --><br \/>\n{Allgemeine Merkmale} Leistung 1900 W. Teekannenkapazit\u00e4t 0,8 l Wasserkocher Kapazit\u00e4t 2 L. Teekanne Material Glas Produktfarbe rot, schwarz, wei\u00df Wasserkocher Material Glas Doppelte Heizung Wasserstandsanzeige verf\u00fcgbar Automatische Abschaltung Das Produkt enth\u00e4lt LED-Beleuchtung Warm halten Edelstahl-Zunderfilter<br \/>\n{Ma\u00dfe} Gewicht 1,669 kg H\u00f6he 41 cm Tiefe 22 cm Breite 22 cm<br \/>\n{Andere} Hat einen Kalkfilter Drahtlose 360 \u200b\u200b\u00b0 -Drehung Beleuchtete Ein \/ Aus-Taste Drahtlose Nutzung m\u00f6glich Versteckter Widerstand Versteckt<br \/>\n{Video} https:\/\/www.youtube.com\/watch?v=-DE-9CyOo6c<br \/>\n<div class=\"main-cross-sell\" data-asin=\"B08PD8K1TN\">\n\n\t<div class=\"WooZone-cross-sell-loader\">\n\t\t<div>\n\t\t\t<div id=\"floatingBarsG\">\n\t\t\t\t<div class=\"blockG\" id=\"rotateG_01\"><\/div>\n\t\t\t\t<div class=\"blockG\" id=\"rotateG_02\"><\/div>\n\t\t\t\t<div class=\"blockG\" id=\"rotateG_03\"><\/div>\n\t\t\t\t<div class=\"blockG\" id=\"rotateG_04\"><\/div>\n\t\t\t\t<div class=\"blockG\" id=\"rotateG_05\"><\/div>\n\t\t\t\t<div class=\"blockG\" id=\"rotateG_06\"><\/div>\n\t\t\t\t<div class=\"blockG\" id=\"rotateG_07\"><\/div>\n\t\t\t\t<div class=\"blockG\" id=\"rotateG_08\"><\/div>\n\t\t\t<\/div>\n\t\t\t<div class=\"WooZone-cross-sell-loader-text\"><\/div>\n\t\t<\/div>\n\t<\/div>\n\n\t\t\n<\/div>\n<div style=\"clear:both;\"><\/div><\/p>\n","protected":false},"excerpt":{"rendered":"<p>{Allgemeine Merkmale} Leistung 1900 W. Teekannenkapazit\u00e4t 0,8 l Wasserkocher Kapazit\u00e4t 2 L. Teekanne Material Glas Produktfarbe rot, schwarz, wei\u00df Wasserkocher Material Glas Doppelte Heizung Wasserstandsanzeige verf\u00fcgbar Automatische Abschaltung Das Produkt enth\u00e4lt LED-Beleuchtung Warm halten Edelstahl-Zunderfilter<br \/>\n{Ma\u00dfe} Gewicht 1,669 kg H\u00f6he 41 cm Tiefe 22 cm Breite 22 cm<br \/>\n{Andere} Hat einen Kalkfilter Drahtlose 360 \u200b\u200b\u00b0 -Drehung Beleuchtete Ein \/ Aus-Taste Drahtlose Nutzung m\u00f6glich Versteckter Widerstand Versteckt<\/p>\n","protected":false},"featured_media":42978,"comment_status":"open","ping_status":"closed","template":"","meta":[],"product_brand":[],"product_cat":[98,60],"product_tag":[],"class_list":{"0":"post-42977","1":"product","2":"type-product","3":"status-publish","4":"has-post-thumbnail","6":"product_cat-teekocher","7":"product_cat-zubehoer","8":"pa_amazon-bestseller-rang-nr-1336154-in-kueche-haushalt-wohnen-siehe-top-100-in-kueche-haushalt-wohnen-nr-2217-in-wasserkocher","9":"pa_artikelgewicht-1-7-kg","10":"pa_automatische-abschaltung-ja","11":"pa_durchschnittliche-kundenbewer-35-von-5-sternen-6-sternebewertungen-35-von-5-sternen","12":"pa_farbe-schwarz","13":"pa_fassungsvermoegen-2-liter-0-8-liter","14":"pa_im-angebot-von-amazon-de-seit-1-dezember-2020","15":"pa_leistung-1900-watt","16":"pa_marke-arcelik","18":"first","19":"instock","20":"shipping-taxable","21":"purchasable","22":"product-type-simple"},"_links":{"self":[{"href":"https:\/\/123-teezeit.de\/index.php?rest_route=\/wp\/v2\/product\/42977","targetHints":{"allow":["GET"]}}],"collection":[{"href":"https:\/\/123-teezeit.de\/index.php?rest_route=\/wp\/v2\/product"}],"about":[{"href":"https:\/\/123-teezeit.de\/index.php?rest_route=\/wp\/v2\/types\/product"}],"replies":[{"embeddable":true,"href":"https:\/\/123-teezeit.de\/index.php?rest_route=%2Fwp%2Fv2%2Fcomments&post=42977"}],"wp:featuredmedia":[{"embeddable":true,"href":"https:\/\/123-teezeit.de\/index.php?rest_route=\/wp\/v2\/media\/42978"}],"wp:attachment":[{"href":"https:\/\/123-teezeit.de\/index.php?rest_route=%2Fwp%2Fv2%2Fmedia&parent=42977"}],"wp:term":[{"taxonomy":"product_brand","embeddable":true,"href":"https:\/\/123-teezeit.de\/index.php?rest_route=%2Fwp%2Fv2%2Fproduct_brand&post=42977"},{"taxonomy":"product_cat","embeddable":true,"href":"https:\/\/123-teezeit.de\/index.php?rest_route=%2Fwp%2Fv2%2Fproduct_cat&post=42977"},{"taxonomy":"product_tag","embeddable":true,"href":"https:\/\/123-teezeit.de\/index.php?rest_route=%2Fwp%2Fv2%2Fproduct_tag&post=42977"}],"curies":[{"name":"wp","href":"https:\/\/api.w.org\/{rel}","templated":true}]}}