{"id":42985,"date":"2022-02-13T05:57:59","date_gmt":"2022-02-13T05:57:59","guid":{"rendered":"https:\/\/123-teezeit.de\/?product=arzum-cayci-eco-inox"},"modified":"2023-04-10T12:30:28","modified_gmt":"2023-04-10T12:30:28","slug":"arzum-cayci-eco-inox","status":"publish","type":"product","link":"https:\/\/123-teezeit.de\/?product=arzum-cayci-eco-inox","title":{"rendered":"Arzum AR3072 Cayc\u0131 Teekocher, T\u00fcrkische Teekanne, Eco INOX Teamashinen, Edelstahl, 1,7 Liter \u2013 Schwarz"},"content":{"rendered":"<p><!-- show up to 2 reviews by default --> <\/p>\n<h3> <span>Produktbeschreibung<\/span> <\/h3>\n<p> <span>Arzum Cayci Eco Stainless Steel Tea Maschine<\/span> <\/p>\n<h3> <span>Rechtliche Hinweise<\/span> <\/h3>\n<p> <span>Dieser hochwertige Edelstahl Wasserkocher ist ein 2-teiliges Ger\u00e4t, welches langlebend und sehr \u00fcberzeugend ist. Die Teemaschine hat ein automatisches Kochsystem, was hei\u00dft, dass der Kochvorgang automatisch aufh\u00f6rt, wenn das Wasser fertiggekocht ist, um jegliche Unf\u00e4lle oder \u00e4hnliches zu vermeiden. Des Weiteren hat der Wasserkocher eine Rotlichtanzeige und eine Gr\u00fcnlichtanzeige. Wenn das Wasser kocht, leuchtet das Rotlicht. Wenn der Kochvorgang jedoch beendet ist, wechselt das Ger\u00e4t in den Energiesparmodus, was hei\u00dft, dass das Wasser nun vom Ger\u00e4t warmgehalten wird und 90% der Energie spart, wodurch das gr\u00fcne Licht leuchtet. Der Wasserkocher hat eine Gesamtkapazit\u00e4t von ca. 2,7 L. Der Obere Wasserkessel hat eine Kapazit\u00e4t von 1,0L und der untere Kessel eine von 1,7L. Au\u00dferdem sind die Wasserkessel 180\u00b0 rotierbar und sehr handlich, da die Kessel kabellos sind. Der Wasserkocher ist in dem modernen Edelstahl Design in der Farbe Hochwertige Edelstahl erh\u00e4ltlich und w\u00fcrde in jeden K\u00fcchenhaushalt perfekt hineinpassen.<\/span> <\/p>\n<p>Teemaschine<br \/>\nTea Maker<br \/>\n<div class=\"main-cross-sell\" data-asin=\"B07ZKQ9JK8\">\n\n\t<div class=\"WooZone-cross-sell-loader\">\n\t\t<div>\n\t\t\t<div id=\"floatingBarsG\">\n\t\t\t\t<div class=\"blockG\" id=\"rotateG_01\"><\/div>\n\t\t\t\t<div class=\"blockG\" id=\"rotateG_02\"><\/div>\n\t\t\t\t<div class=\"blockG\" id=\"rotateG_03\"><\/div>\n\t\t\t\t<div class=\"blockG\" id=\"rotateG_04\"><\/div>\n\t\t\t\t<div class=\"blockG\" id=\"rotateG_05\"><\/div>\n\t\t\t\t<div class=\"blockG\" id=\"rotateG_06\"><\/div>\n\t\t\t\t<div class=\"blockG\" id=\"rotateG_07\"><\/div>\n\t\t\t\t<div class=\"blockG\" id=\"rotateG_08\"><\/div>\n\t\t\t<\/div>\n\t\t\t<div class=\"WooZone-cross-sell-loader-text\"><\/div>\n\t\t<\/div>\n\t<\/div>\n\n\t\t\n<\/div>\n<div style=\"clear:both;\"><\/div><\/p>\n","protected":false},"excerpt":{"rendered":"<p>Teemaschine<br \/>\nTea Maker<\/p>\n","protected":false},"featured_media":42986,"comment_status":"open","ping_status":"closed","template":"","meta":[],"product_brand":[],"product_cat":[98,60],"product_tag":[],"class_list":{"0":"post-42985","1":"product","2":"type-product","3":"status-publish","4":"has-post-thumbnail","6":"product_cat-teekocher","7":"product_cat-zubehoer","8":"pa_amazon-bestseller-rang-nr-59189-in-kueche-haushalt-wohnen-siehe-top-100-in-kueche-haushalt-wohnen-nr-12-in-teemaschinen","9":"pa_artikelgewicht-1-76-kg","10":"pa_durchschnittliche-kundenbewer-38-von-5-sternen-62-sternebewertungen-38-von-5-sternen","11":"pa_fassungsvermoegen-1-7-liter","12":"pa_im-angebot-von-amazon-de-seit-15-januar-2019","13":"pa_leistung-2200-watt","14":"pa_marke-arzum","15":"pa_modellnummer-ar3072","16":"pa_verpackungsabmessungen-34-8-x-22-4-x-17-6-cm-1-76-kilogramm","18":"first","19":"instock","20":"shipping-taxable","21":"purchasable","22":"product-type-simple"},"_links":{"self":[{"href":"https:\/\/123-teezeit.de\/index.php?rest_route=\/wp\/v2\/product\/42985","targetHints":{"allow":["GET"]}}],"collection":[{"href":"https:\/\/123-teezeit.de\/index.php?rest_route=\/wp\/v2\/product"}],"about":[{"href":"https:\/\/123-teezeit.de\/index.php?rest_route=\/wp\/v2\/types\/product"}],"replies":[{"embeddable":true,"href":"https:\/\/123-teezeit.de\/index.php?rest_route=%2Fwp%2Fv2%2Fcomments&post=42985"}],"wp:featuredmedia":[{"embeddable":true,"href":"https:\/\/123-teezeit.de\/index.php?rest_route=\/wp\/v2\/media\/42986"}],"wp:attachment":[{"href":"https:\/\/123-teezeit.de\/index.php?rest_route=%2Fwp%2Fv2%2Fmedia&parent=42985"}],"wp:term":[{"taxonomy":"product_brand","embeddable":true,"href":"https:\/\/123-teezeit.de\/index.php?rest_route=%2Fwp%2Fv2%2Fproduct_brand&post=42985"},{"taxonomy":"product_cat","embeddable":true,"href":"https:\/\/123-teezeit.de\/index.php?rest_route=%2Fwp%2Fv2%2Fproduct_cat&post=42985"},{"taxonomy":"product_tag","embeddable":true,"href":"https:\/\/123-teezeit.de\/index.php?rest_route=%2Fwp%2Fv2%2Fproduct_tag&post=42985"}],"curies":[{"name":"wp","href":"https:\/\/api.w.org\/{rel}","templated":true}]}}