{"id":43004,"date":"2022-02-13T05:58:10","date_gmt":"2022-02-13T05:58:10","guid":{"rendered":"https:\/\/123-teezeit.de\/?product=finum-tea-control-black-800-ml"},"modified":"2023-04-10T12:30:29","modified_gmt":"2023-04-10T12:30:29","slug":"finum-tea-control-black-800-ml","status":"publish","type":"product","link":"https:\/\/123-teezeit.de\/?product=finum-tea-control-black-800-ml","title":{"rendered":"finum\u00ae TEA CONTROL 0,8 Liter (800 ml) &#8211; Glas Teekanne mit Edelstahlsteg, Siebeinsatz &amp; Filzuntersetzer, Glaskanne Tee\u2026"},"content":{"rendered":"<p>PATENTIERTE BR\u00dcHKONTROLLE: Die finum TEA CONTROL Kanne erm\u00f6glicht ein kontrolliertes Br\u00fchen des Lieblingstees durch einfaches Drehen des Deckels. Schnell &amp; unkompliziert ohne bitteren Geschmack des Tees<br \/>\nHOCHWERTIGER DREHGRIFF AUS EDELSTAHL: Das patentierte Tee-Kannen-Br\u00fchkontrollsystem l\u00e4sst sich dank dem Deckelgriff aus Edelstahl einfach kontrollieren und \u00fcberzeugt durch stilvolle Haptik &amp; Optik<br \/>\nIDEAL F\u00dcR LOSE BLATT-TEESORTEN: Der TEA CONTROL Filter erm\u00f6glicht ein mehrmaliges Aufgie\u00dfen des Tees dank des intelligenten Filtersystems. Nie wieder kleckern oder tropfen, bei der Zubereitung<br \/>\nHergestellt in Deutschland &amp; EUROPE: Sowohl der patentierte finum Filter mit Br\u00fchkontrolle als auch das extrem hitzebest\u00e4ndige Borosilikat-Glas eignen sich ideal f\u00fcr die Hotellerie &amp; Gastronomie<br \/>\nINFOS: Der TEA CONTROL mit Deckelgriff aus Edelstahl hat ein Fassungsverm\u00f6gen von 800 ml (0, 8 L). Die Kanne ist BPA-frei, geschmacksneutral &amp; sp\u00fclmaschinenfest. Glas Hergestellt in EU, Filter Hergestellt in Deutschland<br \/>\n<div class=\"main-cross-sell\" data-asin=\"B085427MS3\">\n\n\t<div class=\"WooZone-cross-sell-loader\">\n\t\t<div>\n\t\t\t<div id=\"floatingBarsG\">\n\t\t\t\t<div class=\"blockG\" id=\"rotateG_01\"><\/div>\n\t\t\t\t<div class=\"blockG\" id=\"rotateG_02\"><\/div>\n\t\t\t\t<div class=\"blockG\" id=\"rotateG_03\"><\/div>\n\t\t\t\t<div class=\"blockG\" id=\"rotateG_04\"><\/div>\n\t\t\t\t<div class=\"blockG\" id=\"rotateG_05\"><\/div>\n\t\t\t\t<div class=\"blockG\" id=\"rotateG_06\"><\/div>\n\t\t\t\t<div class=\"blockG\" id=\"rotateG_07\"><\/div>\n\t\t\t\t<div class=\"blockG\" id=\"rotateG_08\"><\/div>\n\t\t\t<\/div>\n\t\t\t<div class=\"WooZone-cross-sell-loader-text\"><\/div>\n\t\t<\/div>\n\t<\/div>\n\n\t\t\n<\/div>\n<div style=\"clear:both;\"><\/div><\/p>\n","protected":false},"excerpt":{"rendered":"<p>PATENTIERTE BR\u00dcHKONTROLLE: Die finum TEA CONTROL Kanne erm\u00f6glicht ein kontrolliertes Br\u00fchen des Lieblingstees durch einfaches Drehen des Deckels. Schnell &amp; unkompliziert ohne bitteren Geschmack des Tees<br \/>\nHOCHWERTIGER DREHGRIFF AUS EDELSTAHL: Das patentierte Tee-Kannen-Br\u00fchkontrollsystem l\u00e4sst sich dank dem Deckelgriff aus Edelstahl einfach kontrollieren und \u00fcberzeugt durch stilvolle Haptik &amp; Optik<br \/>\nIDEAL F\u00dcR LOSE BLATT-TEESORTEN: Der TEA CONTROL Filter erm\u00f6glicht ein mehrmaliges Aufgie\u00dfen des Tees dank des intelligenten Filtersystems. Nie wieder kleckern oder tropfen, bei der Zubereitung<\/p>\n","protected":false},"featured_media":43005,"comment_status":"open","ping_status":"closed","template":"","meta":[],"product_brand":[],"product_cat":[98,60],"product_tag":[],"class_list":{"0":"post-43004","1":"product","2":"type-product","3":"status-publish","4":"has-post-thumbnail","6":"product_cat-teekocher","7":"product_cat-zubehoer","8":"pa_amazon-bestseller-rang-nr-390667-in-kueche-haushalt-wohnen-siehe-top-100-in-kueche-haushalt-wohnen-nr-100-in-vakuumierer-fuer-einmachglaeser","9":"pa_batterien-erforderlich-nein","10":"pa_durchschnittliche-kundenbewer-45-von-5-sternen-4-sternebewertungen-45-von-5-sternen","11":"pa_im-angebot-von-amazon-de-seit-25-februar-2020","12":"pa_modellnummer-66-428-30-22","13":"pa_spuelmaschinengeeignet-ja","14":"pa_verpackungsabmessungen-14-6-x-13-4-x-12-4-cm-450-gramm","16":"first","17":"instock","18":"shipping-taxable","19":"purchasable","20":"product-type-simple"},"_links":{"self":[{"href":"https:\/\/123-teezeit.de\/index.php?rest_route=\/wp\/v2\/product\/43004","targetHints":{"allow":["GET"]}}],"collection":[{"href":"https:\/\/123-teezeit.de\/index.php?rest_route=\/wp\/v2\/product"}],"about":[{"href":"https:\/\/123-teezeit.de\/index.php?rest_route=\/wp\/v2\/types\/product"}],"replies":[{"embeddable":true,"href":"https:\/\/123-teezeit.de\/index.php?rest_route=%2Fwp%2Fv2%2Fcomments&post=43004"}],"wp:featuredmedia":[{"embeddable":true,"href":"https:\/\/123-teezeit.de\/index.php?rest_route=\/wp\/v2\/media\/43005"}],"wp:attachment":[{"href":"https:\/\/123-teezeit.de\/index.php?rest_route=%2Fwp%2Fv2%2Fmedia&parent=43004"}],"wp:term":[{"taxonomy":"product_brand","embeddable":true,"href":"https:\/\/123-teezeit.de\/index.php?rest_route=%2Fwp%2Fv2%2Fproduct_brand&post=43004"},{"taxonomy":"product_cat","embeddable":true,"href":"https:\/\/123-teezeit.de\/index.php?rest_route=%2Fwp%2Fv2%2Fproduct_cat&post=43004"},{"taxonomy":"product_tag","embeddable":true,"href":"https:\/\/123-teezeit.de\/index.php?rest_route=%2Fwp%2Fv2%2Fproduct_tag&post=43004"}],"curies":[{"name":"wp","href":"https:\/\/api.w.org\/{rel}","templated":true}]}}