{"id":43016,"date":"2022-02-13T06:02:55","date_gmt":"2022-02-13T06:02:55","guid":{"rendered":"https:\/\/123-teezeit.de\/?product=basilur-green-tea-gruener-teefruehlingstee-aufgussbeutel"},"modified":"2023-04-10T12:30:29","modified_gmt":"2023-04-10T12:30:29","slug":"basilur-green-tea-gruener-teefruehlingstee-aufgussbeutel","status":"publish","type":"product","link":"https:\/\/123-teezeit.de\/?product=basilur-green-tea-gruener-teefruehlingstee-aufgussbeutel","title":{"rendered":"Basilur Green Tea Gr\u00fcner Tee&#8220;Fr\u00fchlingstee&#8220; Aufgu\u00dfbeutel"},"content":{"rendered":"<p><!-- show up to 2 reviews by default --> <\/p>\n<p> <span>Spring Tea BASILUR 100 % G\u00fcner Ceylon Tee mit Kiwist\u00fcckchen, Flockenblumen und japanischer Kirsche. <\/span><\/p>\n<p><span> Gewicht: Metalldose lose 125g<\/span><\/p>\n<\/p>\n<div class=\"main-cross-sell\" data-asin=\"B00ME9HMME\">\n\n\t<div class=\"WooZone-cross-sell-loader\">\n\t\t<div>\n\t\t\t<div id=\"floatingBarsG\">\n\t\t\t\t<div class=\"blockG\" id=\"rotateG_01\"><\/div>\n\t\t\t\t<div class=\"blockG\" id=\"rotateG_02\"><\/div>\n\t\t\t\t<div class=\"blockG\" id=\"rotateG_03\"><\/div>\n\t\t\t\t<div class=\"blockG\" id=\"rotateG_04\"><\/div>\n\t\t\t\t<div class=\"blockG\" id=\"rotateG_05\"><\/div>\n\t\t\t\t<div class=\"blockG\" id=\"rotateG_06\"><\/div>\n\t\t\t\t<div class=\"blockG\" id=\"rotateG_07\"><\/div>\n\t\t\t\t<div class=\"blockG\" id=\"rotateG_08\"><\/div>\n\t\t\t<\/div>\n\t\t\t<div class=\"WooZone-cross-sell-loader-text\"><\/div>\n\t\t<\/div>\n\t<\/div>\n\n\t\t\n<\/div>\n<div style=\"clear:both;\"><\/div>\n","protected":false},"excerpt":{"rendered":"<p>Spring Tea BASILUR 100 % G\u00fcner Ceylon Tee mit Kiwist\u00fcckchen, Flockenblumen und japanischer Kirsche. Gewicht: Metalldose lose 125g<\/p>\n","protected":false},"featured_media":43017,"comment_status":"open","ping_status":"closed","template":"","meta":[],"product_brand":[],"product_cat":[87],"product_tag":[],"class_list":{"0":"post-43016","1":"product","2":"type-product","3":"status-publish","4":"has-post-thumbnail","6":"product_cat-jahreszeiten-tee","7":"pa_amazon-bestseller-rang-nr-161156-in-lebensmittel-getraenke-siehe-top-100-in-lebensmittel-getraenke-nr-1997-in-gruener-tee","8":"pa_artikelgewicht-30-g","9":"pa_durchschnittliche-kundenbewer-50-von-5-sternen-2-sternebewertungen-50-von-5-sternen","10":"pa_format-lose-blaetter","11":"pa_hersteller-basilur","12":"pa_im-angebot-von-amazon-de-seit-16-september-2014","13":"pa_marke-basilur","14":"pa_netto-gewicht-40-gramm","15":"pa_produktbezeichnung-food","16":"pa_stueckzahl-40-0-gramm","17":"pa_verpackungsabmessungen-16-x-13-2-x-7-cm-30-gramm","19":"first","20":"instock","21":"shipping-taxable","22":"purchasable","23":"product-type-simple"},"_links":{"self":[{"href":"https:\/\/123-teezeit.de\/index.php?rest_route=\/wp\/v2\/product\/43016","targetHints":{"allow":["GET"]}}],"collection":[{"href":"https:\/\/123-teezeit.de\/index.php?rest_route=\/wp\/v2\/product"}],"about":[{"href":"https:\/\/123-teezeit.de\/index.php?rest_route=\/wp\/v2\/types\/product"}],"replies":[{"embeddable":true,"href":"https:\/\/123-teezeit.de\/index.php?rest_route=%2Fwp%2Fv2%2Fcomments&post=43016"}],"wp:featuredmedia":[{"embeddable":true,"href":"https:\/\/123-teezeit.de\/index.php?rest_route=\/wp\/v2\/media\/43017"}],"wp:attachment":[{"href":"https:\/\/123-teezeit.de\/index.php?rest_route=%2Fwp%2Fv2%2Fmedia&parent=43016"}],"wp:term":[{"taxonomy":"product_brand","embeddable":true,"href":"https:\/\/123-teezeit.de\/index.php?rest_route=%2Fwp%2Fv2%2Fproduct_brand&post=43016"},{"taxonomy":"product_cat","embeddable":true,"href":"https:\/\/123-teezeit.de\/index.php?rest_route=%2Fwp%2Fv2%2Fproduct_cat&post=43016"},{"taxonomy":"product_tag","embeddable":true,"href":"https:\/\/123-teezeit.de\/index.php?rest_route=%2Fwp%2Fv2%2Fproduct_tag&post=43016"}],"curies":[{"name":"wp","href":"https:\/\/api.w.org\/{rel}","templated":true}]}}