{"id":43034,"date":"2022-02-13T06:03:08","date_gmt":"2022-02-13T06:03:08","guid":{"rendered":"https:\/\/123-teezeit.de\/?product=sonnentor-bio-fruehlingskuss-kraeutertee-lose-2-x-80-gr"},"modified":"2023-04-10T12:30:29","modified_gmt":"2023-04-10T12:30:29","slug":"sonnentor-bio-fruehlingskuss-kraeutertee-lose-2-x-80-gr","status":"publish","type":"product","link":"https:\/\/123-teezeit.de\/?product=sonnentor-bio-fruehlingskuss-kraeutertee-lose-2-x-80-gr","title":{"rendered":"Sonnentor Bio Fr\u00fchlingskuss Kr\u00e4utertee lose (2 x 80 gr)"},"content":{"rendered":"<p><!-- show up to 2 reviews by default --> <\/p>\n<h3> <span>Produktbeschreibungen<\/span> <\/h3>\n<p> <span>Zertifizierung\/enEU Bio-Siegel<\/span> <\/p>\n<h3> <span>Inhaltsstoffe \/ Zutaten<\/span> <\/h3>\n<p> <span>Zitronengras , Pfefferminze , Himbeerbl\u00e4tter , Kardamom , S\u00fc\u00dfholz , Kornblumen rot , Rosenbl\u00fcten<\/span> <\/p>\n<div data-a-expander-name=\"toggle_description\" class=\"a-row a-expander-container a-expander-extend-container\">\n<div class=\"a-expander-content a-expander-extend-content\">\n<h3> <span>Anschrift Hersteller\/Importeur<\/span> <\/h3>\n<p> <span>Sonnentor Kr\u00e4uterhandelsgesellschaft m.b; Spr\u00f6gnitz; 3910 Zwettl<\/span> <\/p>\n<\/p><\/div>\n<p> <a data-csa-c-func-deps=\"aui-da-a-expander-toggle\" data-csa-c-type=\"widget\" data-csa-interaction-events=\"click\" role=\"button\" href=\"void(0)\" data-action=\"a-expander-toggle\" class=\"a-expander-header a-declarative a-expander-extend-header\" data-a-expander-toggle=\"{\"><i class=\"a-icon a-icon-extender-expand\"><\/i><span class=\"a-expander-prompt\">Mehr<\/span><\/a> <\/div>\n<p>Verpackungsmenge: (2 x 80 gr)<br \/>\nBio-Zertifizierung: EG-Bio<br \/>\n<div class=\"main-cross-sell\" data-asin=\"B06ZYRNP42\">\n\n\t<div class=\"WooZone-cross-sell-loader\">\n\t\t<div>\n\t\t\t<div id=\"floatingBarsG\">\n\t\t\t\t<div class=\"blockG\" id=\"rotateG_01\"><\/div>\n\t\t\t\t<div class=\"blockG\" id=\"rotateG_02\"><\/div>\n\t\t\t\t<div class=\"blockG\" id=\"rotateG_03\"><\/div>\n\t\t\t\t<div class=\"blockG\" id=\"rotateG_04\"><\/div>\n\t\t\t\t<div class=\"blockG\" id=\"rotateG_05\"><\/div>\n\t\t\t\t<div class=\"blockG\" id=\"rotateG_06\"><\/div>\n\t\t\t\t<div class=\"blockG\" id=\"rotateG_07\"><\/div>\n\t\t\t\t<div class=\"blockG\" id=\"rotateG_08\"><\/div>\n\t\t\t<\/div>\n\t\t\t<div class=\"WooZone-cross-sell-loader-text\"><\/div>\n\t\t<\/div>\n\t<\/div>\n\n\t\t\n<\/div>\n<div style=\"clear:both;\"><\/div><\/p>\n","protected":false},"excerpt":{"rendered":"<p>Verpackungsmenge: (2 x 80 gr)<br \/>\nBio-Zertifizierung: EG-Bio<\/p>\n","protected":false},"featured_media":43035,"comment_status":"open","ping_status":"closed","template":"","meta":[],"product_brand":[],"product_cat":[87],"product_tag":[],"class_list":{"0":"post-43034","1":"product","2":"type-product","3":"status-publish","4":"has-post-thumbnail","6":"product_cat-jahreszeiten-tee","7":"pa_amazon-bestseller-rang-nr-48705-in-lebensmittel-getraenke-siehe-top-100-in-lebensmittel-getraenke-nr-1929-in-kraeutertee","8":"pa_artikelgewicht-160-g","9":"pa_aufbewahrung-vor-waerme-geschuetzt-und-trocken-lagern","10":"pa_besonderheit-ohne-gentechnik-bio","11":"pa_durchschnittliche-kundenbewer-50-von-5-sternen-2-sternebewertungen-50-von-5-sternen","12":"pa_format-lose-blaetter","13":"pa_hersteller-sonnentor-kraeuterhandelsgesellschaft-m-b","14":"pa_im-angebot-von-amazon-de-seit-20-dezember-2018","15":"pa_jahrgang-nv","16":"pa_kontakt-zum-hersteller-sonnentor-kraeuterhandelsgesellschaft-m-b-sproegnitz-3910-zwettl","17":"pa_marke-sonnentor","18":"pa_netto-gewicht-160-gramm","19":"pa_produktbezeichnung-bio-kraeuter-gewuerzteemischung","20":"pa_stueckzahl-160-0-gramm","21":"pa_ursprungsland-der-primaeren-z-diverse-laender","22":"pa_verpackungsabmessungen-36-x-22-x-20-cm-160-gramm","23":"pa_zertifizierung-eg-bio","25":"first","26":"instock","27":"shipping-taxable","28":"purchasable","29":"product-type-simple"},"_links":{"self":[{"href":"https:\/\/123-teezeit.de\/index.php?rest_route=\/wp\/v2\/product\/43034","targetHints":{"allow":["GET"]}}],"collection":[{"href":"https:\/\/123-teezeit.de\/index.php?rest_route=\/wp\/v2\/product"}],"about":[{"href":"https:\/\/123-teezeit.de\/index.php?rest_route=\/wp\/v2\/types\/product"}],"replies":[{"embeddable":true,"href":"https:\/\/123-teezeit.de\/index.php?rest_route=%2Fwp%2Fv2%2Fcomments&post=43034"}],"wp:featuredmedia":[{"embeddable":true,"href":"https:\/\/123-teezeit.de\/index.php?rest_route=\/wp\/v2\/media\/43035"}],"wp:attachment":[{"href":"https:\/\/123-teezeit.de\/index.php?rest_route=%2Fwp%2Fv2%2Fmedia&parent=43034"}],"wp:term":[{"taxonomy":"product_brand","embeddable":true,"href":"https:\/\/123-teezeit.de\/index.php?rest_route=%2Fwp%2Fv2%2Fproduct_brand&post=43034"},{"taxonomy":"product_cat","embeddable":true,"href":"https:\/\/123-teezeit.de\/index.php?rest_route=%2Fwp%2Fv2%2Fproduct_cat&post=43034"},{"taxonomy":"product_tag","embeddable":true,"href":"https:\/\/123-teezeit.de\/index.php?rest_route=%2Fwp%2Fv2%2Fproduct_tag&post=43034"}],"curies":[{"name":"wp","href":"https:\/\/api.w.org\/{rel}","templated":true}]}}