{"id":43036,"date":"2022-02-13T06:12:24","date_gmt":"2022-02-13T06:12:24","guid":{"rendered":"https:\/\/123-teezeit.de\/?product=messmer-apfelstrudel-20-teebeutel-vegan-glutenfrei-laktosefrei"},"modified":"2023-04-10T12:30:29","modified_gmt":"2023-04-10T12:30:29","slug":"messmer-apfelstrudel-20-teebeutel-vegan-glutenfrei-laktosefrei","status":"publish","type":"product","link":"https:\/\/123-teezeit.de\/?product=messmer-apfelstrudel-20-teebeutel-vegan-glutenfrei-laktosefrei","title":{"rendered":"Me\u00dfmer Apfelstrudel | 18 Teebeutel | Vegan | Glutenfrei | Laktosefrei"},"content":{"rendered":"<p><!-- show up to 2 reviews by default --> <\/p>\n<h3> <span>Produktbeschreibung<\/span> <\/h3>\n<p> <span>Zeit f\u00fcr einen Moment Gelassenheit. Me\u00dfmer m\u00f6chte dich daran erinnern, das Leben ab und an etwas gelassener zu sehen. Daf\u00fcr haben wir mit viel Leidenschaft eine gro\u00dfe Auswahl wunderbarer Tees in bester Me\u00dfmer-Qualit\u00e4t kreiert. Entdecke unsere Vielfalt an Bio Tees oder L\u00e4ndertees, mit denen du dich genussvoll in ferne Welten tr\u00e4umen kannst oder unsere Fabelhaften Tees f\u00fcr deine besonderen Genuss-Momente. Eine gro\u00dfe Auswahl an lecker-s\u00fc\u00dfen Fr\u00fcchtetees oder unsere beliebten Kr\u00e4uter-, Gr\u00fcn-, und Schwarztee-Klassiker. Egal, welche Me\u00dfmer Tees deine Lieblingstees sind \u2013 genie\u00dfe sie mit allen SinnenDenn wir m\u00f6chten, dass du immer sagen kannst: Me\u00dfmer macht meinen Moment.<\/span> <\/p>\n<h3> <span>Inhaltsstoffe \/ Zutaten<\/span> <\/h3>\n<p> <span>Zutaten: \u00c4pfel (32%), Hagebutten, Aroma (Apfelstrudel), Orangenschalen, Steviabl\u00e4tter, Hibiskus, wei\u00dfer Hibiskus.<\/span> <\/p>\n<div data-a-expander-name=\"toggle_description\" class=\"a-row a-expander-container a-expander-extend-container\">\n<div class=\"a-expander-content a-expander-extend-content\">\n<h3> <span>Gebrauchsanweisung<\/span> <\/h3>\n<p> <span>Wichtiger Hinweis: Nehmen Sie f\u00fcr eine Tasse 1 Teebeutel und mindestens 4 Teebeutel f\u00fcr eine Kanne (1 l). Immer mit sprudelnd kochendem Wasser aufgie\u00dfen und mindestens 5 bis 8 Minuten ziehen lassen! Nur so erhalten Sie ein sicheres Lebensmittel!<\/span> <\/p>\n<h3> <span>Anschrift Hersteller\/Importeur<\/span> <\/h3>\n<p> <span>21218 Seevetal Deutschland<\/span> <\/p>\n<\/p><\/div>\n<p> <a data-csa-c-func-deps=\"aui-da-a-expander-toggle\" data-csa-c-type=\"widget\" data-csa-interaction-events=\"click\" role=\"button\" href=\"void(0)\" data-action=\"a-expander-toggle\" class=\"a-expander-header a-declarative a-expander-extend-header\" data-a-expander-toggle=\"{\"><i class=\"a-icon a-icon-extender-expand\"><\/i><span class=\"a-expander-prompt\">Mehr<\/span><\/a> <\/div>\n<p>Fr\u00fcchtetee mit Apfelstrudel-Aroma<br \/>\nDoppelkammerbeutel im Einzelkuvert<br \/>\nOhne Metallklammer<br \/>\nVeganes Produkt<br \/>\nVon Natur aus Gluten und Laktosefrei<br \/>\n<div class=\"main-cross-sell\" data-asin=\"B01MDKR1IK\">\n\n\t<div class=\"WooZone-cross-sell-loader\">\n\t\t<div>\n\t\t\t<div id=\"floatingBarsG\">\n\t\t\t\t<div class=\"blockG\" id=\"rotateG_01\"><\/div>\n\t\t\t\t<div class=\"blockG\" id=\"rotateG_02\"><\/div>\n\t\t\t\t<div class=\"blockG\" id=\"rotateG_03\"><\/div>\n\t\t\t\t<div class=\"blockG\" id=\"rotateG_04\"><\/div>\n\t\t\t\t<div class=\"blockG\" id=\"rotateG_05\"><\/div>\n\t\t\t\t<div class=\"blockG\" id=\"rotateG_06\"><\/div>\n\t\t\t\t<div class=\"blockG\" id=\"rotateG_07\"><\/div>\n\t\t\t\t<div class=\"blockG\" id=\"rotateG_08\"><\/div>\n\t\t\t<\/div>\n\t\t\t<div class=\"WooZone-cross-sell-loader-text\"><\/div>\n\t\t<\/div>\n\t<\/div>\n\n\t\t\n<\/div>\n<div style=\"clear:both;\"><\/div><\/p>\n","protected":false},"excerpt":{"rendered":"<p>Fr\u00fcchtetee mit Apfelstrudel-Aroma<br \/>\nDoppelkammerbeutel im Einzelkuvert<br \/>\nOhne Metallklammer<\/p>\n","protected":false},"featured_media":43037,"comment_status":"open","ping_status":"closed","template":"","meta":[],"product_brand":[],"product_cat":[87],"product_tag":[],"class_list":{"0":"post-43036","1":"product","2":"type-product","3":"status-publish","4":"has-post-thumbnail","6":"product_cat-jahreszeiten-tee","7":"pa_allergie-informationen-enthaelt-glutenfrei","8":"pa_amazon-bestseller-rang-nr-969-in-lebensmittel-getraenke-siehe-top-100-in-lebensmittel-getraenke-nr-10-in-fruechtetee","9":"pa_artikelgewicht-40-5-g","10":"pa_aufbewahrung-kuehl-und-trocken-lagern","11":"pa_besonderheit-vegan","12":"pa_durchschnittliche-kundenbewer-42-von-5-sternen-90-sternebewertungen-42-von-5-sternen","13":"pa_format-beutel","14":"pa_herkunftsland-deutschland","15":"pa_hersteller-ostfriesische-tee-gesellschaft-gmbh-co-kg","16":"pa_im-angebot-von-amazon-de-seit-24-januar-2017","17":"pa_kontakt-zum-hersteller-21218-seevetal-deutschland","18":"pa_marke-messmer","19":"pa_netto-gewicht-40-5-gramm","20":"pa_produktabmessungen-6-5-x-13-x-7-4-cm-40-5-gramm","21":"pa_produktbezeichnung-fruechtetee-aromatisiert-apfelstrudel-geschmack","22":"pa_stueckzahl-40-5-gramm","23":"pa_ursprungsland-germany","24":"pa_zertifizierung-utz-zertifiziertes-kaffeprodukt-soziale-und-oekologische-qualitaet","26":"first","27":"instock","28":"shipping-taxable","29":"purchasable","30":"product-type-simple"},"_links":{"self":[{"href":"https:\/\/123-teezeit.de\/index.php?rest_route=\/wp\/v2\/product\/43036","targetHints":{"allow":["GET"]}}],"collection":[{"href":"https:\/\/123-teezeit.de\/index.php?rest_route=\/wp\/v2\/product"}],"about":[{"href":"https:\/\/123-teezeit.de\/index.php?rest_route=\/wp\/v2\/types\/product"}],"replies":[{"embeddable":true,"href":"https:\/\/123-teezeit.de\/index.php?rest_route=%2Fwp%2Fv2%2Fcomments&post=43036"}],"wp:featuredmedia":[{"embeddable":true,"href":"https:\/\/123-teezeit.de\/index.php?rest_route=\/wp\/v2\/media\/43037"}],"wp:attachment":[{"href":"https:\/\/123-teezeit.de\/index.php?rest_route=%2Fwp%2Fv2%2Fmedia&parent=43036"}],"wp:term":[{"taxonomy":"product_brand","embeddable":true,"href":"https:\/\/123-teezeit.de\/index.php?rest_route=%2Fwp%2Fv2%2Fproduct_brand&post=43036"},{"taxonomy":"product_cat","embeddable":true,"href":"https:\/\/123-teezeit.de\/index.php?rest_route=%2Fwp%2Fv2%2Fproduct_cat&post=43036"},{"taxonomy":"product_tag","embeddable":true,"href":"https:\/\/123-teezeit.de\/index.php?rest_route=%2Fwp%2Fv2%2Fproduct_tag&post=43036"}],"curies":[{"name":"wp","href":"https:\/\/api.w.org\/{rel}","templated":true}]}}