{"id":43040,"date":"2022-02-13T06:12:25","date_gmt":"2022-02-13T06:12:25","guid":{"rendered":"https:\/\/123-teezeit.de\/?product=messmer-himmelszauber-10er-pack"},"modified":"2023-04-10T12:30:29","modified_gmt":"2023-04-10T12:30:29","slug":"messmer-himmelszauber-10er-pack","status":"publish","type":"product","link":"https:\/\/123-teezeit.de\/?product=messmer-himmelszauber-10er-pack","title":{"rendered":"Me\u00dfmer Himmelszauber 10er Pack"},"content":{"rendered":"<p><!-- show up to 2 reviews by default --> <\/p>\n<h3> <span>Produktbeschreibungen<\/span> <\/h3>\n<p> <span>Ist es nicht sch\u00f6n, wenn in einer klaren Winternacht tausende von Sternen den Himmel in ein zauberhaftes Lichtermeer verwandeln? Wer dann am Fenster steht und in die Nacht hinaus schaut, der freut sich \u00fcber eine w\u00e4rmende Tasse Me\u00dfmer Himmelszauber. Denn in diesem Tee haben die Tea-Master von Me\u00dfmer den fruchtig w\u00fcrzigen Geschmack nach Winterpunsch mit der s\u00fc\u00dflichen Note nach Mandeln vereint \u2013 f\u00fcr einen zauberhaften Genussmoment.<\/span> <\/p>\n<h3> <span>Inhaltsstoffe \/ Zutaten<\/span> <\/h3>\n<p> <span>Hibiskus, Hagebutten, \u00c4pfel (15%), Orangenschalen (13%), Aroma (Aprikose, Mandel), Zimt, Steviabl\u00e4tter, s\u00fc\u00dfe Brombeerbl\u00e4tter, Aprikosensaftgranulat (Maltodextrin, Aprikosensaftkonzentrat).<\/span> <\/p>\n<div data-a-expander-name=\"toggle_description\" class=\"a-row a-expander-container a-expander-extend-container\">\n<div class=\"a-expander-content a-expander-extend-content\">\n<h3> <span>Anschrift Hersteller\/Importeur<\/span> <\/h3>\n<p> <span>Me\u00dfmer Tee-Gesellschaft mbH 21218 Seevetal Deutschland<\/span> <\/p>\n<\/p><\/div>\n<p> <a data-csa-c-func-deps=\"aui-da-a-expander-toggle\" data-csa-c-type=\"widget\" data-csa-interaction-events=\"click\" role=\"button\" href=\"void(0)\" data-action=\"a-expander-toggle\" class=\"a-expander-header a-declarative a-expander-extend-header\" data-a-expander-toggle=\"{\"><i class=\"a-icon a-icon-extender-expand\"><\/i><span class=\"a-expander-prompt\">Mehr<\/span><\/a> <\/div>\n<p>Dieses Produkt enth\u00e4lt: 10 x 20 Doppelkammerbeutel im Einzelkuvert &#8211; ohne Metallklammer &#8211;<br \/>\nVor W\u00e4rme gesch\u00fctzt und trocken lagern.<br \/>\nImmer mit sprudelnd kochendem Wasser aufgie\u00dfen und mindestens 5 bis 8 Minuten ziehen lassen! Nur so erhalten Sie ein sicheres Lebensmittel!<br \/>\nZiehzeit: 8 Minuten<br \/>\nAufgusstemperatur: 100\u00b0 C<br \/>\n<div class=\"main-cross-sell\" data-asin=\"B017HH9QNU\">\n\n\t<div class=\"WooZone-cross-sell-loader\">\n\t\t<div>\n\t\t\t<div id=\"floatingBarsG\">\n\t\t\t\t<div class=\"blockG\" id=\"rotateG_01\"><\/div>\n\t\t\t\t<div class=\"blockG\" id=\"rotateG_02\"><\/div>\n\t\t\t\t<div class=\"blockG\" id=\"rotateG_03\"><\/div>\n\t\t\t\t<div class=\"blockG\" id=\"rotateG_04\"><\/div>\n\t\t\t\t<div class=\"blockG\" id=\"rotateG_05\"><\/div>\n\t\t\t\t<div class=\"blockG\" id=\"rotateG_06\"><\/div>\n\t\t\t\t<div class=\"blockG\" id=\"rotateG_07\"><\/div>\n\t\t\t\t<div class=\"blockG\" id=\"rotateG_08\"><\/div>\n\t\t\t<\/div>\n\t\t\t<div class=\"WooZone-cross-sell-loader-text\"><\/div>\n\t\t<\/div>\n\t<\/div>\n\n\t\t\n<\/div>\n<div style=\"clear:both;\"><\/div><\/p>\n","protected":false},"excerpt":{"rendered":"<p>Dieses Produkt enth\u00e4lt: 10 x 20 Doppelkammerbeutel im Einzelkuvert &#8211; ohne Metallklammer &#8211;<br \/>\nVor W\u00e4rme gesch\u00fctzt und trocken lagern.<br \/>\nImmer mit sprudelnd kochendem Wasser aufgie\u00dfen und mindestens 5 bis 8 Minuten ziehen lassen! Nur so erhalten Sie ein sicheres Lebensmittel!<\/p>\n","protected":false},"featured_media":43041,"comment_status":"open","ping_status":"closed","template":"","meta":[],"product_brand":[],"product_cat":[87],"product_tag":[],"class_list":{"0":"post-43040","1":"product","2":"type-product","3":"status-publish","4":"has-post-thumbnail","6":"product_cat-jahreszeiten-tee","7":"pa_amazon-bestseller-rang-nr-8064-in-lebensmittel-getraenke-siehe-top-100-in-lebensmittel-getraenke-nr-68-in-fruechtetee","8":"pa_auslaufartikel-produktion-dur-nein","9":"pa_besonderheit-vegetarisch","10":"pa_durchschnittliche-kundenbewer-46-von-5-sternen-34-sternebewertungen-46-von-5-sternen","11":"pa_format-beutel","12":"pa_hersteller-messmer","13":"pa_im-angebot-von-amazon-de-seit-1-november-2015","14":"pa_kontakt-zum-hersteller-messmer-tee-gesellschaft-mbh-21218-seevetal-deutschland","15":"pa_marke-messmer","16":"pa_netto-gewicht-0-55-kilogramm","17":"pa_stueckzahl-550-gramm","19":"first","20":"instock","21":"shipping-taxable","22":"purchasable","23":"product-type-simple"},"_links":{"self":[{"href":"https:\/\/123-teezeit.de\/index.php?rest_route=\/wp\/v2\/product\/43040","targetHints":{"allow":["GET"]}}],"collection":[{"href":"https:\/\/123-teezeit.de\/index.php?rest_route=\/wp\/v2\/product"}],"about":[{"href":"https:\/\/123-teezeit.de\/index.php?rest_route=\/wp\/v2\/types\/product"}],"replies":[{"embeddable":true,"href":"https:\/\/123-teezeit.de\/index.php?rest_route=%2Fwp%2Fv2%2Fcomments&post=43040"}],"wp:featuredmedia":[{"embeddable":true,"href":"https:\/\/123-teezeit.de\/index.php?rest_route=\/wp\/v2\/media\/43041"}],"wp:attachment":[{"href":"https:\/\/123-teezeit.de\/index.php?rest_route=%2Fwp%2Fv2%2Fmedia&parent=43040"}],"wp:term":[{"taxonomy":"product_brand","embeddable":true,"href":"https:\/\/123-teezeit.de\/index.php?rest_route=%2Fwp%2Fv2%2Fproduct_brand&post=43040"},{"taxonomy":"product_cat","embeddable":true,"href":"https:\/\/123-teezeit.de\/index.php?rest_route=%2Fwp%2Fv2%2Fproduct_cat&post=43040"},{"taxonomy":"product_tag","embeddable":true,"href":"https:\/\/123-teezeit.de\/index.php?rest_route=%2Fwp%2Fv2%2Fproduct_tag&post=43040"}],"curies":[{"name":"wp","href":"https:\/\/api.w.org\/{rel}","templated":true}]}}