{"id":43047,"date":"2022-02-13T06:12:29","date_gmt":"2022-02-13T06:12:29","guid":{"rendered":"https:\/\/123-teezeit.de\/?product=sonnentor-bratapfeltee-18-stueck"},"modified":"2023-04-10T12:30:29","modified_gmt":"2023-04-10T12:30:29","slug":"sonnentor-bratapfeltee-18-stueck","status":"publish","type":"product","link":"https:\/\/123-teezeit.de\/?product=sonnentor-bratapfeltee-18-stueck","title":{"rendered":"Sonnentor Bratapfeltee, 18 St\u00fcck"},"content":{"rendered":"<p><!-- show up to 2 reviews by default --> <\/p>\n<h3> <span>Produktbeschreibungen<\/span> <\/h3>\n<p> <span>Wenn drau\u00dfen ein eisiger Wind fegt, dann ist es wieder Zeit f\u00fcr einen k\u00f6stlichen Bratapfel. Der s\u00fc\u00dfliche Duft aus hei\u00dfen \u00c4pfeln, Zimt und Nelken l\u00e4sst uns das Wasser im Mund zusammenlaufen. Mit dieser Bio-Teemischung k\u00f6nnen Sie den Geschmack des Bratapfels jeder Zeit in der Tasse genie\u00dfen.<\/span> <\/p>\n<h3> <span>Allgemeine Angaben<\/span> <\/h3>\n<p> <span>Bio-Fr\u00fcchte-Gew\u00fcrzteemischung! Wenn drau\u00dfen ein eisiger Wind fegt und drinnen uns das Lagerfeuer sch\u00f6n w\u00e4rmt, dann ist es wieder Zeit f\u00fcr einen k\u00f6stlichen Bratapfel. Der s\u00fc\u00dfliche Duft aus hei\u00dfen \u00c4pfel, Zimt und Nelken l\u00e4sst uns das Wasser im Mund zusammenlaufen. Mit dieser Teemischung k\u00f6nnen Sie den Geschmack des Bratapfels jeder Zeit in der Tasse genie\u00dfen. Inhalt. 18 Doppelkammerbeutel \u00e0 2,5 g Ziehzeit in Minuten 7-10\/ Wassertemperatur in \u00b0C 100<\/span> <\/p>\n<div data-a-expander-name=\"toggle_description\" class=\"a-row a-expander-container a-expander-extend-container\">\n<div class=\"a-expander-content a-expander-extend-content\">\n<h3> <span>Inhaltsstoffe \/ Zutaten<\/span> <\/h3>\n<p> <span>Hagebutten*, Apfelst\u00fccke* (15%), Apfelst\u00fccke-Feinschnitt* (15%), Zitronenschalen*, Zitronenst\u00fccke*, Orangenst\u00fccke*, Cassia-Zimt*, Orangenschalen*, Piment*, Nelken*, S\u00fc\u00dfholz*, Vanilleschoten*, Sternanis*<br \/><\/span><span class=\"a-text-italic\">* = Zutaten aus biologischem Anbau<\/span> <\/p>\n<h3> <span>Warnhinweise<\/span> <\/h3>\n<p> <span>CZ-BIO-002<\/span> <\/p>\n<h3> <span>Anschrift Hersteller\/Importeur<\/span> <\/h3>\n<p> <span>Sonnentor, Spr\u00f6gnitz 10, A-3910 Zwettl<\/span> <\/p>\n<\/p><\/div>\n<p> <a data-csa-c-func-deps=\"aui-da-a-expander-toggle\" data-csa-c-type=\"widget\" data-csa-interaction-events=\"click\" role=\"button\" href=\"void(0)\" data-action=\"a-expander-toggle\" class=\"a-expander-header a-declarative a-expander-extend-header\" data-a-expander-toggle=\"{\"><i class=\"a-icon a-icon-extender-expand\"><\/i><span class=\"a-expander-prompt\">Mehr<\/span><\/a> <\/div>\n<div class=\"main-cross-sell\" data-asin=\"B01LVWZTBB\">\n\n\t<div class=\"WooZone-cross-sell-loader\">\n\t\t<div>\n\t\t\t<div id=\"floatingBarsG\">\n\t\t\t\t<div class=\"blockG\" id=\"rotateG_01\"><\/div>\n\t\t\t\t<div class=\"blockG\" id=\"rotateG_02\"><\/div>\n\t\t\t\t<div class=\"blockG\" id=\"rotateG_03\"><\/div>\n\t\t\t\t<div class=\"blockG\" id=\"rotateG_04\"><\/div>\n\t\t\t\t<div class=\"blockG\" id=\"rotateG_05\"><\/div>\n\t\t\t\t<div class=\"blockG\" id=\"rotateG_06\"><\/div>\n\t\t\t\t<div class=\"blockG\" id=\"rotateG_07\"><\/div>\n\t\t\t\t<div class=\"blockG\" id=\"rotateG_08\"><\/div>\n\t\t\t<\/div>\n\t\t\t<div class=\"WooZone-cross-sell-loader-text\"><\/div>\n\t\t<\/div>\n\t<\/div>\n\n\t\t\n<\/div>\n<div style=\"clear:both;\"><\/div>\n","protected":false},"excerpt":{"rendered":"<p>Produktbeschreibungen Wenn drau\u00dfen ein eisiger Wind fegt, dann ist es wieder Zeit f\u00fcr einen k\u00f6stlichen Bratapfel. Der s\u00fc\u00dfliche Duft aus hei\u00dfen \u00c4pfeln, Zimt und Nelken l\u00e4sst uns das Wasser im Mund zusammenlaufen. Mit dieser Bio-Teemischung k\u00f6nnen Sie den Geschmack des Bratapfels jeder Zeit in der Tasse genie\u00dfen. Allgemeine Angaben Bio-Fr\u00fcchte-Gew\u00fcrzteemischung! Wenn drau\u00dfen ein eisiger Wind [&hellip;]<\/p>\n","protected":false},"featured_media":43048,"comment_status":"open","ping_status":"closed","template":"","meta":[],"product_brand":[],"product_cat":[87],"product_tag":[],"class_list":{"0":"post-43047","1":"product","2":"type-product","3":"status-publish","4":"has-post-thumbnail","6":"product_cat-jahreszeiten-tee","7":"pa_amazon-bestseller-rang-nr-84061-in-lebensmittel-getraenke-siehe-top-100-in-lebensmittel-getraenke-nr-1101-in-fruechtetee","8":"pa_artikelgewicht-60-g","9":"pa_besonderheit-ohne-gentechnik-bio-vegetarisch-vegan-zoeliakie-vertraeglich","10":"pa_durchschnittliche-kundenbewer-44-von-5-sternen-7-sternebewertungen-44-von-5-sternen","11":"pa_format-beutel","12":"pa_herkunftsland-deutschland","13":"pa_herkunftsort-der-primaeren-zu-international","14":"pa_hersteller-sonnentor-kraeuterhandels-gmbh","15":"pa_im-angebot-von-amazon-de-seit-10-september-2016","16":"pa_kontakt-zum-hersteller-sonnentor-sproegnitz-10-a-3910-zwettl","17":"pa_landeskueche-deutschland","18":"pa_marke-sonnentor","19":"pa_netto-gewicht-45-gramm","20":"pa_produktabmessungen-80-x-70-x-120-cm-60-gramm","21":"pa_stueckzahl-45-gramm","22":"pa_ursprungsland-der-primaeren-z-international","23":"pa_zertifizierung-bio-nach-eg-oeko-verordnung","25":"first","26":"instock","27":"shipping-taxable","28":"purchasable","29":"product-type-simple"},"_links":{"self":[{"href":"https:\/\/123-teezeit.de\/index.php?rest_route=\/wp\/v2\/product\/43047","targetHints":{"allow":["GET"]}}],"collection":[{"href":"https:\/\/123-teezeit.de\/index.php?rest_route=\/wp\/v2\/product"}],"about":[{"href":"https:\/\/123-teezeit.de\/index.php?rest_route=\/wp\/v2\/types\/product"}],"replies":[{"embeddable":true,"href":"https:\/\/123-teezeit.de\/index.php?rest_route=%2Fwp%2Fv2%2Fcomments&post=43047"}],"wp:featuredmedia":[{"embeddable":true,"href":"https:\/\/123-teezeit.de\/index.php?rest_route=\/wp\/v2\/media\/43048"}],"wp:attachment":[{"href":"https:\/\/123-teezeit.de\/index.php?rest_route=%2Fwp%2Fv2%2Fmedia&parent=43047"}],"wp:term":[{"taxonomy":"product_brand","embeddable":true,"href":"https:\/\/123-teezeit.de\/index.php?rest_route=%2Fwp%2Fv2%2Fproduct_brand&post=43047"},{"taxonomy":"product_cat","embeddable":true,"href":"https:\/\/123-teezeit.de\/index.php?rest_route=%2Fwp%2Fv2%2Fproduct_cat&post=43047"},{"taxonomy":"product_tag","embeddable":true,"href":"https:\/\/123-teezeit.de\/index.php?rest_route=%2Fwp%2Fv2%2Fproduct_tag&post=43047"}],"curies":[{"name":"wp","href":"https:\/\/api.w.org\/{rel}","templated":true}]}}