{"id":43056,"date":"2022-02-13T06:12:35","date_gmt":"2022-02-13T06:12:35","guid":{"rendered":"https:\/\/123-teezeit.de\/?product=messmer-winterpunsch-5er-pack"},"modified":"2023-04-10T12:30:30","modified_gmt":"2023-04-10T12:30:30","slug":"messmer-winterpunsch-5er-pack","status":"publish","type":"product","link":"https:\/\/123-teezeit.de\/?product=messmer-winterpunsch-5er-pack","title":{"rendered":"Me?mer Winterpunsch | 5er Pack"},"content":{"rendered":"<p><!-- show up to 2 reviews by default --> <\/p>\n<h3> <span>Inhaltsstoffe \/ Zutaten<\/span> <\/h3>\n<p> <span>\u00c4pfel* (37%), Hibiskus*, Zimt* (10%), Orangenschalen* (10), Aroma, S\u00fc\u00dfkraut, Gew\u00fcrznelken, Sternanis.<\/span> <\/p>\n<p>Me\u00dfmer Winterpunsch \u2013 ohne Alkohol<br \/>\nGemeinsam mit der Familie oder Freunden gem\u00fctlich \u00fcber den Weihnachtsmarkt schlendern und dabei ein paar Becher Punsch genie\u00dfen. Die Me\u00dfmer Tee-Experten bringen mit diesem Winterpunsch den WEihnachtsmarkt in deine Tasse.<br \/>\nDer Winterpunsch mit Gl\u00fchweingeschmack aber ohne Alkohol bietet dir sch\u00f6ne weihnachtliche Stunden Zuhause, bei einem Spaziergang oder im heimischen Garten.<br \/>\nSo wird jeder Moment zu deinem Weihnachtsmarktmoment.<br \/>\n<div class=\"main-cross-sell\" data-asin=\"B09JZNTRCQ\">\n\n\t<div class=\"WooZone-cross-sell-loader\">\n\t\t<div>\n\t\t\t<div id=\"floatingBarsG\">\n\t\t\t\t<div class=\"blockG\" id=\"rotateG_01\"><\/div>\n\t\t\t\t<div class=\"blockG\" id=\"rotateG_02\"><\/div>\n\t\t\t\t<div class=\"blockG\" id=\"rotateG_03\"><\/div>\n\t\t\t\t<div class=\"blockG\" id=\"rotateG_04\"><\/div>\n\t\t\t\t<div class=\"blockG\" id=\"rotateG_05\"><\/div>\n\t\t\t\t<div class=\"blockG\" id=\"rotateG_06\"><\/div>\n\t\t\t\t<div class=\"blockG\" id=\"rotateG_07\"><\/div>\n\t\t\t\t<div class=\"blockG\" id=\"rotateG_08\"><\/div>\n\t\t\t<\/div>\n\t\t\t<div class=\"WooZone-cross-sell-loader-text\"><\/div>\n\t\t<\/div>\n\t<\/div>\n\n\t\t\n<\/div>\n<div style=\"clear:both;\"><\/div><\/p>\n","protected":false},"excerpt":{"rendered":"<p>Me\u00dfmer Winterpunsch \u2013 ohne Alkohol<br \/>\nGemeinsam mit der Familie oder Freunden gem\u00fctlich \u00fcber den Weihnachtsmarkt schlendern und dabei ein paar Becher Punsch genie\u00dfen. Die Me\u00dfmer Tee-Experten bringen mit diesem Winterpunsch den WEihnachtsmarkt in deine Tasse.<br \/>\nDer Winterpunsch mit Gl\u00fchweingeschmack aber ohne Alkohol bietet dir sch\u00f6ne weihnachtliche Stunden Zuhause, bei einem Spaziergang oder im heimischen Garten.<\/p>\n","protected":false},"featured_media":43057,"comment_status":"open","ping_status":"closed","template":"","meta":[],"product_brand":[],"product_cat":[87],"product_tag":[],"class_list":{"0":"post-43056","1":"product","2":"type-product","3":"status-publish","4":"has-post-thumbnail","6":"product_cat-jahreszeiten-tee","7":"pa_amazon-bestseller-rang-nr-40340-in-lebensmittel-getraenke-siehe-top-100-in-lebensmittel-getraenke-nr-468-in-fruechtetee","8":"pa_durchschnittliche-kundenbewer-50-von-5-sternen-3-sternebewertungen-50-von-5-sternen","9":"pa_herkunftsland-deutschland","10":"pa_hersteller-messmer","11":"pa_im-angebot-von-amazon-de-seit-21-oktober-2021","12":"pa_marke-messmer","13":"pa_stueckzahl-200-0-gramm","15":"first","16":"instock","17":"shipping-taxable","18":"purchasable","19":"product-type-simple"},"_links":{"self":[{"href":"https:\/\/123-teezeit.de\/index.php?rest_route=\/wp\/v2\/product\/43056","targetHints":{"allow":["GET"]}}],"collection":[{"href":"https:\/\/123-teezeit.de\/index.php?rest_route=\/wp\/v2\/product"}],"about":[{"href":"https:\/\/123-teezeit.de\/index.php?rest_route=\/wp\/v2\/types\/product"}],"replies":[{"embeddable":true,"href":"https:\/\/123-teezeit.de\/index.php?rest_route=%2Fwp%2Fv2%2Fcomments&post=43056"}],"wp:featuredmedia":[{"embeddable":true,"href":"https:\/\/123-teezeit.de\/index.php?rest_route=\/wp\/v2\/media\/43057"}],"wp:attachment":[{"href":"https:\/\/123-teezeit.de\/index.php?rest_route=%2Fwp%2Fv2%2Fmedia&parent=43056"}],"wp:term":[{"taxonomy":"product_brand","embeddable":true,"href":"https:\/\/123-teezeit.de\/index.php?rest_route=%2Fwp%2Fv2%2Fproduct_brand&post=43056"},{"taxonomy":"product_cat","embeddable":true,"href":"https:\/\/123-teezeit.de\/index.php?rest_route=%2Fwp%2Fv2%2Fproduct_cat&post=43056"},{"taxonomy":"product_tag","embeddable":true,"href":"https:\/\/123-teezeit.de\/index.php?rest_route=%2Fwp%2Fv2%2Fproduct_tag&post=43056"}],"curies":[{"name":"wp","href":"https:\/\/api.w.org\/{rel}","templated":true}]}}