{"id":43113,"date":"2022-02-13T06:13:25","date_gmt":"2022-02-13T06:13:25","guid":{"rendered":"https:\/\/123-teezeit.de\/?product=paulsen-tee-bio-weihnachtstee-fruechtetee-100g"},"modified":"2023-04-10T12:30:31","modified_gmt":"2023-04-10T12:30:31","slug":"paulsen-tee-bio-weihnachtstee-fruechtetee-100g","status":"publish","type":"product","link":"https:\/\/123-teezeit.de\/?product=paulsen-tee-bio-weihnachtstee-fruechtetee-100g","title":{"rendered":"Paulsen Tee Bio Weihnachtstee Fr\u00fcchtetee 100g"},"content":{"rendered":"<p>Das Aroma von w\u00fcrzigem Zimt und fruchtigen Orangen macht diesen Fr\u00fcchtetee zum weihnachtlichen Geschmackserlebnis.<br \/>\nDieser Weihnachtstee basiert auf Bio Fr\u00fcchtetee mit weihnachtlichem Zimt-Orange Aroma<br \/>\nDieser Weihnachtstee ist r\u00fcckstandskontrolliert und in Premiumqualit\u00e4t<br \/>\nBio-Kontollstelle: DE-\u00d6KO-005<br \/>\nLoser Weihnachtstee im 100g Beutel<br \/>\n<div class=\"main-cross-sell\" data-asin=\"B017GAPV9Q\">\n\n\t<div class=\"WooZone-cross-sell-loader\">\n\t\t<div>\n\t\t\t<div id=\"floatingBarsG\">\n\t\t\t\t<div class=\"blockG\" id=\"rotateG_01\"><\/div>\n\t\t\t\t<div class=\"blockG\" id=\"rotateG_02\"><\/div>\n\t\t\t\t<div class=\"blockG\" id=\"rotateG_03\"><\/div>\n\t\t\t\t<div class=\"blockG\" id=\"rotateG_04\"><\/div>\n\t\t\t\t<div class=\"blockG\" id=\"rotateG_05\"><\/div>\n\t\t\t\t<div class=\"blockG\" id=\"rotateG_06\"><\/div>\n\t\t\t\t<div class=\"blockG\" id=\"rotateG_07\"><\/div>\n\t\t\t\t<div class=\"blockG\" id=\"rotateG_08\"><\/div>\n\t\t\t<\/div>\n\t\t\t<div class=\"WooZone-cross-sell-loader-text\"><\/div>\n\t\t<\/div>\n\t<\/div>\n\n\t\t\n<\/div>\n<div style=\"clear:both;\"><\/div><\/p>\n","protected":false},"excerpt":{"rendered":"<p>Das Aroma von w\u00fcrzigem Zimt und fruchtigen Orangen macht diesen Fr\u00fcchtetee zum weihnachtlichen Geschmackserlebnis.<br \/>\nDieser Weihnachtstee basiert auf Bio Fr\u00fcchtetee mit weihnachtlichem Zimt-Orange Aroma<br \/>\nDieser Weihnachtstee ist r\u00fcckstandskontrolliert und in Premiumqualit\u00e4t<\/p>\n","protected":false},"featured_media":43114,"comment_status":"open","ping_status":"closed","template":"","meta":[],"product_brand":[],"product_cat":[87],"product_tag":[],"class_list":{"0":"post-43113","1":"product","2":"type-product","3":"status-publish","4":"has-post-thumbnail","6":"product_cat-jahreszeiten-tee","7":"pa_amazon-bestseller-rang-nr-22312-in-lebensmittel-getraenke-siehe-top-100-in-lebensmittel-getraenke-nr-243-in-fruechtetee","8":"pa_artikelgewicht-100-g","9":"pa_auslaufartikel-produktion-dur-nein","10":"pa_besonderheit-vegetarisch","11":"pa_durchschnittliche-kundenbewer-45-von-5-sternen-94-sternebewertungen-45-von-5-sternen","12":"pa_format-lose-blaetter","13":"pa_herkunftsland-deutschland","14":"pa_hersteller-paulsen-gmbh","15":"pa_im-angebot-von-amazon-de-seit-10-januar-2015","16":"pa_kontakt-zum-hersteller-paulsen-gmbh-barkhorn-10-24787-fockbek","17":"pa_marke-paulsen-tee-pure-tea","18":"pa_netto-gewicht-100-gramm","19":"pa_produktbezeichnung-bio-fruechtetee","20":"pa_stueckzahl-100-0-gramm","22":"first","23":"instock","24":"shipping-taxable","25":"purchasable","26":"product-type-simple"},"_links":{"self":[{"href":"https:\/\/123-teezeit.de\/index.php?rest_route=\/wp\/v2\/product\/43113","targetHints":{"allow":["GET"]}}],"collection":[{"href":"https:\/\/123-teezeit.de\/index.php?rest_route=\/wp\/v2\/product"}],"about":[{"href":"https:\/\/123-teezeit.de\/index.php?rest_route=\/wp\/v2\/types\/product"}],"replies":[{"embeddable":true,"href":"https:\/\/123-teezeit.de\/index.php?rest_route=%2Fwp%2Fv2%2Fcomments&post=43113"}],"wp:featuredmedia":[{"embeddable":true,"href":"https:\/\/123-teezeit.de\/index.php?rest_route=\/wp\/v2\/media\/43114"}],"wp:attachment":[{"href":"https:\/\/123-teezeit.de\/index.php?rest_route=%2Fwp%2Fv2%2Fmedia&parent=43113"}],"wp:term":[{"taxonomy":"product_brand","embeddable":true,"href":"https:\/\/123-teezeit.de\/index.php?rest_route=%2Fwp%2Fv2%2Fproduct_brand&post=43113"},{"taxonomy":"product_cat","embeddable":true,"href":"https:\/\/123-teezeit.de\/index.php?rest_route=%2Fwp%2Fv2%2Fproduct_cat&post=43113"},{"taxonomy":"product_tag","embeddable":true,"href":"https:\/\/123-teezeit.de\/index.php?rest_route=%2Fwp%2Fv2%2Fproduct_tag&post=43113"}],"curies":[{"name":"wp","href":"https:\/\/api.w.org\/{rel}","templated":true}]}}