{"id":43120,"date":"2022-02-13T06:13:29","date_gmt":"2022-02-13T06:13:29","guid":{"rendered":"https:\/\/123-teezeit.de\/?product=milford-kuehl-lecker-active-wildbeere-20-teebeutel-5er-pack"},"modified":"2023-04-10T12:30:31","modified_gmt":"2023-04-10T12:30:31","slug":"milford-kuehl-lecker-active-wildbeere-20-teebeutel-5er-pack","status":"publish","type":"product","link":"https:\/\/123-teezeit.de\/?product=milford-kuehl-lecker-active-wildbeere-20-teebeutel-5er-pack","title":{"rendered":"Milford k?hl &amp; lecker active Wildbeere, 20 Teebeutel \/ 5er Pack"},"content":{"rendered":"<p><!-- show up to 2 reviews by default --> <\/p>\n<h3> <span>Produktbeschreibungen<\/span> <\/h3>\n<p> <span class=\"a-text-bold\">MILFORD k\u00fchl &amp; lecker Kaltaufguss Tee active Wildbeere<\/span><span><br \/>Erleben Sie mit MILFORD k\u00fchl &amp; lecker \u2013 die ideale Tee-Erfrischung mit wertvollen Vitaminen f\u00fcr einen aktiven Lebensstil. Lassen Sie sich von dem fruchtig-beerigen Geschmack \u00fcberzeugen. Durch die besondere Herstellung kann MILFORD k\u00fchl &amp; lecker ganz einfach mit kaltem Wasser zubereitet werden. Genie\u00dfen Sie sommerliches Tee-Feeling jederzeit zu Hause, im B\u00fcro, als Durstl\u00f6scher unterwegs und wohltuend nach dem Sport.<\/p>\n<p><\/span><span class=\"a-text-bold\">MILFORD k\u00fchl &amp; lecker ohne Zucker<\/span><span><br \/> MILFORD k\u00fchl &amp; lecker active Wildbeere mit wertvollem Thiamin (Vitamin B1) und Vitamin B6, ist der erfrischend beerige Geschmack nach s\u00fc\u00dfen Brombeeren, Heidelbeeren, Erdbeeren und Himbeeren.Eine Packung MILFORD k\u00fchl &amp; lecker ergibt 4 Liter Fr\u00fcchtetee.<\/p>\n<p><\/span><span class=\"a-text-bold\">Zubereitung<\/span><span><br \/> Einfach einen Teebeutel Milford k\u00fchl &amp; lecker mit 200ml frischem, stillem Wasser aufgie\u00dfen und 8 Minuten ziehen lassen. Gelegentlich Teebeutel schwenken.<br \/> F\u00fcr einen stets frischen Genuss zeitnah nach Zubereitung verzehren.<br \/> F\u00fcr S\u00e4uglinge und Kleinkinder nicht empfohlen.<\/span> <\/p>\n<h3> <span>Inhaltsstoffe \/ Zutaten<\/span> <\/h3>\n<p> <span>Hibiskus, \u00c4pfel, Hagebutten, S\u00fc\u00dfkraut, s\u00fc\u00dfe Brombeerbl\u00e4tter, Aroma (Wildbeere), Vitamin B6, Thiamin, Brombeeren, Heidelbeeren, Erdbeeren, Himbeeren.<\/span> <\/p>\n<p>Mit wertvollem Thiamin (Vitamin B1) und Vitamin B6, ist der erfrischend beerige Geschmack nach s\u00fc\u00dfen Brombeeren, Heidelbeeren, Erdbeeren und Himbeeren.<br \/>\nKaltaufguss \/ Schnell zubereitet<br \/>\nOhne Kalorien \/ Ohne Zucker<br \/>\nLieferumfang: 5x 20 Teebeutel, Milford k\u00fchl &amp; lecker active Wildbeere<br \/>\nFr\u00fcchtetee \/ Sommertee \/ Kalt-Tee<br \/>\n<div class=\"main-cross-sell\" data-asin=\"B092JBF4PG\">\n\n\t<div class=\"WooZone-cross-sell-loader\">\n\t\t<div>\n\t\t\t<div id=\"floatingBarsG\">\n\t\t\t\t<div class=\"blockG\" id=\"rotateG_01\"><\/div>\n\t\t\t\t<div class=\"blockG\" id=\"rotateG_02\"><\/div>\n\t\t\t\t<div class=\"blockG\" id=\"rotateG_03\"><\/div>\n\t\t\t\t<div class=\"blockG\" id=\"rotateG_04\"><\/div>\n\t\t\t\t<div class=\"blockG\" id=\"rotateG_05\"><\/div>\n\t\t\t\t<div class=\"blockG\" id=\"rotateG_06\"><\/div>\n\t\t\t\t<div class=\"blockG\" id=\"rotateG_07\"><\/div>\n\t\t\t\t<div class=\"blockG\" id=\"rotateG_08\"><\/div>\n\t\t\t<\/div>\n\t\t\t<div class=\"WooZone-cross-sell-loader-text\"><\/div>\n\t\t<\/div>\n\t<\/div>\n\n\t\t\n<\/div>\n<div style=\"clear:both;\"><\/div><\/p>\n","protected":false},"excerpt":{"rendered":"<p>Mit wertvollem Thiamin (Vitamin B1) und Vitamin B6, ist der erfrischend beerige Geschmack nach s\u00fc\u00dfen Brombeeren, Heidelbeeren, Erdbeeren und Himbeeren.<br \/>\nKaltaufguss \/ Schnell zubereitet<br \/>\nOhne Kalorien \/ Ohne Zucker<\/p>\n","protected":false},"featured_media":43121,"comment_status":"open","ping_status":"closed","template":"","meta":[],"product_brand":[],"product_cat":[87],"product_tag":[],"class_list":{"0":"post-43120","1":"product","2":"type-product","3":"status-publish","4":"has-post-thumbnail","6":"product_cat-jahreszeiten-tee","7":"pa_amazon-bestseller-rang-nr-74898-in-lebensmittel-getraenke-siehe-top-100-in-lebensmittel-getraenke-nr-965-in-fruechtetee","8":"pa_durchschnittliche-kundenbewer-42-von-5-sternen-6-sternebewertungen-42-von-5-sternen","9":"pa_hersteller-milford","10":"pa_im-angebot-von-amazon-de-seit-14-april-2021","11":"pa_marke-milford","12":"pa_stueckzahl-250-0-gramm","14":"first","15":"instock","16":"shipping-taxable","17":"purchasable","18":"product-type-simple"},"_links":{"self":[{"href":"https:\/\/123-teezeit.de\/index.php?rest_route=\/wp\/v2\/product\/43120","targetHints":{"allow":["GET"]}}],"collection":[{"href":"https:\/\/123-teezeit.de\/index.php?rest_route=\/wp\/v2\/product"}],"about":[{"href":"https:\/\/123-teezeit.de\/index.php?rest_route=\/wp\/v2\/types\/product"}],"replies":[{"embeddable":true,"href":"https:\/\/123-teezeit.de\/index.php?rest_route=%2Fwp%2Fv2%2Fcomments&post=43120"}],"wp:featuredmedia":[{"embeddable":true,"href":"https:\/\/123-teezeit.de\/index.php?rest_route=\/wp\/v2\/media\/43121"}],"wp:attachment":[{"href":"https:\/\/123-teezeit.de\/index.php?rest_route=%2Fwp%2Fv2%2Fmedia&parent=43120"}],"wp:term":[{"taxonomy":"product_brand","embeddable":true,"href":"https:\/\/123-teezeit.de\/index.php?rest_route=%2Fwp%2Fv2%2Fproduct_brand&post=43120"},{"taxonomy":"product_cat","embeddable":true,"href":"https:\/\/123-teezeit.de\/index.php?rest_route=%2Fwp%2Fv2%2Fproduct_cat&post=43120"},{"taxonomy":"product_tag","embeddable":true,"href":"https:\/\/123-teezeit.de\/index.php?rest_route=%2Fwp%2Fv2%2Fproduct_tag&post=43120"}],"curies":[{"name":"wp","href":"https:\/\/api.w.org\/{rel}","templated":true}]}}