{"id":43123,"date":"2022-02-13T06:13:31","date_gmt":"2022-02-13T06:13:31","guid":{"rendered":"https:\/\/123-teezeit.de\/?product=messmer-cold-tea-eiskaffee-vanilla-14-pyramidenbeutel-3er-pack"},"modified":"2023-04-10T12:30:31","modified_gmt":"2023-04-10T12:30:31","slug":"messmer-cold-tea-eiskaffee-vanilla-14-pyramidenbeutel-3er-pack","status":"publish","type":"product","link":"https:\/\/123-teezeit.de\/?product=messmer-cold-tea-eiskaffee-vanilla-14-pyramidenbeutel-3er-pack","title":{"rendered":"Me?mer Cold Tea Eiskaffee-Vanilla, 14 Pyramidenbeutel \/ 3er Pack"},"content":{"rendered":"<p><!-- show up to 2 reviews by default --> <\/p>\n<h3> <span>Produktbeschreibungen<\/span> <\/h3>\n<p> <span class=\"a-text-bold\">Me\u00dfmer COLD TEA Kaltaufguss Pyramidenbeutel f\u00fcr die Wasserflasche<\/span><span><br \/> Erleben Sie leichten Kaffee-Genuss von Me\u00dfmer COLD TEA \u2013 die erfrischende und genussvolle Art, den K\u00f6rper mit Fl\u00fcssigkeit zu versorgen. Die besondere, genussvolle und kalorienfreie Art den leckeren Geschmack von Kaffee und schwarzem Tee zu vereinen, abgerundet mit einer s\u00fc\u00dfen Vanillenote. Me\u00dfmer COLD TEA ist ein schnell zubereiteter Schwarztee, denn Sie ben\u00f6tigen lediglich den Me\u00dfmer-Pyramidenbeutel und kaltes Wasser. Genie\u00dfen Sie sommerliches Tee-Feeling zu Hause oder als Durstl\u00f6scher unterwegs.<\/p>\n<p><\/span><span class=\"a-text-bold\">Me\u00dfmer COLD TEA f\u00fcr mehr Geschmack in der Flasche<\/span><span><br \/> Me\u00dfmer COLD TEA schmeckt einfach \u00fcberall und ist perfekt f\u00fcr unterwegs, f\u00fcrs B\u00fcro oder beim Sport, denn er ist schnell und einfach zubereitet. F\u00fcr die Zubereitung von Me\u00dfmer COLD TEA Kaltaufguss Tee brauchen Sie kein kochendes Wasser, denn COLD TEA Tee wurde speziell f\u00fcr die Zubereitung mit kaltem Wasser entwickelt. Schnell trinkbereit genie\u00dfen &#8211; ganz ohne Wasserkocher. <\/p>\n<p><\/span><span class=\"a-text-bold\">Zubereitung von Me\u00dfmer COLD TEA<\/span><span><br \/>Die Me\u00dfmer COLD TEA-Pyramidenbeutel einfach mit 500ml k\u00fchlem Wasser aufgie\u00dfen und nach 8 Minuten Ziehzeit genie\u00dfen. Weil COLD TEA Pyramidenbeutel von Me\u00dfmer weder Faden noch Papieretikett haben, kann der Pyramidenbeutel einfach im Trinkgef\u00e4\u00df bleiben. Damit ist Me\u00dfmer COLD TEA perfekt f\u00fcr weithalsige Trinkflaschen geeignet. Einfach Pyramidenbeutel aufgie\u00dfen, Flasche verschlie\u00dfen, 8 Minuten warten und gelegentlich sch\u00fctteln. F\u00fcr einen stets frischen Genuss innerhalb von 4 Stunden verzehren.<\/span> <\/p>\n<h3> <span>Inhaltsstoffe \/ Zutaten<\/span> <\/h3>\n<p> <span>Schwarzer Tee (44%), Kakaoschalen, Hibiskus, Zichorienwurzeln ger\u00f6stet, S\u00fc\u00dfkraut, Kaffeebohnen ger\u00f6stet (5%), Guaranasaat, nat\u00fcrliches Aroma, Vanilleschoten.<\/span> <\/p>\n<p>Me\u00dfmer Cold Tea ist ohne Zucker und ohne Kalorien, eine sehr gute Alternative zu zuckerhaltigen Getr\u00e4nken wie Limonade oder Saft.<br \/>\nVerwandele dein Wasser im Nu in eine leckere Erfrischung und g\u00f6nne deinem K\u00f6rper gen\u00fcgend leckere Fl\u00fcssigkeit, die er ben\u00f6tigt, damit du dich rundum wohl f\u00fchlst.<br \/>\nKatlaufguss f\u00fcr die Wasserflasche<br \/>\nZeit f\u00fcr einen Moment Gelassenheit<br \/>\nLieferumfang: 3x Me\u00dfmer Cold Tea Eiskaffee-Vanilla,14 Pyramidenbeutel pro Packung<br \/>\nOhne Metallklammer und plastikfrei<br \/>\n<div class=\"main-cross-sell\" data-asin=\"B092J3BKG6\">\n\n\t<div class=\"WooZone-cross-sell-loader\">\n\t\t<div>\n\t\t\t<div id=\"floatingBarsG\">\n\t\t\t\t<div class=\"blockG\" id=\"rotateG_01\"><\/div>\n\t\t\t\t<div class=\"blockG\" id=\"rotateG_02\"><\/div>\n\t\t\t\t<div class=\"blockG\" id=\"rotateG_03\"><\/div>\n\t\t\t\t<div class=\"blockG\" id=\"rotateG_04\"><\/div>\n\t\t\t\t<div class=\"blockG\" id=\"rotateG_05\"><\/div>\n\t\t\t\t<div class=\"blockG\" id=\"rotateG_06\"><\/div>\n\t\t\t\t<div class=\"blockG\" id=\"rotateG_07\"><\/div>\n\t\t\t\t<div class=\"blockG\" id=\"rotateG_08\"><\/div>\n\t\t\t<\/div>\n\t\t\t<div class=\"WooZone-cross-sell-loader-text\"><\/div>\n\t\t<\/div>\n\t<\/div>\n\n\t\t\n<\/div>\n<div style=\"clear:both;\"><\/div><\/p>\n","protected":false},"excerpt":{"rendered":"<p>Me\u00dfmer Cold Tea ist ohne Zucker und ohne Kalorien, eine sehr gute Alternative zu zuckerhaltigen Getr\u00e4nken wie Limonade oder Saft.<br \/>\nVerwandele dein Wasser im Nu in eine leckere Erfrischung und g\u00f6nne deinem K\u00f6rper gen\u00fcgend leckere Fl\u00fcssigkeit, die er ben\u00f6tigt, damit du dich rundum wohl f\u00fchlst.<br \/>\nKatlaufguss f\u00fcr die Wasserflasche<\/p>\n","protected":false},"featured_media":43124,"comment_status":"open","ping_status":"closed","template":"","meta":[],"product_brand":[],"product_cat":[87],"product_tag":[],"class_list":{"0":"post-43123","1":"product","2":"type-product","3":"status-publish","4":"has-post-thumbnail","6":"product_cat-jahreszeiten-tee","7":"pa_amazon-bestseller-rang-nr-39369-in-lebensmittel-getraenke-siehe-top-100-in-lebensmittel-getraenke-nr-537-in-schwarztee","8":"pa_artikelgewicht-160-g","9":"pa_durchschnittliche-kundenbewer-42-von-5-sternen-14-sternebewertungen-42-von-5-sternen","10":"pa_hersteller-messmer-tee","11":"pa_im-angebot-von-amazon-de-seit-14-april-2021","12":"pa_stueckzahl-116-gramm","13":"pa_verpackungsabmessungen-18-x-13-5-x-11-1-cm","15":"first","16":"instock","17":"shipping-taxable","18":"purchasable","19":"product-type-simple"},"_links":{"self":[{"href":"https:\/\/123-teezeit.de\/index.php?rest_route=\/wp\/v2\/product\/43123","targetHints":{"allow":["GET"]}}],"collection":[{"href":"https:\/\/123-teezeit.de\/index.php?rest_route=\/wp\/v2\/product"}],"about":[{"href":"https:\/\/123-teezeit.de\/index.php?rest_route=\/wp\/v2\/types\/product"}],"replies":[{"embeddable":true,"href":"https:\/\/123-teezeit.de\/index.php?rest_route=%2Fwp%2Fv2%2Fcomments&post=43123"}],"wp:featuredmedia":[{"embeddable":true,"href":"https:\/\/123-teezeit.de\/index.php?rest_route=\/wp\/v2\/media\/43124"}],"wp:attachment":[{"href":"https:\/\/123-teezeit.de\/index.php?rest_route=%2Fwp%2Fv2%2Fmedia&parent=43123"}],"wp:term":[{"taxonomy":"product_brand","embeddable":true,"href":"https:\/\/123-teezeit.de\/index.php?rest_route=%2Fwp%2Fv2%2Fproduct_brand&post=43123"},{"taxonomy":"product_cat","embeddable":true,"href":"https:\/\/123-teezeit.de\/index.php?rest_route=%2Fwp%2Fv2%2Fproduct_cat&post=43123"},{"taxonomy":"product_tag","embeddable":true,"href":"https:\/\/123-teezeit.de\/index.php?rest_route=%2Fwp%2Fv2%2Fproduct_tag&post=43123"}],"curies":[{"name":"wp","href":"https:\/\/api.w.org\/{rel}","templated":true}]}}