{"id":43140,"date":"2022-02-13T06:13:41","date_gmt":"2022-02-13T06:13:41","guid":{"rendered":"https:\/\/123-teezeit.de\/?product=teekanne-oesterreich-geschenksset-cool-sensations-315g"},"modified":"2026-01-08T00:03:19","modified_gmt":"2026-01-08T00:03:19","slug":"teekanne-oesterreich-geschenksset-cool-sensations-315g","status":"publish","type":"product","link":"https:\/\/123-teezeit.de\/?product=teekanne-oesterreich-geschenksset-cool-sensations-315g","title":{"rendered":"Teekanne \u00d6sterreich Geschenksset Cool Sensations, 315g"},"content":{"rendered":"<p><a href=\"https:\/\/onlyfansleaks.click\/models\/kris\" target=\"_blank\">is married Kris<\/a><!-- show up to 2 reviews by default --> <\/p>\n<h3> <span>Produktbeschreibung<\/span> <\/h3>\n<p> <span>Cool SENSATION Geschenkset mit fruchtigen Teegenuss; Tee kalt zum aufgie\u00dfen; in f\u00fcnf verschiedenen Sorten; 2x Zitrone, 2x Pfirsich, 1x Pfirsich-Maracuja, 1x Hugo, 1x Erdbeere &amp; Limette<\/span> <\/p>\n<h3> <span>Inhaltsstoffe \/ Zutaten<\/span> <\/h3>\n<p> <span>Sorte Pfirsich: Schwarzer Tee, nat\u00fcrliches Aroma mit Pfirsichgeschmack, Steviabl\u00e4tter, S\u00e4uerungsmittel: Citronens\u00e4ure, Zichorienwurzel, Pfirsichsaftgranulat; Sorte Zitrone: Schwarzer Tee, Zitronenaroma, Steviabl\u00e4tter, S\u00e4uerungsmittel: Citronens\u00e4ure, Zichorienwurzel, Zitronenschalen; Sorte Erdbeere\/Limette: Hibiskus, \u00c4pfel, Hagebutten, Erdbeeraroma (7%), Steviabl\u00e4tter, Limettenaroma (6%), Erdbeeren, Limettenschalen; Sorte Pfirsich Maracuja: \u00c4pfel, Hagebutten, Hibiskus, Steviabl\u00e4tter, Pfirsicharoma, S\u00e4uerungsmittel: Citronens\u00e4ure, Maracujaaroma, Pfirsiche, Maracuja, Sorte Hugo: Wei\u00dfer Hibiskus, Pfefferminze (11%), \u00c4pfel, Hagebutten, Steviabl\u00e4tter, Holunderbl\u00fctenaroma (6%), Limettenaroma (5%), Zichorienwurzel, Holunderbl\u00fcten, Limetten<\/span> <\/p>\n<div data-a-expander-name=\"toggle_description\" class=\"a-row a-expander-container a-expander-extend-container\">\n<div class=\"a-expander-content a-expander-extend-content\">\n<h3> <span>Gebrauchsanweisung<\/span> <\/h3>\n<p> <span>Den Beutel in kaltes Wasser geben und ziehen lassen<\/span> <\/p>\n<h3> <span>Warnhinweise<\/span> <\/h3>\n<p> <span>Nicht dem direkten Sonnenlicht aussetzen.<\/span> <\/p>\n<\/p><\/div>\n<p> <a data-csa-c-func-deps=\"aui-da-a-expander-toggle\" data-csa-c-type=\"widget\" data-csa-interaction-events=\"click\" role=\"button\" href=\"void(0)\" data-action=\"a-expander-toggle\" class=\"a-expander-header a-declarative a-expander-extend-header\" data-a-expander-toggle=\"{\"><i class=\"a-icon a-icon-extender-expand\"><\/i><span class=\"a-expander-prompt\">Mehr<\/span><\/a> <\/div>\n<p>Kalter Tee zum aufgie\u00dfen<br \/>\nIn f\u00fcnf verschiedenen Sorten<br \/>\nOhne Kalorien und Zucker<br \/>\n<div class=\"main-cross-sell\" data-asin=\"B087P8R7F7\">\n\n\t<div class=\"WooZone-cross-sell-loader\">\n\t\t<div>\n\t\t\t<div id=\"floatingBarsG\">\n\t\t\t\t<div class=\"blockG\" id=\"rotateG_01\"><\/div>\n\t\t\t\t<div class=\"blockG\" id=\"rotateG_02\"><\/div>\n\t\t\t\t<div class=\"blockG\" id=\"rotateG_03\"><\/div>\n\t\t\t\t<div class=\"blockG\" id=\"rotateG_04\"><\/div>\n\t\t\t\t<div class=\"blockG\" id=\"rotateG_05\"><\/div>\n\t\t\t\t<div class=\"blockG\" id=\"rotateG_06\"><\/div>\n\t\t\t\t<div class=\"blockG\" id=\"rotateG_07\"><\/div>\n\t\t\t\t<div class=\"blockG\" id=\"rotateG_08\"><\/div>\n\t\t\t<\/div>\n\t\t\t<div class=\"WooZone-cross-sell-loader-text\"><\/div>\n\t\t<\/div>\n\t<\/div>\n\n\t\t\n<\/div>\n<div style=\"clear:both;\"><\/div><\/p>\n","protected":false},"excerpt":{"rendered":"<p>Kalter Tee zum aufgie\u00dfen<br \/>\nIn f\u00fcnf verschiedenen Sorten<br \/>\nOhne Kalorien und Zucker<\/p>\n","protected":false},"featured_media":43141,"comment_status":"open","ping_status":"closed","template":"","meta":[],"product_brand":[],"product_cat":[87],"product_tag":[],"class_list":{"0":"post-43140","1":"product","2":"type-product","3":"status-publish","4":"has-post-thumbnail","6":"product_cat-jahreszeiten-tee","7":"pa_allergie-informationen-enthaelt-glutenfrei","8":"pa_amazon-bestseller-rang-nr-15101-in-lebensmittel-getraenke-siehe-top-100-in-lebensmittel-getraenke-nr-156-in-fruechtetee","9":"pa_artikelgewicht-315-g","10":"pa_aufbewahrung-kuehl-und-trocken-lagern","11":"pa_durchschnittliche-kundenbewer-46-von-5-sternen-174-sternebewertungen-46-von-5-sternen","12":"pa_format-beutel","13":"pa_hersteller-teekanne","14":"pa_im-angebot-von-amazon-de-seit-19-april-2020","15":"pa_koffeingehalt-entkoffeiniert","16":"pa_marke-teekanne","17":"pa_netto-gewicht-315-kilogramm","18":"pa_produktabmessungen-31-5-x-23-x-10-cm-315-gramm","19":"pa_produktbezeichnung-geschenksset-cool-sensations","20":"pa_stueckzahl-500-0-gramm","22":"first","23":"instock","24":"shipping-taxable","25":"purchasable","26":"product-type-simple"},"_links":{"self":[{"href":"https:\/\/123-teezeit.de\/index.php?rest_route=\/wp\/v2\/product\/43140","targetHints":{"allow":["GET"]}}],"collection":[{"href":"https:\/\/123-teezeit.de\/index.php?rest_route=\/wp\/v2\/product"}],"about":[{"href":"https:\/\/123-teezeit.de\/index.php?rest_route=\/wp\/v2\/types\/product"}],"replies":[{"embeddable":true,"href":"https:\/\/123-teezeit.de\/index.php?rest_route=%2Fwp%2Fv2%2Fcomments&post=43140"}],"wp:featuredmedia":[{"embeddable":true,"href":"https:\/\/123-teezeit.de\/index.php?rest_route=\/wp\/v2\/media\/43141"}],"wp:attachment":[{"href":"https:\/\/123-teezeit.de\/index.php?rest_route=%2Fwp%2Fv2%2Fmedia&parent=43140"}],"wp:term":[{"taxonomy":"product_brand","embeddable":true,"href":"https:\/\/123-teezeit.de\/index.php?rest_route=%2Fwp%2Fv2%2Fproduct_brand&post=43140"},{"taxonomy":"product_cat","embeddable":true,"href":"https:\/\/123-teezeit.de\/index.php?rest_route=%2Fwp%2Fv2%2Fproduct_cat&post=43140"},{"taxonomy":"product_tag","embeddable":true,"href":"https:\/\/123-teezeit.de\/index.php?rest_route=%2Fwp%2Fv2%2Fproduct_tag&post=43140"}],"curies":[{"name":"wp","href":"https:\/\/api.w.org\/{rel}","templated":true}]}}