{"id":43191,"date":"2022-02-13T06:36:48","date_gmt":"2022-02-13T06:36:48","guid":{"rendered":"https:\/\/123-teezeit.de\/?product=50g-bio-wintertee-kraeutertee-de-oeko-005"},"modified":"2023-04-10T12:30:32","modified_gmt":"2023-04-10T12:30:32","slug":"50g-bio-wintertee-kraeutertee-de-oeko-005","status":"publish","type":"product","link":"https:\/\/123-teezeit.de\/?product=50g-bio-wintertee-kraeutertee-de-oeko-005","title":{"rendered":"50g BIO &#8211; Wintertee Kr\u00e4utertee &#8211; DE-\u00d6KO-005 &#8211;"},"content":{"rendered":"<p><!-- show up to 2 reviews by default --> <\/p>\n<h3> <span>Produktbeschreibungen<\/span> <\/h3>\n<p> <span>sanfte Frische, feines Aroma, einh\u00fcllend &#8211; aus der K\u00e4lte nach Hause kommen.<\/span> <\/p>\n<h3> <span>Inhaltsstoffe \/ Zutaten<\/span> <\/h3>\n<p> <span>Zutaten: Lindenbl\u00fcten, Lavendel, Melissa, Apfelminze, Kamillelaub + Bl\u00fcten, Fenchellaub, Fenchelsamen, Anis, Kornblumen, Queckenwurzel, Baldrianbl\u00fcten, r\u00f6mische Kamillenbl\u00fcten, Zitronenverbene, Malvenbl\u00fcten<\/span> <\/p>\n<p>Bio Kr\u00e4utertee<br \/>\nnach Original Niederl\u00e4ndischen Rezept!<br \/>\nBio Tee<br \/>\nEin Tee zum &#8222;abschalten&#8220; &#8211; ideal zum Feierabend oder f\u00fcr eine gem\u00fctliche Pause vom Alltagsstress. Zutaten: Karottenst\u00fccke, Lemongras, Mate gr\u00fcn, Koriander, Weidenr\u00f6schen, Weinbeer- und Brombeerbl\u00e4tter, Citroskraut<br \/>\nAB 30,- EURO BESTELLWERT VERSANDKOSTENFREI!!<br \/>\n<div class=\"main-cross-sell\" data-asin=\"B00HS24ZHW\">\n\n\t<div class=\"WooZone-cross-sell-loader\">\n\t\t<div>\n\t\t\t<div id=\"floatingBarsG\">\n\t\t\t\t<div class=\"blockG\" id=\"rotateG_01\"><\/div>\n\t\t\t\t<div class=\"blockG\" id=\"rotateG_02\"><\/div>\n\t\t\t\t<div class=\"blockG\" id=\"rotateG_03\"><\/div>\n\t\t\t\t<div class=\"blockG\" id=\"rotateG_04\"><\/div>\n\t\t\t\t<div class=\"blockG\" id=\"rotateG_05\"><\/div>\n\t\t\t\t<div class=\"blockG\" id=\"rotateG_06\"><\/div>\n\t\t\t\t<div class=\"blockG\" id=\"rotateG_07\"><\/div>\n\t\t\t\t<div class=\"blockG\" id=\"rotateG_08\"><\/div>\n\t\t\t<\/div>\n\t\t\t<div class=\"WooZone-cross-sell-loader-text\"><\/div>\n\t\t<\/div>\n\t<\/div>\n\n\t\t\n<\/div>\n<div style=\"clear:both;\"><\/div><\/p>\n","protected":false},"excerpt":{"rendered":"<p>Bio Kr\u00e4utertee<br \/>\nnach Original Niederl\u00e4ndischen Rezept!<br \/>\nBio Tee<\/p>\n","protected":false},"featured_media":43192,"comment_status":"open","ping_status":"closed","template":"","meta":[],"product_brand":[],"product_cat":[87],"product_tag":[],"class_list":{"0":"post-43191","1":"product","2":"type-product","3":"status-publish","4":"has-post-thumbnail","6":"product_cat-jahreszeiten-tee","7":"pa_amazon-bestseller-rang-nr-288705-in-lebensmittel-getraenke-siehe-top-100-in-lebensmittel-getraenke-nr-9712-in-kraeutertee","8":"pa_artikelgewicht-50-g","9":"pa_aufbewahrung-wenig-licht-trocken-und-kuehl-aufbewahren","10":"pa_besonderheit-bio","11":"pa_format-getrocknet","12":"pa_herkunftsland-deutschland","13":"pa_herkunftsort-der-primaeren-zu-deutschland","14":"pa_hersteller-madavanilla","15":"pa_im-angebot-von-amazon-de-seit-9-januar-2014","16":"pa_marke-madavanilla","17":"pa_netto-gewicht-50-gramm","18":"pa_stueckzahl-50-0-gramm","19":"pa_ursprungsland-deutschland","20":"pa_ursprungsland-der-primaeren-z-deutschland","22":"first","23":"instock","24":"shipping-taxable","25":"purchasable","26":"product-type-simple"},"_links":{"self":[{"href":"https:\/\/123-teezeit.de\/index.php?rest_route=\/wp\/v2\/product\/43191","targetHints":{"allow":["GET"]}}],"collection":[{"href":"https:\/\/123-teezeit.de\/index.php?rest_route=\/wp\/v2\/product"}],"about":[{"href":"https:\/\/123-teezeit.de\/index.php?rest_route=\/wp\/v2\/types\/product"}],"replies":[{"embeddable":true,"href":"https:\/\/123-teezeit.de\/index.php?rest_route=%2Fwp%2Fv2%2Fcomments&post=43191"}],"wp:featuredmedia":[{"embeddable":true,"href":"https:\/\/123-teezeit.de\/index.php?rest_route=\/wp\/v2\/media\/43192"}],"wp:attachment":[{"href":"https:\/\/123-teezeit.de\/index.php?rest_route=%2Fwp%2Fv2%2Fmedia&parent=43191"}],"wp:term":[{"taxonomy":"product_brand","embeddable":true,"href":"https:\/\/123-teezeit.de\/index.php?rest_route=%2Fwp%2Fv2%2Fproduct_brand&post=43191"},{"taxonomy":"product_cat","embeddable":true,"href":"https:\/\/123-teezeit.de\/index.php?rest_route=%2Fwp%2Fv2%2Fproduct_cat&post=43191"},{"taxonomy":"product_tag","embeddable":true,"href":"https:\/\/123-teezeit.de\/index.php?rest_route=%2Fwp%2Fv2%2Fproduct_tag&post=43191"}],"curies":[{"name":"wp","href":"https:\/\/api.w.org\/{rel}","templated":true}]}}