{"id":43199,"date":"2022-02-13T06:36:55","date_gmt":"2022-02-13T06:36:55","guid":{"rendered":"https:\/\/123-teezeit.de\/?product=quertee-fruechtetee-bratapfel-mit-bratapfel-geschmack-250-g"},"modified":"2023-04-10T12:30:32","modified_gmt":"2023-04-10T12:30:32","slug":"quertee-fruechtetee-bratapfel-mit-bratapfel-geschmack-250-g","status":"publish","type":"product","link":"https:\/\/123-teezeit.de\/?product=quertee-fruechtetee-bratapfel-mit-bratapfel-geschmack-250-g","title":{"rendered":"Quertee\u00ae &#8211; Fr\u00fcchtetee &#8222;Bratapfel&#8220; &#8211; Mit Bratapfel-Geschmack &#8211; 250 g"},"content":{"rendered":"<p><!-- show up to 2 reviews by default --> <\/p>\n<h3> <span>Produktbeschreibung<\/span> <\/h3>\n<p> <span class=\"a-text-bold\">Quertee &#8211; Fr\u00fcchtetee &#8211; Bratapfel &#8211; 250 g<\/span><\/p>\n<p><span> Fr\u00fcchtetee-Mischung, aromatisiert <\/span><\/p>\n<p><span> Geschmack: Saftiger Bratapfel <\/span><\/p>\n<p><span> Zutaten: Apfelst\u00fccke (40%), Hibiskusbl\u00fcten, Orangenschalen, Hagebuttenschalen, ges\u00e4uerte Apfelst\u00fccke (4%)(\u00c4pfel, S\u00e4uerungsmittel: Zitronens\u00e4ure), Aroma, Rosenbl\u00fctenbl\u00e4tter, MANDELST\u00dcCKE.<\/span><\/p>\n<p><span> Zubereitung: Wichtiger Hinweis: Nehmen Sie 2 TL Tee f\u00fcr eine Tasse (ca. 200 ml). Immer mit sprudelnd kochendem Wasser aufgie\u00dfen und mindestens 6 &#8211; 10 Minuten ziehen lassen! Nur so erhalten Sie ein sicheres Lebensmittel! <\/span><\/p>\n<p><span> K\u00fchl, trocken und dunkel lagern. <\/span><\/p>\n<\/p>\n<h3> <span>Inhaltsstoffe \/ Zutaten<\/span> <\/h3>\n<p> <span>Apfelst\u00fccke (40%), Hibiskusbl\u00fcten, Orangenschalen, Hagebuttenschalen, ges\u00e4uerte Apfelst\u00fccke (4%)(\u00c4pfel, S\u00e4uerungsmittel: Zitronens\u00e4ure), Aroma, Rosenbl\u00fctenbl\u00e4tter, MANDELST\u00dcCKE.<\/span> <\/p>\n<div data-a-expander-name=\"toggle_description\" class=\"a-row a-expander-container a-expander-extend-container\">\n<div class=\"a-expander-content a-expander-extend-content\">\n<h3> <span>Gebrauchsanweisung<\/span> <\/h3>\n<p> <span>Wichtiger Hinweis: Nehmen Sie 2 TL Tee f\u00fcr eine Tasse (ca. 200 ml). Immer mit sprudelnd kochendem Wasser aufgie\u00dfen und mindestens 6 &#8211; 10 Minuten ziehen lassen! Nur so erhalten Sie ein sicheres Lebensmittel!<\/span> <\/p>\n<h3> <span>Anschrift Hersteller\/Importeur<\/span> <\/h3>\n<p> <span>Christiana Artelt &#8211; tee-markt24.de &#8211; M\u00f6rser Str. 29a &#8211; D-,38442 Wolfsburg<\/span> <\/p>\n<\/p><\/div>\n<p> <a data-csa-c-func-deps=\"aui-da-a-expander-toggle\" data-csa-c-type=\"widget\" data-csa-interaction-events=\"click\" role=\"button\" href=\"void(0)\" data-action=\"a-expander-toggle\" class=\"a-expander-header a-declarative a-expander-extend-header\" data-a-expander-toggle=\"{\"><i class=\"a-icon a-icon-extender-expand\"><\/i><span class=\"a-expander-prompt\">Mehr<\/span><\/a> <\/div>\n<p>Quertee &#8211; Fr\u00fcchtetee &#8211; Bratapfel &#8211; 250 g<br \/>\nmit Bratapfel Geschmack<br \/>\n<div class=\"main-cross-sell\" data-asin=\"B010QRCWW0\">\n\n\t<div class=\"WooZone-cross-sell-loader\">\n\t\t<div>\n\t\t\t<div id=\"floatingBarsG\">\n\t\t\t\t<div class=\"blockG\" id=\"rotateG_01\"><\/div>\n\t\t\t\t<div class=\"blockG\" id=\"rotateG_02\"><\/div>\n\t\t\t\t<div class=\"blockG\" id=\"rotateG_03\"><\/div>\n\t\t\t\t<div class=\"blockG\" id=\"rotateG_04\"><\/div>\n\t\t\t\t<div class=\"blockG\" id=\"rotateG_05\"><\/div>\n\t\t\t\t<div class=\"blockG\" id=\"rotateG_06\"><\/div>\n\t\t\t\t<div class=\"blockG\" id=\"rotateG_07\"><\/div>\n\t\t\t\t<div class=\"blockG\" id=\"rotateG_08\"><\/div>\n\t\t\t<\/div>\n\t\t\t<div class=\"WooZone-cross-sell-loader-text\"><\/div>\n\t\t<\/div>\n\t<\/div>\n\n\t\t\n<\/div>\n<div style=\"clear:both;\"><\/div><\/p>\n","protected":false},"excerpt":{"rendered":"<p>Quertee &#8211; Fr\u00fcchtetee &#8211; Bratapfel &#8211; 250 g<br \/>\nmit Bratapfel Geschmack<\/p>\n","protected":false},"featured_media":43200,"comment_status":"open","ping_status":"closed","template":"","meta":[],"product_brand":[],"product_cat":[87],"product_tag":[],"class_list":{"0":"post-43199","1":"product","2":"type-product","3":"status-publish","4":"has-post-thumbnail","6":"product_cat-jahreszeiten-tee","7":"pa_allergie-informationen-enthaelt-mandeln","8":"pa_amazon-bestseller-rang-nr-166296-in-lebensmittel-getraenke-siehe-top-100-in-lebensmittel-getraenke-nr-2099-in-fruechtetee","9":"pa_artikelgewicht-250-g","10":"pa_aufbewahrung-kuehl-trocken-und-dunkel-lagern","11":"pa_durchschnittliche-kundenbewer-50-von-5-sternen-1-sternebewertung-50-von-5-sternen","12":"pa_format-lose-blaetter","13":"pa_hersteller-quertee","14":"pa_im-angebot-von-amazon-de-seit-1-juli-2015","15":"pa_kontakt-zum-hersteller-christiana-artelt-tee-markt24-de-moerser-str-29a-d-38442-wolfsburg","16":"pa_marke-quertee","17":"pa_netto-gewicht-250-gramm","18":"pa_stueckzahl-250-0-gramm","19":"pa_verpackungsabmessungen-22-x-8-6-x-5-4-cm-250-gramm","20":"pa_zusatzstoffe-nicht-zutreffend","22":"first","23":"instock","24":"shipping-taxable","25":"purchasable","26":"product-type-simple"},"_links":{"self":[{"href":"https:\/\/123-teezeit.de\/index.php?rest_route=\/wp\/v2\/product\/43199","targetHints":{"allow":["GET"]}}],"collection":[{"href":"https:\/\/123-teezeit.de\/index.php?rest_route=\/wp\/v2\/product"}],"about":[{"href":"https:\/\/123-teezeit.de\/index.php?rest_route=\/wp\/v2\/types\/product"}],"replies":[{"embeddable":true,"href":"https:\/\/123-teezeit.de\/index.php?rest_route=%2Fwp%2Fv2%2Fcomments&post=43199"}],"wp:featuredmedia":[{"embeddable":true,"href":"https:\/\/123-teezeit.de\/index.php?rest_route=\/wp\/v2\/media\/43200"}],"wp:attachment":[{"href":"https:\/\/123-teezeit.de\/index.php?rest_route=%2Fwp%2Fv2%2Fmedia&parent=43199"}],"wp:term":[{"taxonomy":"product_brand","embeddable":true,"href":"https:\/\/123-teezeit.de\/index.php?rest_route=%2Fwp%2Fv2%2Fproduct_brand&post=43199"},{"taxonomy":"product_cat","embeddable":true,"href":"https:\/\/123-teezeit.de\/index.php?rest_route=%2Fwp%2Fv2%2Fproduct_cat&post=43199"},{"taxonomy":"product_tag","embeddable":true,"href":"https:\/\/123-teezeit.de\/index.php?rest_route=%2Fwp%2Fv2%2Fproduct_tag&post=43199"}],"curies":[{"name":"wp","href":"https:\/\/api.w.org\/{rel}","templated":true}]}}