{"id":43215,"date":"2022-02-13T06:37:06","date_gmt":"2022-02-13T06:37:06","guid":{"rendered":"https:\/\/123-teezeit.de\/?product=pflaume-zimt-100g-fruechtetee"},"modified":"2023-04-10T12:30:32","modified_gmt":"2023-04-10T12:30:32","slug":"pflaume-zimt-100g-fruechtetee","status":"publish","type":"product","link":"https:\/\/123-teezeit.de\/?product=pflaume-zimt-100g-fruechtetee","title":{"rendered":"Pflaume-Zimt, 100g Fr\u00fcchtetee"},"content":{"rendered":"<p><!-- show up to 2 reviews by default --> <\/p>\n<h3> <span>Produktbeschreibungen<\/span> <\/h3>\n<p> <span>Herrlich pflaumigfruchtige, zimtige Fr\u00fcchteteemischung * Zutaten: Apfel, Hagebutte, Hibiskus, Zimt, Sonnenblumenbl\u00fcten, Aroma * Zubereitung: 1 Teel\u00f6ffel je Tasse, 100\u00b0C Wassertemperatur, 5-10 min. Ziehzeit.<\/span> <\/p>\n<h3> <span>Inhaltsstoffe \/ Zutaten<\/span> <\/h3>\n<p> <span>Apfel, Hagebutte, Hibiskus,Zimt, Sonnenblumenbl\u00fcten, Aroma<\/span> <\/p>\n<div data-a-expander-name=\"toggle_description\" class=\"a-row a-expander-container a-expander-extend-container\">\n<div class=\"a-expander-content a-expander-extend-content\">\n<h3> <span>Gebrauchsanweisung<\/span> <\/h3>\n<p> <span>1 Teel\u00f6ffel je Tasse, 100\u00b0C Wassertemperatur, 5-10 min. Ziehzeit.<\/span> <\/p>\n<\/p><\/div>\n<p> <a data-csa-c-func-deps=\"aui-da-a-expander-toggle\" data-csa-c-type=\"widget\" data-csa-interaction-events=\"click\" role=\"button\" href=\"void(0)\" data-action=\"a-expander-toggle\" class=\"a-expander-header a-declarative a-expander-extend-header\" data-a-expander-toggle=\"{\"><i class=\"a-icon a-icon-extender-expand\"><\/i><span class=\"a-expander-prompt\">Mehr<\/span><\/a> <\/div>\n<p>Lieblich-fruchtige Fr\u00fcchtemischung mit dem Geschmack reifer Pflaume auf feinem Zimt.<br \/>\nEnth\u00e4lt kein Teein oder Koffein, hervorragend f\u00fcr Kinder geeignet.<br \/>\nWarm oder kalt serviert &#8211; immer ein Genuss.<br \/>\n<div class=\"main-cross-sell\" data-asin=\"B005LMZHWI\">\n\n\t<div class=\"WooZone-cross-sell-loader\">\n\t\t<div>\n\t\t\t<div id=\"floatingBarsG\">\n\t\t\t\t<div class=\"blockG\" id=\"rotateG_01\"><\/div>\n\t\t\t\t<div class=\"blockG\" id=\"rotateG_02\"><\/div>\n\t\t\t\t<div class=\"blockG\" id=\"rotateG_03\"><\/div>\n\t\t\t\t<div class=\"blockG\" id=\"rotateG_04\"><\/div>\n\t\t\t\t<div class=\"blockG\" id=\"rotateG_05\"><\/div>\n\t\t\t\t<div class=\"blockG\" id=\"rotateG_06\"><\/div>\n\t\t\t\t<div class=\"blockG\" id=\"rotateG_07\"><\/div>\n\t\t\t\t<div class=\"blockG\" id=\"rotateG_08\"><\/div>\n\t\t\t<\/div>\n\t\t\t<div class=\"WooZone-cross-sell-loader-text\"><\/div>\n\t\t<\/div>\n\t<\/div>\n\n\t\t\n<\/div>\n<div style=\"clear:both;\"><\/div><\/p>\n","protected":false},"excerpt":{"rendered":"<p>Lieblich-fruchtige Fr\u00fcchtemischung mit dem Geschmack reifer Pflaume auf feinem Zimt.<br \/>\nEnth\u00e4lt kein Teein oder Koffein, hervorragend f\u00fcr Kinder geeignet.<br \/>\nWarm oder kalt serviert &#8211; immer ein Genuss.<\/p>\n","protected":false},"featured_media":43216,"comment_status":"open","ping_status":"closed","template":"","meta":[],"product_brand":[],"product_cat":[87],"product_tag":[],"class_list":{"0":"post-43215","1":"product","2":"type-product","3":"status-publish","4":"has-post-thumbnail","6":"product_cat-jahreszeiten-tee","7":"pa_amazon-bestseller-rang-nr-70405-in-lebensmittel-getraenke-siehe-top-100-in-lebensmittel-getraenke-nr-900-in-fruechtetee","8":"pa_artikelgewicht-100-g","9":"pa_auslaufartikel-produktion-dur-nein","10":"pa_durchschnittliche-kundenbewer-37-von-5-sternen-7-sternebewertungen-37-von-5-sternen","11":"pa_format-getrocknet","12":"pa_herkunftsland-deutschland","13":"pa_hersteller-ballhause-time-for-tea-e-k","14":"pa_im-angebot-von-amazon-de-seit-7-september-2011","15":"pa_koffeingehalt-koffeinfrei","16":"pa_marke-ballhause-time-for-tea-e-k","17":"pa_netto-gewicht-100-gramm","18":"pa_produktbezeichnung-food","19":"pa_stueckzahl-100-0-gramm","20":"pa_verpackungsabmessungen-17-8-x-6-4-x-3-8-cm-100-gramm","22":"first","23":"instock","24":"shipping-taxable","25":"purchasable","26":"product-type-simple"},"_links":{"self":[{"href":"https:\/\/123-teezeit.de\/index.php?rest_route=\/wp\/v2\/product\/43215","targetHints":{"allow":["GET"]}}],"collection":[{"href":"https:\/\/123-teezeit.de\/index.php?rest_route=\/wp\/v2\/product"}],"about":[{"href":"https:\/\/123-teezeit.de\/index.php?rest_route=\/wp\/v2\/types\/product"}],"replies":[{"embeddable":true,"href":"https:\/\/123-teezeit.de\/index.php?rest_route=%2Fwp%2Fv2%2Fcomments&post=43215"}],"wp:featuredmedia":[{"embeddable":true,"href":"https:\/\/123-teezeit.de\/index.php?rest_route=\/wp\/v2\/media\/43216"}],"wp:attachment":[{"href":"https:\/\/123-teezeit.de\/index.php?rest_route=%2Fwp%2Fv2%2Fmedia&parent=43215"}],"wp:term":[{"taxonomy":"product_brand","embeddable":true,"href":"https:\/\/123-teezeit.de\/index.php?rest_route=%2Fwp%2Fv2%2Fproduct_brand&post=43215"},{"taxonomy":"product_cat","embeddable":true,"href":"https:\/\/123-teezeit.de\/index.php?rest_route=%2Fwp%2Fv2%2Fproduct_cat&post=43215"},{"taxonomy":"product_tag","embeddable":true,"href":"https:\/\/123-teezeit.de\/index.php?rest_route=%2Fwp%2Fv2%2Fproduct_tag&post=43215"}],"curies":[{"name":"wp","href":"https:\/\/api.w.org\/{rel}","templated":true}]}}