{"id":43226,"date":"2022-02-13T06:37:11","date_gmt":"2022-02-13T06:37:11","guid":{"rendered":"https:\/\/123-teezeit.de\/?product=teekanne-persischer-granatapfel-45-g"},"modified":"2023-04-10T12:30:32","modified_gmt":"2023-04-10T12:30:32","slug":"teekanne-persischer-granatapfel-45-g","status":"publish","type":"product","link":"https:\/\/123-teezeit.de\/?product=teekanne-persischer-granatapfel-45-g","title":{"rendered":"Teekanne Persischer Granatapfel (45 g)"},"content":{"rendered":"<p><!-- show up to 2 reviews by default --> <\/p>\n<h3> <span>Produktbeschreibung<\/span> <\/h3>\n<p> <span>Entdecken Sie Persien \u2013 mit TEEKANNE Persischer Granatapfel! Gehen Sie mit TEEKANNE Persischer Granatapfel auf eine Reise in die mystische und m\u00e4rchenhafte Welt Persiens mit seiner faszinierenden Geschichte. Und genie\u00dfen Sie den s\u00fc\u00df-fruchtigen Geschmack des saftigen Granatapfels, genussvoll kombiniert mit fruchtigem Pfirsich-Aroma. Genauso faszinierend wie diese Region, schmeckt dieser Tee \u2013 s\u00fc\u00df und fruchtig zugleich. Sorgfalt und schonende Verarbeitung machen diesen Genuss perfekt.<\/span> <\/p>\n<h3> <span>Inhaltsstoffe \/ Zutaten<\/span> <\/h3>\n<p> <span>Zutaten: Hibiskus, \u00c4pfel, s\u00fc\u00dfe Brombeerbl\u00e4tter, Granatapfelar oma, Granatapfelsaftkonzentrat, Pfirsicharoma, Pfirsichgranul at<\/span> <\/p>\n<div data-a-expander-name=\"toggle_description\" class=\"a-row a-expander-container a-expander-extend-container\">\n<div class=\"a-expander-content a-expander-extend-content\">\n<h3> <span>Gebrauchsanweisung<\/span> <\/h3>\n<p> <span>Nehmen Sie f\u00fcr eine Tasse 1 Teebeutel. Mit sprudelnd kochendem Wasser aufgie\u00dfen und mindestens 5-8 Minuten ziehen lassen. Nur so erhalten Sie ein sicheres Lebensmittel!<\/span> <\/p>\n<\/p><\/div>\n<p> <a data-csa-c-func-deps=\"aui-da-a-expander-toggle\" data-csa-c-type=\"widget\" data-csa-interaction-events=\"click\" role=\"button\" href=\"void(0)\" data-action=\"a-expander-toggle\" class=\"a-expander-header a-declarative a-expander-extend-header\" data-a-expander-toggle=\"{\"><i class=\"a-icon a-icon-extender-expand\"><\/i><span class=\"a-expander-prompt\">Mehr<\/span><\/a> <\/div>\n<p>Fr\u00fcchtetee mit Granatapfel-Pfirsich-Aroma<br \/>\ns\u00fc\u00df-fruchtig<br \/>\npro Packung 20 Doppelkammerbeutel, einzeln umh\u00fcllt<br \/>\n<div class=\"main-cross-sell\" data-asin=\"B08DDXTZ8V\">\n\n\t<div class=\"WooZone-cross-sell-loader\">\n\t\t<div>\n\t\t\t<div id=\"floatingBarsG\">\n\t\t\t\t<div class=\"blockG\" id=\"rotateG_01\"><\/div>\n\t\t\t\t<div class=\"blockG\" id=\"rotateG_02\"><\/div>\n\t\t\t\t<div class=\"blockG\" id=\"rotateG_03\"><\/div>\n\t\t\t\t<div class=\"blockG\" id=\"rotateG_04\"><\/div>\n\t\t\t\t<div class=\"blockG\" id=\"rotateG_05\"><\/div>\n\t\t\t\t<div class=\"blockG\" id=\"rotateG_06\"><\/div>\n\t\t\t\t<div class=\"blockG\" id=\"rotateG_07\"><\/div>\n\t\t\t\t<div class=\"blockG\" id=\"rotateG_08\"><\/div>\n\t\t\t<\/div>\n\t\t\t<div class=\"WooZone-cross-sell-loader-text\"><\/div>\n\t\t<\/div>\n\t<\/div>\n\n\t\t\n<\/div>\n<div style=\"clear:both;\"><\/div><\/p>\n","protected":false},"excerpt":{"rendered":"<p>Fr\u00fcchtetee mit Granatapfel-Pfirsich-Aroma<br \/>\ns\u00fc\u00df-fruchtig<br \/>\npro Packung 20 Doppelkammerbeutel, einzeln umh\u00fcllt<\/p>\n","protected":false},"featured_media":43227,"comment_status":"open","ping_status":"closed","template":"","meta":[],"product_brand":[],"product_cat":[87],"product_tag":[],"class_list":{"0":"post-43226","1":"product","2":"type-product","3":"status-publish","4":"has-post-thumbnail","6":"product_cat-jahreszeiten-tee","7":"pa_amazon-bestseller-rang-nr-11884-in-lebensmittel-getraenke-siehe-top-100-in-lebensmittel-getraenke-nr-114-in-fruechtetee","8":"pa_artikelgewicht-45-g","9":"pa_aufbewahrung-vor-waerme-geschuetzt-und-trocken-lagern","10":"pa_durchschnittliche-kundenbewer-47-von-5-sternen-180-sternebewertungen-47-von-5-sternen","11":"pa_format-beutel","12":"pa_herkunftsland-deutschland","13":"pa_hersteller-teekanne","14":"pa_im-angebot-von-amazon-de-seit-31-mai-2020","15":"pa_marke-teekanne","16":"pa_netto-gewicht-45-gramm","17":"pa_produktbezeichnung-fruechtetee-aromatisiert-granatapfel-und-pfirsicharoma","18":"pa_stueckzahl-45-0-gramm","19":"pa_ursprungsland-germany","20":"pa_verpackungsabmessungen-13-9-x-7-5-x-6-2-cm-45-gramm","21":"pa_zertifizierung-gruener-punkt-ara-verpackungskennzeichen","23":"first","24":"instock","25":"shipping-taxable","26":"purchasable","27":"product-type-simple"},"_links":{"self":[{"href":"https:\/\/123-teezeit.de\/index.php?rest_route=\/wp\/v2\/product\/43226","targetHints":{"allow":["GET"]}}],"collection":[{"href":"https:\/\/123-teezeit.de\/index.php?rest_route=\/wp\/v2\/product"}],"about":[{"href":"https:\/\/123-teezeit.de\/index.php?rest_route=\/wp\/v2\/types\/product"}],"replies":[{"embeddable":true,"href":"https:\/\/123-teezeit.de\/index.php?rest_route=%2Fwp%2Fv2%2Fcomments&post=43226"}],"wp:featuredmedia":[{"embeddable":true,"href":"https:\/\/123-teezeit.de\/index.php?rest_route=\/wp\/v2\/media\/43227"}],"wp:attachment":[{"href":"https:\/\/123-teezeit.de\/index.php?rest_route=%2Fwp%2Fv2%2Fmedia&parent=43226"}],"wp:term":[{"taxonomy":"product_brand","embeddable":true,"href":"https:\/\/123-teezeit.de\/index.php?rest_route=%2Fwp%2Fv2%2Fproduct_brand&post=43226"},{"taxonomy":"product_cat","embeddable":true,"href":"https:\/\/123-teezeit.de\/index.php?rest_route=%2Fwp%2Fv2%2Fproduct_cat&post=43226"},{"taxonomy":"product_tag","embeddable":true,"href":"https:\/\/123-teezeit.de\/index.php?rest_route=%2Fwp%2Fv2%2Fproduct_tag&post=43226"}],"curies":[{"name":"wp","href":"https:\/\/api.w.org\/{rel}","templated":true}]}}