{"id":43233,"date":"2022-02-13T06:37:15","date_gmt":"2022-02-13T06:37:15","guid":{"rendered":"https:\/\/123-teezeit.de\/?product=salus-winter-tee-aufgussbeutel-blau-30-g-1er-pack"},"modified":"2023-04-10T12:30:32","modified_gmt":"2023-04-10T12:30:32","slug":"salus-winter-tee-aufgussbeutel-blau-30-g-1er-pack","status":"publish","type":"product","link":"https:\/\/123-teezeit.de\/?product=salus-winter-tee-aufgussbeutel-blau-30-g-1er-pack","title":{"rendered":"Salus Winter, Tee-Aufgussbeutel Blau 30 g (1er Pack)"},"content":{"rendered":"<p><!-- show up to 2 reviews by default --> <\/p>\n<h3> <span>Produktbeschreibung<\/span> <\/h3>\n<p> <span>Russischer Winter, Tee-Aufgussbeutel. Saisonartikel Fr\u00fcchte-Gew\u00fcrztee Mit s\u00fc\u00dfem Waldbeeren-Geschmack und feiner Zimtnote Alle Zutaten aus \u00f6kologischem Landbau<\/span> <\/p>\n<h3> <span>Inhaltsstoffe \/ Zutaten<\/span> <\/h3>\n<p> <span>Hibiskusbl\u00fcten*, Hagebuttenschalen*, Apfelfr\u00fcchte*, Zimtrinde* (13%), Heidelbeerfr\u00fcchte* (10 %), Holunderbeeren*, Johannisbeerfr\u00fcchte schwarz*, Honigbuschzweigspitzen*, nat\u00fcrliches Bio-Aroma**, Gew\u00fcrznelken*. *Aus kontrolliert biologischem Anbau.<\/span> <\/p>\n<div data-a-expander-name=\"toggle_description\" class=\"a-row a-expander-container a-expander-extend-container\">\n<div class=\"a-expander-content a-expander-extend-content\">\n<h3> <span>Warnhinweise<\/span> <\/h3>\n<p> <span>DE-\u00d6KO-003<\/span> <\/p>\n<h3> <span>Anschrift Hersteller\/Importeur<\/span> <\/h3>\n<p> <span>SALUS Haus Dr. med. Otto Greither Nachf. GmbH &amp; Co. KG, Bahnhofstr. 24, 83052 Bruckm\u00fchl<\/span> <\/p>\n<\/p><\/div>\n<p> <a data-csa-c-func-deps=\"aui-da-a-expander-toggle\" data-csa-c-type=\"widget\" data-csa-interaction-events=\"click\" role=\"button\" href=\"void(0)\" data-action=\"a-expander-toggle\" class=\"a-expander-header a-declarative a-expander-extend-header\" data-a-expander-toggle=\"{\"><i class=\"a-icon a-icon-extender-expand\"><\/i><span class=\"a-expander-prompt\">Mehr<\/span><\/a> <\/div>\n<p>Saisonartikel<br \/>\nFr\u00fcchte-Gew\u00fcrztee<br \/>\nMit s\u00fc\u00dfem Waldbeeren-Geschmack und feiner Zimtnote<br \/>\nAlle Zutaten aus \u00f6kologischem Landbau<br \/>\n<div class=\"main-cross-sell\" data-asin=\"B0053DFRJ8\">\n\n\t<div class=\"WooZone-cross-sell-loader\">\n\t\t<div>\n\t\t\t<div id=\"floatingBarsG\">\n\t\t\t\t<div class=\"blockG\" id=\"rotateG_01\"><\/div>\n\t\t\t\t<div class=\"blockG\" id=\"rotateG_02\"><\/div>\n\t\t\t\t<div class=\"blockG\" id=\"rotateG_03\"><\/div>\n\t\t\t\t<div class=\"blockG\" id=\"rotateG_04\"><\/div>\n\t\t\t\t<div class=\"blockG\" id=\"rotateG_05\"><\/div>\n\t\t\t\t<div class=\"blockG\" id=\"rotateG_06\"><\/div>\n\t\t\t\t<div class=\"blockG\" id=\"rotateG_07\"><\/div>\n\t\t\t\t<div class=\"blockG\" id=\"rotateG_08\"><\/div>\n\t\t\t<\/div>\n\t\t\t<div class=\"WooZone-cross-sell-loader-text\"><\/div>\n\t\t<\/div>\n\t<\/div>\n\n\t\t\n<\/div>\n<div style=\"clear:both;\"><\/div><\/p>\n","protected":false},"excerpt":{"rendered":"<p>Saisonartikel<br \/>\nFr\u00fcchte-Gew\u00fcrztee<br \/>\nMit s\u00fc\u00dfem Waldbeeren-Geschmack und feiner Zimtnote<\/p>\n","protected":false},"featured_media":43234,"comment_status":"open","ping_status":"closed","template":"","meta":[],"product_brand":[],"product_cat":[87],"product_tag":[],"class_list":{"0":"post-43233","1":"product","2":"type-product","3":"status-publish","4":"has-post-thumbnail","6":"product_cat-jahreszeiten-tee","7":"pa_allergie-informationen-enthaelt-ohne-sulphite","8":"pa_amazon-bestseller-rang-nr-80188-in-lebensmittel-getraenke-siehe-top-100-in-lebensmittel-getraenke-nr-1050-in-fruechtetee","9":"pa_artikelgewicht-30-g","10":"pa_besonderheit-ohne-gentechnik-bio-vegetarisch-vegan-zoeliakie-vertraeglich","11":"pa_durchschnittliche-kundenbewer-45-von-5-sternen-20-sternebewertungen-45-von-5-sternen","12":"pa_format-filterbeutel-faltschachtel","13":"pa_herkunftsort-der-primaeren-zu-deutschland","14":"pa_hersteller-herbaria","15":"pa_im-angebot-von-amazon-de-seit-30-mai-2011","16":"pa_koffeingehalt-koffeinfrei","17":"pa_kontakt-zum-hersteller-salus-haus-dr-med-otto-greither-nachf-gmbh-co-kg-bahnhofstr-24-83052-bruckmuehl","18":"pa_landeskueche-deutschland","19":"pa_marke-salus","20":"pa_netto-gewicht-30-gramm","21":"pa_produktabmessungen-8-x-11-x-7-cm-30-gramm","22":"pa_stueckzahl-30-0-gramm","23":"pa_ursprungsland-der-primaeren-z-international","24":"pa_zertifizierung-bio-nach-eg-oeko-verordnung","26":"first","27":"instock","28":"shipping-taxable","29":"purchasable","30":"product-type-simple"},"_links":{"self":[{"href":"https:\/\/123-teezeit.de\/index.php?rest_route=\/wp\/v2\/product\/43233","targetHints":{"allow":["GET"]}}],"collection":[{"href":"https:\/\/123-teezeit.de\/index.php?rest_route=\/wp\/v2\/product"}],"about":[{"href":"https:\/\/123-teezeit.de\/index.php?rest_route=\/wp\/v2\/types\/product"}],"replies":[{"embeddable":true,"href":"https:\/\/123-teezeit.de\/index.php?rest_route=%2Fwp%2Fv2%2Fcomments&post=43233"}],"wp:featuredmedia":[{"embeddable":true,"href":"https:\/\/123-teezeit.de\/index.php?rest_route=\/wp\/v2\/media\/43234"}],"wp:attachment":[{"href":"https:\/\/123-teezeit.de\/index.php?rest_route=%2Fwp%2Fv2%2Fmedia&parent=43233"}],"wp:term":[{"taxonomy":"product_brand","embeddable":true,"href":"https:\/\/123-teezeit.de\/index.php?rest_route=%2Fwp%2Fv2%2Fproduct_brand&post=43233"},{"taxonomy":"product_cat","embeddable":true,"href":"https:\/\/123-teezeit.de\/index.php?rest_route=%2Fwp%2Fv2%2Fproduct_cat&post=43233"},{"taxonomy":"product_tag","embeddable":true,"href":"https:\/\/123-teezeit.de\/index.php?rest_route=%2Fwp%2Fv2%2Fproduct_tag&post=43233"}],"curies":[{"name":"wp","href":"https:\/\/api.w.org\/{rel}","templated":true}]}}