{"id":43240,"date":"2022-02-13T06:37:25","date_gmt":"2022-02-13T06:37:25","guid":{"rendered":"https:\/\/123-teezeit.de\/?product=fruechte-tee-weihnachtsfruechte-pyramidenbeutel-15-stueck"},"modified":"2023-04-09T12:30:29","modified_gmt":"2023-04-09T12:30:29","slug":"fruechte-tee-weihnachtsfruechte-pyramidenbeutel-15-stueck","status":"publish","type":"product","link":"https:\/\/123-teezeit.de\/?product=fruechte-tee-weihnachtsfruechte-pyramidenbeutel-15-stueck","title":{"rendered":"Fr\u00fcchte Tee Weihnachtsfr\u00fcchte Pyramidenbeutel 15 St\u00fcck"},"content":{"rendered":"<p><!-- show up to 2 reviews by default --> <\/p>\n<h3> <span>Produktbeschreibungen<\/span> <\/h3>\n<p> <span>Aromatischer k\u00f6nnen Sie Tee nicht geniessen. Die Tees aus unserer Trendkollektion stammen aus den besten Teeg\u00e4rten und bieten einen unnachahmlichen Teegenuss. Im Gegensatz zu gew\u00f6hnlichen Teebeuteln sind diese Pyramidenbeutel statt mit minderwertigerer Teestaubware nur mit der exzellenten &#8222;Losen Qualit\u00e4t&#8220; gef\u00fcllt. Es ist daher kein Wunder, dass Sie im Spezialbeutel gro\u00dfe Teebl\u00e4tter, pralle Fruchtst\u00fccke und andere Zutaten je nach Sorte sehen. Der grossformatige Beutel gibt dem Tee zudem mehr Platz zum Ziehen und schenkt Ihnen damit einen unvergesslichen Geschmack. Jeder Teebeutel wird einzeln in aromasichere Folie verpackt und schmeckt daher Tasse-f\u00fcr-Tasse frisch. Der praktische Standkarton enth\u00e4t 15 Portionen und kann direkt in der K\u00fcche plaziert werden. In anderen Worten: bester Tee &#8230; h\u00fcbsch verpackt.<\/span> <\/p>\n<h3> <span>Inhaltsstoffe \/ Zutaten<\/span> <\/h3>\n<p> <span>Hibiskusbl\u00fcten, Apfelst\u00fccke, Weinbeeren, Orangenschalen, Aroma, Hagebuttenschalen, kandierte Ananasst\u00fccke (Ananas, Zucker), Holunderbeeren, kandierte Papayast\u00fccke (Papaya, Zucker), Zimtrinde, schwarze Johannisbeeren<\/span> <\/p>\n<p>Fr\u00fcchtetee mit Vanille-Zimt Geschmack<br \/>\n15 Pyramidenbeutel<br \/>\n<div class=\"main-cross-sell\" data-asin=\"B00GA45V5Y\">\n\n\t<div class=\"WooZone-cross-sell-loader\">\n\t\t<div>\n\t\t\t<div id=\"floatingBarsG\">\n\t\t\t\t<div class=\"blockG\" id=\"rotateG_01\"><\/div>\n\t\t\t\t<div class=\"blockG\" id=\"rotateG_02\"><\/div>\n\t\t\t\t<div class=\"blockG\" id=\"rotateG_03\"><\/div>\n\t\t\t\t<div class=\"blockG\" id=\"rotateG_04\"><\/div>\n\t\t\t\t<div class=\"blockG\" id=\"rotateG_05\"><\/div>\n\t\t\t\t<div class=\"blockG\" id=\"rotateG_06\"><\/div>\n\t\t\t\t<div class=\"blockG\" id=\"rotateG_07\"><\/div>\n\t\t\t\t<div class=\"blockG\" id=\"rotateG_08\"><\/div>\n\t\t\t<\/div>\n\t\t\t<div class=\"WooZone-cross-sell-loader-text\"><\/div>\n\t\t<\/div>\n\t<\/div>\n\n\t\t\n<\/div>\n<div style=\"clear:both;\"><\/div><\/p>\n","protected":false},"excerpt":{"rendered":"<p>Fr\u00fcchtetee mit Vanille-Zimt Geschmack<br \/>\n15 Pyramidenbeutel<\/p>\n","protected":false},"featured_media":43241,"comment_status":"open","ping_status":"closed","template":"","meta":[],"product_brand":[],"product_cat":[87],"product_tag":[],"class_list":{"0":"post-43240","1":"product","2":"type-product","3":"status-publish","4":"has-post-thumbnail","6":"product_cat-jahreszeiten-tee","7":"pa_amazon-bestseller-rang-nr-72440-in-lebensmittel-getraenke-siehe-top-100-in-lebensmittel-getraenke-nr-923-in-fruechtetee","8":"pa_artikelgewicht-120-g","9":"pa_besonderheit-vegetarisch","10":"pa_durchschnittliche-kundenbewer-46-von-5-sternen-27-sternebewertungen-46-von-5-sternen","11":"pa_format-beutel","12":"pa_herkunftsland-deutschland","13":"pa_im-angebot-von-amazon-de-seit-29-oktober-2013","14":"pa_marke-florapharm-gmbh","15":"pa_netto-gewicht-67-5-gramm","16":"pa_stueckzahl-67-5-gramm","17":"pa_verpackungsabmessungen-16-2-x-9-4-x-9-4-cm","19":"first","20":"instock","21":"shipping-taxable","22":"purchasable","23":"product-type-simple"},"_links":{"self":[{"href":"https:\/\/123-teezeit.de\/index.php?rest_route=\/wp\/v2\/product\/43240","targetHints":{"allow":["GET"]}}],"collection":[{"href":"https:\/\/123-teezeit.de\/index.php?rest_route=\/wp\/v2\/product"}],"about":[{"href":"https:\/\/123-teezeit.de\/index.php?rest_route=\/wp\/v2\/types\/product"}],"replies":[{"embeddable":true,"href":"https:\/\/123-teezeit.de\/index.php?rest_route=%2Fwp%2Fv2%2Fcomments&post=43240"}],"wp:featuredmedia":[{"embeddable":true,"href":"https:\/\/123-teezeit.de\/index.php?rest_route=\/wp\/v2\/media\/43241"}],"wp:attachment":[{"href":"https:\/\/123-teezeit.de\/index.php?rest_route=%2Fwp%2Fv2%2Fmedia&parent=43240"}],"wp:term":[{"taxonomy":"product_brand","embeddable":true,"href":"https:\/\/123-teezeit.de\/index.php?rest_route=%2Fwp%2Fv2%2Fproduct_brand&post=43240"},{"taxonomy":"product_cat","embeddable":true,"href":"https:\/\/123-teezeit.de\/index.php?rest_route=%2Fwp%2Fv2%2Fproduct_cat&post=43240"},{"taxonomy":"product_tag","embeddable":true,"href":"https:\/\/123-teezeit.de\/index.php?rest_route=%2Fwp%2Fv2%2Fproduct_tag&post=43240"}],"curies":[{"name":"wp","href":"https:\/\/api.w.org\/{rel}","templated":true}]}}