{"id":43242,"date":"2022-02-13T06:37:30","date_gmt":"2022-02-13T06:37:30","guid":{"rendered":"https:\/\/123-teezeit.de\/?product=balna-fruechtetee-waldfruechte-fruechte-tee-lose-100-gramm"},"modified":"2023-04-09T12:30:29","modified_gmt":"2023-04-09T12:30:29","slug":"balna-fruechtetee-waldfruechte-fruechte-tee-lose-100-gramm","status":"publish","type":"product","link":"https:\/\/123-teezeit.de\/?product=balna-fruechtetee-waldfruechte-fruechte-tee-lose-100-gramm","title":{"rendered":"Balna Fr\u00fcchtetee Waldfr\u00fcchte Fr\u00fcchte Tee lose 100 Gramm"},"content":{"rendered":"<p><!-- show up to 2 reviews by default --> <\/p>\n<h3> <span>Produktbeschreibungen<\/span> <\/h3>\n<p> <span>Balna Fr\u00fcchtetee Waldfr\u00fcchte Tee lose <\/p>\n<p> Inhaltsstoffe: Hibiskus Bl\u00fcte, Sultaninen, Hagebutten, Waldhimbeerblatt, Wei\u00dfdorn, Holunderbeere, getrocknete Preiselbeere, Rosenbl\u00e4tter <\/p>\n<p> Ohne Konservierungs-, Farb-, und Aromastoffe <\/p>\n<p> K\u00fchl und trocken lagern. MHD siehe Verpackung <\/p>\n<p> Tipp: Weitere Produkte von Balna auf einem Blick www.amazon.de\/balna<\/span> <\/p>\n<h3> <span>Inhaltsstoffe \/ Zutaten<\/span> <\/h3>\n<p> <span>Hibiskus Bl\u00fcte, Sultaninen, Hagebutten, Waldhimbeerblatt, Wei\u00dfdorn, Holunderbeere, getrocknete Preiselbeere, Rosenbl\u00e4tter<\/span> <\/p>\n<p>Fr\u00fcchtetee Waldfr\u00fcchte Tee lose der Marke Balna im Beutel<br \/>\nInhaltsstoffe: Hibiskus Bl\u00fcte, Sultaninen, Hagebutten, Waldhimbeerblatt, Wei\u00dfdorn, Holunderbeere, getrocknete Preiselbeere, Rosenbl\u00e4tter<br \/>\nTee Mischung ideal f\u00fcr die kalte Jahreszeit.<br \/>\nFr\u00fcchte-Tee in verschlie\u00dfbarer Packung, Standbodenbeutel<br \/>\nTipp: Weitere Produkte gleich mit dazu bestellen \u279c https:\/\/amazon.de\/balna<br \/>\n<div class=\"main-cross-sell\" data-asin=\"B09GTKGYXD\">\n\n\t<div class=\"WooZone-cross-sell-loader\">\n\t\t<div>\n\t\t\t<div id=\"floatingBarsG\">\n\t\t\t\t<div class=\"blockG\" id=\"rotateG_01\"><\/div>\n\t\t\t\t<div class=\"blockG\" id=\"rotateG_02\"><\/div>\n\t\t\t\t<div class=\"blockG\" id=\"rotateG_03\"><\/div>\n\t\t\t\t<div class=\"blockG\" id=\"rotateG_04\"><\/div>\n\t\t\t\t<div class=\"blockG\" id=\"rotateG_05\"><\/div>\n\t\t\t\t<div class=\"blockG\" id=\"rotateG_06\"><\/div>\n\t\t\t\t<div class=\"blockG\" id=\"rotateG_07\"><\/div>\n\t\t\t\t<div class=\"blockG\" id=\"rotateG_08\"><\/div>\n\t\t\t<\/div>\n\t\t\t<div class=\"WooZone-cross-sell-loader-text\"><\/div>\n\t\t<\/div>\n\t<\/div>\n\n\t\t\n<\/div>\n<div style=\"clear:both;\"><\/div><\/p>\n","protected":false},"excerpt":{"rendered":"<p>Fr\u00fcchtetee Waldfr\u00fcchte Tee lose der Marke Balna im Beutel<br \/>\nInhaltsstoffe: Hibiskus Bl\u00fcte, Sultaninen, Hagebutten, Waldhimbeerblatt, Wei\u00dfdorn, Holunderbeere, getrocknete Preiselbeere, Rosenbl\u00e4tter<br \/>\nTee Mischung ideal f\u00fcr die kalte Jahreszeit.<\/p>\n","protected":false},"featured_media":43243,"comment_status":"open","ping_status":"closed","template":"","meta":[],"product_brand":[],"product_cat":[87],"product_tag":[],"class_list":{"0":"post-43242","1":"product","2":"type-product","3":"status-publish","4":"has-post-thumbnail","6":"product_cat-jahreszeiten-tee","7":"pa_amazon-bestseller-rang-nr-32120-in-lebensmittel-getraenke-siehe-top-100-in-lebensmittel-getraenke-nr-368-in-fruechtetee","8":"pa_artikelgewicht-100-g","9":"pa_durchschnittliche-kundenbewer-50-von-5-sternen-1-sternebewertung-50-von-5-sternen","10":"pa_format-lose-blaetter","11":"pa_herkunftsland-ungarn","12":"pa_hersteller-grillplanet-kft","13":"pa_im-angebot-von-amazon-de-seit-21-september-2021","14":"pa_koffeingehalt-koffeinfrei","15":"pa_marke-balna","16":"pa_stueckzahl-100-0-gramm","17":"pa_verpackungsabmessungen-17-1-x-11-5-x-3-7-cm-100-gramm","19":"first","20":"instock","21":"shipping-taxable","22":"purchasable","23":"product-type-simple"},"_links":{"self":[{"href":"https:\/\/123-teezeit.de\/index.php?rest_route=\/wp\/v2\/product\/43242","targetHints":{"allow":["GET"]}}],"collection":[{"href":"https:\/\/123-teezeit.de\/index.php?rest_route=\/wp\/v2\/product"}],"about":[{"href":"https:\/\/123-teezeit.de\/index.php?rest_route=\/wp\/v2\/types\/product"}],"replies":[{"embeddable":true,"href":"https:\/\/123-teezeit.de\/index.php?rest_route=%2Fwp%2Fv2%2Fcomments&post=43242"}],"wp:featuredmedia":[{"embeddable":true,"href":"https:\/\/123-teezeit.de\/index.php?rest_route=\/wp\/v2\/media\/43243"}],"wp:attachment":[{"href":"https:\/\/123-teezeit.de\/index.php?rest_route=%2Fwp%2Fv2%2Fmedia&parent=43242"}],"wp:term":[{"taxonomy":"product_brand","embeddable":true,"href":"https:\/\/123-teezeit.de\/index.php?rest_route=%2Fwp%2Fv2%2Fproduct_brand&post=43242"},{"taxonomy":"product_cat","embeddable":true,"href":"https:\/\/123-teezeit.de\/index.php?rest_route=%2Fwp%2Fv2%2Fproduct_cat&post=43242"},{"taxonomy":"product_tag","embeddable":true,"href":"https:\/\/123-teezeit.de\/index.php?rest_route=%2Fwp%2Fv2%2Fproduct_tag&post=43242"}],"curies":[{"name":"wp","href":"https:\/\/api.w.org\/{rel}","templated":true}]}}