{"id":43265,"date":"2022-02-13T06:37:45","date_gmt":"2022-02-13T06:37:45","guid":{"rendered":"https:\/\/123-teezeit.de\/?product=erdbeer-fruechtecocktail-tee-salus-30-gramm"},"modified":"2023-04-09T12:30:29","modified_gmt":"2023-04-09T12:30:29","slug":"erdbeer-fruechtecocktail-tee-salus-30-gramm","status":"publish","type":"product","link":"https:\/\/123-teezeit.de\/?product=erdbeer-fruechtecocktail-tee-salus-30-gramm","title":{"rendered":"Erdbeeren Fr\u00fcchtecocktail Salus Filterbeutel"},"content":{"rendered":"<p><!-- show up to 2 reviews by default --> <\/p>\n<h3> <span>Produktbeschreibungen<\/span> <\/h3>\n<p> <span>Gourmet Erdbeeren Fr\u00fcchte-Cocktail bio 15FB<\/p>\n<p>Herkunft : Deutschland<\/p>\n<p>Lagerungshinweise Verbraucher<\/p>\n<p>Trocken, k\u00fchl und dunkel aufbewahren.<\/p>\n<p>Zutaten<\/p>\n<p>Apfelfr\u00fcchte* (30 %), Hibiskusbl\u00fcten*, Hagebuttenschalen*, Rote Bete*, nat. Erdbeer-Aroma**, Johannisbeerfr\u00fcchte schwarz* (4 %), Honigbuschzweigspitzen*, Erdbeerfr\u00fcchte* (2 %), Holunderbeeren* (2%).<\/p>\n<p>Allgemeines<\/p>\n<p>K\u00f6stlich fruchtiger Hochgenuss &#8211; eine milde, tiefrote Teespezialit\u00e4t, die hei\u00df und eisgek\u00fchlt verzaubert.<\/p>\n<p>Besonderheiten<\/p>\n<p>ohne Agro-Gentechnik, ohne Gluten, vegan \/ vegetarisch, mit nat\u00fcrlichem Bio-Aroma, laborgepr\u00fcfte SALUS-Qualit\u00e4t<\/p>\n<p>Inhalt<br \/>Inhalt : 30 g<br \/>Eier : nicht in Produktion<br \/>Gluten : nicht in Produktion<br \/>Milch : nicht in Produktion<br \/>Soja : nicht in Produktion<br \/>Nuss : nicht in Produktion<br \/>Fisch : nicht in Produktion<br \/>Krustentier : nicht in Produktion<br \/>Lupine : nicht in Produktion<br \/>Sellerie : nicht in Produktion<br \/>Senf : nicht in Produktion<br \/>Sesam : nicht in Produktion<br \/>Weichtier : nicht in Produktion<br \/>Sulfit : nein<br \/>ungesuesst : ja<br \/>vegan : ja<br \/>vegetarisch : ja<\/p>\n<p>Kontrollstelle<\/p>\n<p>DE-\u00d6KO-003<\/p>\n<p>Qualit\u00e4t<\/p>\n<p>100% bio,Bio-Siegel,EU Bio-Logo,EU Landwirtschaft \/ Nicht EU Landwirtschaft<\/p>\n<p>Bedeutung der Angaben zu den Allergenen: <\/p>\n<p>enthalten<br \/>= Das Allergen ist als Zutat enthalten;<br \/>Spuren m\u00f6glich<br \/>= Das Allergen wird nicht in der Rezeptur eingesetzt aber produktionsbedingt k\u00f6nnen Spuren im Produkt enthalten sein;<br \/>nicht in Produktion<br \/>= Das Allergen ist nach bestem Wissen nicht im Produkt vorhanden oder wird in dieser Produktionslinie nicht eingesetzt.<\/p>\n<p>Diese Informationen wurden direkt vom Hersteller in eine Datenbank eingegeben. Wir \u00fcbernehmen keine Gew\u00e4hr f\u00fcr die Richtigkeit der Angaben.<\/p>\n<p><\/span> <\/p>\n<h3> <span>Anschrift Hersteller\/Importeur<\/span> <\/h3>\n<p> <span>Bahnhofstr. 24 &#8211; D-83052 Bruckm\u00fchl<\/span> <\/p>\n<p>Salus Tee<br \/>\nSalus Fr\u00fcchtetee<br \/>\n<div class=\"main-cross-sell\" data-asin=\"B001XNYD6A\">\n\n\t<div class=\"WooZone-cross-sell-loader\">\n\t\t<div>\n\t\t\t<div id=\"floatingBarsG\">\n\t\t\t\t<div class=\"blockG\" id=\"rotateG_01\"><\/div>\n\t\t\t\t<div class=\"blockG\" id=\"rotateG_02\"><\/div>\n\t\t\t\t<div class=\"blockG\" id=\"rotateG_03\"><\/div>\n\t\t\t\t<div class=\"blockG\" id=\"rotateG_04\"><\/div>\n\t\t\t\t<div class=\"blockG\" id=\"rotateG_05\"><\/div>\n\t\t\t\t<div class=\"blockG\" id=\"rotateG_06\"><\/div>\n\t\t\t\t<div class=\"blockG\" id=\"rotateG_07\"><\/div>\n\t\t\t\t<div class=\"blockG\" id=\"rotateG_08\"><\/div>\n\t\t\t<\/div>\n\t\t\t<div class=\"WooZone-cross-sell-loader-text\"><\/div>\n\t\t<\/div>\n\t<\/div>\n\n\t\t\n<\/div>\n<div style=\"clear:both;\"><\/div><\/p>\n","protected":false},"excerpt":{"rendered":"<p>Salus Tee<br \/>\nSalus Fr\u00fcchtetee<\/p>\n","protected":false},"featured_media":43266,"comment_status":"open","ping_status":"closed","template":"","meta":[],"product_brand":[],"product_cat":[87],"product_tag":[],"class_list":{"0":"post-43265","1":"product","2":"type-product","3":"status-publish","4":"has-post-thumbnail","6":"product_cat-jahreszeiten-tee","7":"pa_amazon-bestseller-rang-nr-20683-in-lebensmittel-getraenke-siehe-top-100-in-lebensmittel-getraenke-nr-216-in-fruechtetee","8":"pa_durchschnittliche-kundenbewer-50-von-5-sternen-2-sternebewertungen-50-von-5-sternen","9":"pa_im-angebot-von-amazon-de-seit-19-maerz-2009","10":"pa_kontakt-zum-hersteller-bahnhofstr-24-d-83052-bruckmuehl","11":"pa_marke-salus-pharma-gmbh","12":"pa_stueckzahl-30-0-gramm","14":"first","15":"instock","16":"shipping-taxable","17":"purchasable","18":"product-type-simple"},"_links":{"self":[{"href":"https:\/\/123-teezeit.de\/index.php?rest_route=\/wp\/v2\/product\/43265","targetHints":{"allow":["GET"]}}],"collection":[{"href":"https:\/\/123-teezeit.de\/index.php?rest_route=\/wp\/v2\/product"}],"about":[{"href":"https:\/\/123-teezeit.de\/index.php?rest_route=\/wp\/v2\/types\/product"}],"replies":[{"embeddable":true,"href":"https:\/\/123-teezeit.de\/index.php?rest_route=%2Fwp%2Fv2%2Fcomments&post=43265"}],"wp:featuredmedia":[{"embeddable":true,"href":"https:\/\/123-teezeit.de\/index.php?rest_route=\/wp\/v2\/media\/43266"}],"wp:attachment":[{"href":"https:\/\/123-teezeit.de\/index.php?rest_route=%2Fwp%2Fv2%2Fmedia&parent=43265"}],"wp:term":[{"taxonomy":"product_brand","embeddable":true,"href":"https:\/\/123-teezeit.de\/index.php?rest_route=%2Fwp%2Fv2%2Fproduct_brand&post=43265"},{"taxonomy":"product_cat","embeddable":true,"href":"https:\/\/123-teezeit.de\/index.php?rest_route=%2Fwp%2Fv2%2Fproduct_cat&post=43265"},{"taxonomy":"product_tag","embeddable":true,"href":"https:\/\/123-teezeit.de\/index.php?rest_route=%2Fwp%2Fv2%2Fproduct_tag&post=43265"}],"curies":[{"name":"wp","href":"https:\/\/api.w.org\/{rel}","templated":true}]}}