{"id":43281,"date":"2022-02-13T06:37:59","date_gmt":"2022-02-13T06:37:59","guid":{"rendered":"https:\/\/123-teezeit.de\/?product=dallmayr-tee-aufgussbeutel-rooibuschtee-karamell-1-x-4375-g"},"modified":"2023-04-09T12:30:29","modified_gmt":"2023-04-09T12:30:29","slug":"dallmayr-tee-aufgussbeutel-rooibuschtee-karamell-1-x-4375-g","status":"publish","type":"product","link":"https:\/\/123-teezeit.de\/?product=dallmayr-tee-aufgussbeutel-rooibuschtee-karamell-1-x-4375-g","title":{"rendered":"Dallmayr Tee Aufgussbeutel &#8211; Rooibuschtee Karamell (1 x 43,75 g)"},"content":{"rendered":"<p><!-- show up to 2 reviews by default --> <\/p>\n<h3> <span>Produktbeschreibung<\/span> <\/h3>\n<p> <span>Dallmayr Tee &#8211; Rooibuschtee Karamell. Sahnig und mild. Der s\u00fcdafrikanische Rooibuschtee mit seiner leichten S\u00fc\u00dfe ist weich und angenehm im Geschmack. Er verbindet sich ideal mit dem warmen Aroma von Karamellst\u00fccke. Ohne Coffein ein beliebter Durstl\u00f6scher zu jeder Tageszeit.<\/span> <\/p>\n<h3> <span>Inhaltsstoffe \/ Zutaten<\/span> <\/h3>\n<p> <span>Zutaten: Rooibuschtee, Aroma<\/span> <\/p>\n<p>S\u00fcdafrikanischer Rooibuschtee mit Karamellnote<br \/>\nAngenehm weich und leicht s\u00fc\u00dflich im Geschmack<br \/>\nOhne Coffein \u2013 ein Genuss f\u00fcr Gro\u00df und Klein und zu jeder Tageszeit<br \/>\nSorgf\u00e4ltig ausgew\u00e4hlt und komponiert vom Dallmayr Teemeister, in der Teemanufaktur in M\u00fcnchen<br \/>\nErfahrung mit Tee und Gesp\u00fcr f\u00fcr Qualit\u00e4t seit \u00fcber 100 Jahren<br \/>\n<div class=\"main-cross-sell\" data-asin=\"B00MPKYZ1I\">\n\n\t<div class=\"WooZone-cross-sell-loader\">\n\t\t<div>\n\t\t\t<div id=\"floatingBarsG\">\n\t\t\t\t<div class=\"blockG\" id=\"rotateG_01\"><\/div>\n\t\t\t\t<div class=\"blockG\" id=\"rotateG_02\"><\/div>\n\t\t\t\t<div class=\"blockG\" id=\"rotateG_03\"><\/div>\n\t\t\t\t<div class=\"blockG\" id=\"rotateG_04\"><\/div>\n\t\t\t\t<div class=\"blockG\" id=\"rotateG_05\"><\/div>\n\t\t\t\t<div class=\"blockG\" id=\"rotateG_06\"><\/div>\n\t\t\t\t<div class=\"blockG\" id=\"rotateG_07\"><\/div>\n\t\t\t\t<div class=\"blockG\" id=\"rotateG_08\"><\/div>\n\t\t\t<\/div>\n\t\t\t<div class=\"WooZone-cross-sell-loader-text\"><\/div>\n\t\t<\/div>\n\t<\/div>\n\n\t\t\n<\/div>\n<div style=\"clear:both;\"><\/div><\/p>\n","protected":false},"excerpt":{"rendered":"<p>S\u00fcdafrikanischer Rooibuschtee mit Karamellnote<br \/>\nAngenehm weich und leicht s\u00fc\u00dflich im Geschmack<br \/>\nOhne Coffein \u2013 ein Genuss f\u00fcr Gro\u00df und Klein und zu jeder Tageszeit<\/p>\n","protected":false},"featured_media":43282,"comment_status":"open","ping_status":"closed","template":"","meta":[],"product_brand":[],"product_cat":[87],"product_tag":[],"class_list":{"0":"post-43281","1":"product","2":"type-product","3":"status-publish","4":"has-post-thumbnail","6":"product_cat-jahreszeiten-tee","7":"pa_amazon-bestseller-rang-nr-14053-in-lebensmittel-getraenke-siehe-top-100-in-lebensmittel-getraenke-nr-12-in-rooibostee","8":"pa_artikelgewicht-80-g","9":"pa_durchschnittliche-kundenbewer-45-von-5-sternen-33-sternebewertungen-45-von-5-sternen","10":"pa_format-beutel","11":"pa_herkunftsland-deutschland","12":"pa_hersteller-dallmayr","13":"pa_im-angebot-von-amazon-de-seit-14-august-2014","14":"pa_marke-dallmayr","15":"pa_netto-gewicht-0-05-kilogramm","16":"pa_produktbezeichnung-aromatisierter-rooibuschtee-karamell","17":"pa_stueckzahl-43-75-gramm","18":"pa_ursprungsland-germany","19":"pa_verpackungsabmessungen-16-2-x-7-6-x-6-6-cm","21":"first","22":"instock","23":"shipping-taxable","24":"purchasable","25":"product-type-simple"},"_links":{"self":[{"href":"https:\/\/123-teezeit.de\/index.php?rest_route=\/wp\/v2\/product\/43281","targetHints":{"allow":["GET"]}}],"collection":[{"href":"https:\/\/123-teezeit.de\/index.php?rest_route=\/wp\/v2\/product"}],"about":[{"href":"https:\/\/123-teezeit.de\/index.php?rest_route=\/wp\/v2\/types\/product"}],"replies":[{"embeddable":true,"href":"https:\/\/123-teezeit.de\/index.php?rest_route=%2Fwp%2Fv2%2Fcomments&post=43281"}],"wp:featuredmedia":[{"embeddable":true,"href":"https:\/\/123-teezeit.de\/index.php?rest_route=\/wp\/v2\/media\/43282"}],"wp:attachment":[{"href":"https:\/\/123-teezeit.de\/index.php?rest_route=%2Fwp%2Fv2%2Fmedia&parent=43281"}],"wp:term":[{"taxonomy":"product_brand","embeddable":true,"href":"https:\/\/123-teezeit.de\/index.php?rest_route=%2Fwp%2Fv2%2Fproduct_brand&post=43281"},{"taxonomy":"product_cat","embeddable":true,"href":"https:\/\/123-teezeit.de\/index.php?rest_route=%2Fwp%2Fv2%2Fproduct_cat&post=43281"},{"taxonomy":"product_tag","embeddable":true,"href":"https:\/\/123-teezeit.de\/index.php?rest_route=%2Fwp%2Fv2%2Fproduct_tag&post=43281"}],"curies":[{"name":"wp","href":"https:\/\/api.w.org\/{rel}","templated":true}]}}