{"id":43285,"date":"2022-02-13T06:38:01","date_gmt":"2022-02-13T06:38:01","guid":{"rendered":"https:\/\/123-teezeit.de\/?product=goldmaennchen-wintertee-winterparadies-fruechtetee-20-einzeln-versiegelte-teebeutel"},"modified":"2023-04-09T12:30:29","modified_gmt":"2023-04-09T12:30:29","slug":"goldmaennchen-wintertee-winterparadies-fruechtetee-20-einzeln-versiegelte-teebeutel","status":"publish","type":"product","link":"https:\/\/123-teezeit.de\/?product=goldmaennchen-wintertee-winterparadies-fruechtetee-20-einzeln-versiegelte-teebeutel","title":{"rendered":"Goldm\u00e4nnchen Wintertee Winterparadies, Fr\u00fcchtetee, 20 einzeln versiegelte Teebeutel"},"content":{"rendered":"<p><!-- show up to 2 reviews by default --> <\/p>\n<h3> <span>Produktbeschreibungen<\/span> <\/h3>\n<p> <span>Tassenfarbe: rubinrot Winterlich aromatisierter Fr\u00fcchtetee. Schmeicheln Sie Ihren Sinnen mit dem verlockenden Duft reifer Pflaumen mit w\u00fcrzigem Zimt und Vanille. Ein Duft, der an Omas leckere Pflaumenrezepte erinnert. Der milde Fr\u00fcchtetee mit Rezeptvorschlag in der Packung ! Empfehlungen: Pur getrunken ein toller, milder Wintertee. Zutaten: \u00c4pfel, Fruchtkelche von Hibiskusbl\u00fcten, Pflaume-Zimt-Vanille-Aroma, s\u00fc\u00dfe Brombeerbl\u00e4tter, Gew\u00fcrznelken, Hagebutten, Holunderbeeren, Orangenschalen. Geschmack lieblich mit wenig S\u00e4ure, zimtig s\u00fc\u00df. Geruch winterlich, zimtig mit Vanille Hochwertige 20er Filterbeutel mit Einzelversiegelung Faltschachtel , 20 Filterbeutel f\u00fcr Tassenaufgu\u00df. 50 Gramm netto Zubereitung: 1 Filterbeutel pro Tasse, mit frischem, sprudelnd kochendem Wasser \u00fcbergie\u00dfen. Ziehzeit: 8 min. N\u00e4hrwerte pro 100 ml Getr\u00e4nk: Brennwert 2,4 kcal \/ 10,2 kJ, Fett <\/span><\/p>\n<h3> <span>Inhaltsstoffe \/ Zutaten<\/span> <\/h3>\n<p> <span>Zutaten: \u00c4pfel, Fruchtkelche von Hibiskusbl\u00fcten (Malven oder Karkaden), Pflaume-, Zimt- und Vanillearoma, Brombeerbl\u00e4tter, Gew\u00fcrznelkenbl\u00fcten und -stiele, Hagebutten, Holunderbeeren, Orangenschalen.<\/span> <\/p>\n<div data-a-expander-name=\"toggle_description\" class=\"a-row a-expander-container a-expander-extend-container\">\n<div class=\"a-expander-content a-expander-extend-content\">\n<h3> <span>Anschrift Hersteller\/Importeur<\/span> <\/h3>\n<p> <span>H&amp;S Tee-Gesellschaft mbH &amp; Co. KG, Heidachstr. 62, 88079 Kressbronn, Deutschland<\/span> <\/p>\n<\/p><\/div>\n<p> <a data-csa-c-func-deps=\"aui-da-a-expander-toggle\" data-csa-c-type=\"widget\" data-csa-interaction-events=\"click\" role=\"button\" href=\"void(0)\" data-action=\"a-expander-toggle\" class=\"a-expander-header a-declarative a-expander-extend-header\" data-a-expander-toggle=\"{\"><i class=\"a-icon a-icon-extender-expand\"><\/i><span class=\"a-expander-prompt\">Mehr<\/span><\/a> <\/div>\n<p>Winterlich aromatisierter Fr\u00fcchtetee mit Pflaume-Zimt-Vanille-Geschmack.<br \/>\nSchmeicheln Sie Ihren Sinnen mit dem verlockenden Duft reifer Pflaumen mit w\u00fcrzigem Zimt und Vanille.<br \/>\nEin Duft, der an Omas leckere Pflaumenrezepte erinnert.<br \/>\nDer milde Fr\u00fcchtetee mit Rezeptvorschlag in der Packung<br \/>\nGeschmack lieblich mit wenig S\u00e4ure, zimtig s\u00fc\u00df. Geruch winterlich, zimtig mit Vanille. Tassenfarbe rubinrot.<br \/>\n<div class=\"main-cross-sell\" data-asin=\"B006EI8D4M\">\n\n\t<div class=\"WooZone-cross-sell-loader\">\n\t\t<div>\n\t\t\t<div id=\"floatingBarsG\">\n\t\t\t\t<div class=\"blockG\" id=\"rotateG_01\"><\/div>\n\t\t\t\t<div class=\"blockG\" id=\"rotateG_02\"><\/div>\n\t\t\t\t<div class=\"blockG\" id=\"rotateG_03\"><\/div>\n\t\t\t\t<div class=\"blockG\" id=\"rotateG_04\"><\/div>\n\t\t\t\t<div class=\"blockG\" id=\"rotateG_05\"><\/div>\n\t\t\t\t<div class=\"blockG\" id=\"rotateG_06\"><\/div>\n\t\t\t\t<div class=\"blockG\" id=\"rotateG_07\"><\/div>\n\t\t\t\t<div class=\"blockG\" id=\"rotateG_08\"><\/div>\n\t\t\t<\/div>\n\t\t\t<div class=\"WooZone-cross-sell-loader-text\"><\/div>\n\t\t<\/div>\n\t<\/div>\n\n\t\t\n<\/div>\n<div style=\"clear:both;\"><\/div><\/p>\n","protected":false},"excerpt":{"rendered":"<p>Winterlich aromatisierter Fr\u00fcchtetee mit Pflaume-Zimt-Vanille-Geschmack.<br \/>\nSchmeicheln Sie Ihren Sinnen mit dem verlockenden Duft reifer Pflaumen mit w\u00fcrzigem Zimt und Vanille.<br \/>\nEin Duft, der an Omas leckere Pflaumenrezepte erinnert.<\/p>\n","protected":false},"featured_media":43286,"comment_status":"open","ping_status":"closed","template":"","meta":[],"product_brand":[],"product_cat":[87],"product_tag":[],"class_list":{"0":"post-43285","1":"product","2":"type-product","3":"status-publish","4":"has-post-thumbnail","6":"product_cat-jahreszeiten-tee","7":"pa_allergie-informationen-enthaelt-krustentierfrei","8":"pa_amazon-bestseller-rang-nr-81105-in-lebensmittel-getraenke-siehe-top-100-in-lebensmittel-getraenke-nr-1065-in-fruechtetee","9":"pa_artikelgewicht-50-g","10":"pa_auslaufartikel-produktion-dur-nein","11":"pa_besonderheit-vegetarisch","12":"pa_durchschnittliche-kundenbewer-45-von-5-sternen-37-sternebewertungen-45-von-5-sternen","13":"pa_hersteller-goldmaennchen","14":"pa_im-angebot-von-amazon-de-seit-12-april-2010","15":"pa_koffeingehalt-entkoffeiniert","16":"pa_kontakt-zum-hersteller-hs-tee-gesellschaft-mbh-co-kg-heidachstr-62-88079-kressbronn-deutschland","17":"pa_marke-goldmaennchen","18":"pa_netto-gewicht-50-gramm","19":"pa_rebsortenkomposition-zutaten-aepfel-fruchtkelche-von-hibiskusblueten-malven-oder-karkaden-pflaume-zimt-und-vanillearoma-brombeerblaetter-gewuerznelkenblueten-und-stiele-hagebutten-holunderbeeren-ora","20":"pa_stueckzahl-20-stueck","21":"pa_verpackungsabmessungen-12-19-x-7-87-x-6-35-cm-50-gramm","23":"first","24":"instock","25":"shipping-taxable","26":"purchasable","27":"product-type-simple"},"_links":{"self":[{"href":"https:\/\/123-teezeit.de\/index.php?rest_route=\/wp\/v2\/product\/43285","targetHints":{"allow":["GET"]}}],"collection":[{"href":"https:\/\/123-teezeit.de\/index.php?rest_route=\/wp\/v2\/product"}],"about":[{"href":"https:\/\/123-teezeit.de\/index.php?rest_route=\/wp\/v2\/types\/product"}],"replies":[{"embeddable":true,"href":"https:\/\/123-teezeit.de\/index.php?rest_route=%2Fwp%2Fv2%2Fcomments&post=43285"}],"wp:featuredmedia":[{"embeddable":true,"href":"https:\/\/123-teezeit.de\/index.php?rest_route=\/wp\/v2\/media\/43286"}],"wp:attachment":[{"href":"https:\/\/123-teezeit.de\/index.php?rest_route=%2Fwp%2Fv2%2Fmedia&parent=43285"}],"wp:term":[{"taxonomy":"product_brand","embeddable":true,"href":"https:\/\/123-teezeit.de\/index.php?rest_route=%2Fwp%2Fv2%2Fproduct_brand&post=43285"},{"taxonomy":"product_cat","embeddable":true,"href":"https:\/\/123-teezeit.de\/index.php?rest_route=%2Fwp%2Fv2%2Fproduct_cat&post=43285"},{"taxonomy":"product_tag","embeddable":true,"href":"https:\/\/123-teezeit.de\/index.php?rest_route=%2Fwp%2Fv2%2Fproduct_tag&post=43285"}],"curies":[{"name":"wp","href":"https:\/\/api.w.org\/{rel}","templated":true}]}}