{"id":43295,"date":"2022-02-13T06:38:11","date_gmt":"2022-02-13T06:38:11","guid":{"rendered":"https:\/\/123-teezeit.de\/?product=yogi-tea-yogi-tee-christmas-im-beutel-357-g-bio"},"modified":"2023-04-09T12:30:29","modified_gmt":"2023-04-09T12:30:29","slug":"yogi-tea-yogi-tee-christmas-im-beutel-357-g-bio","status":"publish","type":"product","link":"https:\/\/123-teezeit.de\/?product=yogi-tea-yogi-tee-christmas-im-beutel-357-g-bio","title":{"rendered":"YOGI TEA Yogi-Tee &#8222;Christmas&#8220; im Beutel (35,7 g) &#8211; Bio"},"content":{"rendered":"<p><!-- show up to 2 reviews by default --> <\/p>\n<h3> <span>Produktbeschreibungen<\/span> <\/h3>\n<p> <span>F\u00fcr Yogi-Tee-Freunde und alle, die es werden wollen, ist die Christmas-Edition eine tolle Gelegenheit, viele Bio-Teesorten auf einmal zu testen. Diese wundervolle Teemischung aus weihnachtlichen ayurvedischen Kr\u00e4utern und Gew\u00fcrzen wie Zimt, Orange, Vanille, Sternanis und Nelken versetzt Sie und Ihre Liebsten in eine wohlig-gem\u00fctliche Adventsstimmung.<\/span> <\/p>\n<h3> <span>Inhaltsstoffe \/ Zutaten<\/span> <\/h3>\n<p> <span>Rotbusch*, Zimt* (13%), S\u00fc\u00dfholz*, Koriander*, Honeybush* (6%), Orangenschalen*, Nelken*, PFEFFER* schwarz, Anis*, Zitronensaft* getrocknet, Sternanis* (3%), Kardamom*, Zichorienwurzel* ger\u00f6stet, Limone*, Orangen\u00f6l*, Zimt\u00f6l*<br \/><\/span><span class=\"a-text-italic\">* = Zutaten aus biologischem Anbau<\/span> <\/p>\n<div data-a-expander-name=\"toggle_description\" class=\"a-row a-expander-container a-expander-extend-container\">\n<div class=\"a-expander-content a-expander-extend-content\">\n<h3> <span>Warnhinweise<\/span> <\/h3>\n<p> <span>DE-\u00d6KO-005<br \/>enth\u00e4lt: Hefe<br \/>Spuren m\u00f6glich: Haseln\u00fcsse<\/span> <\/p>\n<h3> <span>Anschrift Hersteller\/Importeur<\/span> <\/h3>\n<p> <span>YOGI TEA, Burchardstr. 24, D-20095 Hamburg<\/span> <\/p>\n<\/p><\/div>\n<p> <a data-csa-c-func-deps=\"aui-da-a-expander-toggle\" data-csa-c-type=\"widget\" data-csa-interaction-events=\"click\" role=\"button\" href=\"void(0)\" data-action=\"a-expander-toggle\" class=\"a-expander-header a-declarative a-expander-extend-header\" data-a-expander-toggle=\"{\"><i class=\"a-icon a-icon-extender-expand\"><\/i><span class=\"a-expander-prompt\">Mehr<\/span><\/a> <\/div>\n<p>Yogi Tee Christmas Tea &#8211; F\u00fcr die sch\u00f6nste Zeit des Jahres.<br \/>\nYogi Tee Mischung aus weihnachtlichen ayurvedischen Kr\u00e4utern und Gew\u00fcrzen wie Zimt, Orange, Vanille, Sternanis, Nelken und Rooibos.<br \/>\nYogi Tee Christmas Tea ist ein idealer Ayurveda-Tee f\u00fcr k\u00e4ltere Tage.<br \/>\nYOGI TEA unterst\u00fctzt den gemeinn\u00fctzigen Verein &#8222;Nevandra&#8220;, der verschiedene Hilfsprojekte f\u00fcr Kinder in Indien ins Leben gerufen hat und ihnen mit viel Herz ein Zuhause und eine Zukunftsperspektive bietet.<br \/>\nDas soziale Engagement in dem zweitbev\u00f6lkerungsreichsten Land der Welt hat eine besondere Bedeutung, da die Wurzeln von YOGI TEA in Indien liegen.<br \/>\n<div class=\"main-cross-sell\" data-asin=\"B012GRZK36\">\n\n\t<div class=\"WooZone-cross-sell-loader\">\n\t\t<div>\n\t\t\t<div id=\"floatingBarsG\">\n\t\t\t\t<div class=\"blockG\" id=\"rotateG_01\"><\/div>\n\t\t\t\t<div class=\"blockG\" id=\"rotateG_02\"><\/div>\n\t\t\t\t<div class=\"blockG\" id=\"rotateG_03\"><\/div>\n\t\t\t\t<div class=\"blockG\" id=\"rotateG_04\"><\/div>\n\t\t\t\t<div class=\"blockG\" id=\"rotateG_05\"><\/div>\n\t\t\t\t<div class=\"blockG\" id=\"rotateG_06\"><\/div>\n\t\t\t\t<div class=\"blockG\" id=\"rotateG_07\"><\/div>\n\t\t\t\t<div class=\"blockG\" id=\"rotateG_08\"><\/div>\n\t\t\t<\/div>\n\t\t\t<div class=\"WooZone-cross-sell-loader-text\"><\/div>\n\t\t<\/div>\n\t<\/div>\n\n\t\t\n<\/div>\n<div style=\"clear:both;\"><\/div><\/p>\n","protected":false},"excerpt":{"rendered":"<p>Yogi Tee Christmas Tea &#8211; F\u00fcr die sch\u00f6nste Zeit des Jahres.<br \/>\nYogi Tee Mischung aus weihnachtlichen ayurvedischen Kr\u00e4utern und Gew\u00fcrzen wie Zimt, Orange, Vanille, Sternanis, Nelken und Rooibos.<br \/>\nYogi Tee Christmas Tea ist ein idealer Ayurveda-Tee f\u00fcr k\u00e4ltere Tage.<\/p>\n","protected":false},"featured_media":43296,"comment_status":"open","ping_status":"closed","template":"","meta":[],"product_brand":[],"product_cat":[87],"product_tag":[],"class_list":{"0":"post-43295","1":"product","2":"type-product","3":"status-publish","4":"has-post-thumbnail","6":"product_cat-jahreszeiten-tee","7":"pa_allergie-informationen-enthaelt-haselnuesse","8":"pa_amazon-bestseller-rang-nr-66592-in-lebensmittel-getraenke-siehe-top-100-in-lebensmittel-getraenke-nr-844-in-fruechtetee","9":"pa_artikelgewicht-35-7-g","10":"pa_aufbewahrung-trocken-bei-max-20-c-aufbewahren","11":"pa_auslaufartikel-produktion-dur-nein","12":"pa_besonderheit-ohne-gentechnik-bio-vegetarisch-vegan-zoeliakie-vertraeglich","13":"pa_durchschnittliche-kundenbewer-46-von-5-sternen-59-sternebewertungen-46-von-5-sternen","14":"pa_format-beutel","15":"pa_herkunftsland-deutschland","16":"pa_herkunftsort-der-primaeren-zu-italien","17":"pa_hersteller-yogi-tea","18":"pa_im-angebot-von-amazon-de-seit-24-juli-2015","19":"pa_kontakt-zum-hersteller-yogi-tea-burchardstr-24-d-20095-hamburg","20":"pa_landeskueche-deutschland","21":"pa_marke-yogi-tea","22":"pa_netto-gewicht-35-7-gramm","23":"pa_rebsortenkomposition-zutaten-rotbusch-30-zimt-14-suessholz-koriander-ingwer-schwarzer-pfeffer-nelken-orangenschalen-kardamom-anis-sternanis-2-vanilleextrakt-geroestete-zichorienwurz","24":"pa_stueckzahl-35-7-gramm","25":"pa_ursprungsland-der-primaeren-z-international","26":"pa_verpackungsabmessungen-12-x-7-5-x-6-5-cm-35-7-gramm","27":"pa_zertifizierung-bio-nach-eg-oeko-verordnung","29":"first","30":"instock","31":"shipping-taxable","32":"purchasable","33":"product-type-simple"},"_links":{"self":[{"href":"https:\/\/123-teezeit.de\/index.php?rest_route=\/wp\/v2\/product\/43295","targetHints":{"allow":["GET"]}}],"collection":[{"href":"https:\/\/123-teezeit.de\/index.php?rest_route=\/wp\/v2\/product"}],"about":[{"href":"https:\/\/123-teezeit.de\/index.php?rest_route=\/wp\/v2\/types\/product"}],"replies":[{"embeddable":true,"href":"https:\/\/123-teezeit.de\/index.php?rest_route=%2Fwp%2Fv2%2Fcomments&post=43295"}],"wp:featuredmedia":[{"embeddable":true,"href":"https:\/\/123-teezeit.de\/index.php?rest_route=\/wp\/v2\/media\/43296"}],"wp:attachment":[{"href":"https:\/\/123-teezeit.de\/index.php?rest_route=%2Fwp%2Fv2%2Fmedia&parent=43295"}],"wp:term":[{"taxonomy":"product_brand","embeddable":true,"href":"https:\/\/123-teezeit.de\/index.php?rest_route=%2Fwp%2Fv2%2Fproduct_brand&post=43295"},{"taxonomy":"product_cat","embeddable":true,"href":"https:\/\/123-teezeit.de\/index.php?rest_route=%2Fwp%2Fv2%2Fproduct_cat&post=43295"},{"taxonomy":"product_tag","embeddable":true,"href":"https:\/\/123-teezeit.de\/index.php?rest_route=%2Fwp%2Fv2%2Fproduct_tag&post=43295"}],"curies":[{"name":"wp","href":"https:\/\/api.w.org\/{rel}","templated":true}]}}