{"id":43323,"date":"2022-02-13T06:38:28","date_gmt":"2022-02-13T06:38:28","guid":{"rendered":"https:\/\/123-teezeit.de\/?product=teekanne-blueberry-muffin-18-beutel-40-5g"},"modified":"2023-04-09T12:30:30","modified_gmt":"2023-04-09T12:30:30","slug":"teekanne-blueberry-muffin-18-beutel-40-5g","status":"publish","type":"product","link":"https:\/\/123-teezeit.de\/?product=teekanne-blueberry-muffin-18-beutel-40-5g","title":{"rendered":"Teekanne Blueberry Muffin, 18 Beutel, 40.5g"},"content":{"rendered":"<p><!-- show up to 2 reviews by default --> <\/p>\n<h3> <span>Produktbeschreibung<\/span> <\/h3>\n<p> <span>Deine kleine s\u00fc\u00dfe Auszeit ganz ohne Kalorien. Teekanne Blueberry Muffin ist ein himmlisch-zarter Fr\u00fcchtetee mit dem Geschmack nach fruchtigen Blaubeeren und einer s\u00fc\u00dfen Muffin-Note. Genie\u00dfe so Dein \u201es\u00fc\u00dfes Etwas\u201c wann immer Du magst! Nach dem Essen, nachmittags oder wenn Dich die Lust nach einer s\u00fc\u00dfen K\u00f6stlichkeit bekommt. Ganz ohne schlechtes Gewissen, denn das Beste daran: Der verlockende Teekanne Blueberry Muffin ist ganz ohne Kalorien.<\/span> <\/p>\n<h3> <span>Inhaltsstoffe \/ Zutaten<\/span> <\/h3>\n<p> <span>Zutaten: \u00c4pfel, Hibiskus, Hagebutten, Steviabl\u00e4tter, Muffinar oma, Blaubeeraroma, Heidelbeeren<\/span> <\/p>\n<div data-a-expander-name=\"toggle_description\" class=\"a-row a-expander-container a-expander-extend-container\">\n<div class=\"a-expander-content a-expander-extend-content\">\n<h3> <span>Gebrauchsanweisung<\/span> <\/h3>\n<p> <span>Nehmen Sie f\u00fcr eine Tasse 1 Teebeutel. Mit sprudelnd kochendem Wasser aufgie\u00dfen und mindestens 5-8 Minuten ziehen lassen. Nur so erhalten Sie ein sicheres Lebensmittel!<\/span> <\/p>\n<h3> <span>Set enth\u00e4lt:<\/span> <\/h3>\n<p> <span>18<\/span> <\/p>\n<h3> <span>Anschrift Hersteller\/Importeur<\/span> <\/h3>\n<p> <span>D-40526 D\u00fcsseldorf<\/span> <\/p>\n<\/p><\/div>\n<p> <a data-csa-c-func-deps=\"aui-da-a-expander-toggle\" data-csa-c-type=\"widget\" data-csa-interaction-events=\"click\" role=\"button\" href=\"void(0)\" data-action=\"a-expander-toggle\" class=\"a-expander-header a-declarative a-expander-extend-header\" data-a-expander-toggle=\"{\"><i class=\"a-icon a-icon-extender-expand\"><\/i><span class=\"a-expander-prompt\">Mehr<\/span><\/a> <\/div>\n<p>Fr\u00fcchtetee, aromatisiert mit Blaubeer-Muffin-Geschmack<br \/>\nHimmlisch-zarter Fr\u00fcchtetee f\u00fcr einen kleinen Moment Entspannung<br \/>\nMit dem Geschmack fruchtiger Blaubeeren und einer s\u00fc\u00dfen Muffin-Note<br \/>\n18 Aufgussbeutel mit Aromaschutz-Umh\u00fcllung<br \/>\nWeniger Fett<br \/>\nGeeignet f\u00fcr Vegetarier<br \/>\n<div class=\"main-cross-sell\" data-asin=\"B01BHXOUDG\">\n\n\t<div class=\"WooZone-cross-sell-loader\">\n\t\t<div>\n\t\t\t<div id=\"floatingBarsG\">\n\t\t\t\t<div class=\"blockG\" id=\"rotateG_01\"><\/div>\n\t\t\t\t<div class=\"blockG\" id=\"rotateG_02\"><\/div>\n\t\t\t\t<div class=\"blockG\" id=\"rotateG_03\"><\/div>\n\t\t\t\t<div class=\"blockG\" id=\"rotateG_04\"><\/div>\n\t\t\t\t<div class=\"blockG\" id=\"rotateG_05\"><\/div>\n\t\t\t\t<div class=\"blockG\" id=\"rotateG_06\"><\/div>\n\t\t\t\t<div class=\"blockG\" id=\"rotateG_07\"><\/div>\n\t\t\t\t<div class=\"blockG\" id=\"rotateG_08\"><\/div>\n\t\t\t<\/div>\n\t\t\t<div class=\"WooZone-cross-sell-loader-text\"><\/div>\n\t\t<\/div>\n\t<\/div>\n\n\t\t\n<\/div>\n<div style=\"clear:both;\"><\/div><\/p>\n","protected":false},"excerpt":{"rendered":"<p>Fr\u00fcchtetee, aromatisiert mit Blaubeer-Muffin-Geschmack<br \/>\nHimmlisch-zarter Fr\u00fcchtetee f\u00fcr einen kleinen Moment Entspannung<br \/>\nMit dem Geschmack fruchtiger Blaubeeren und einer s\u00fc\u00dfen Muffin-Note<\/p>\n","protected":false},"featured_media":43324,"comment_status":"open","ping_status":"closed","template":"","meta":[],"product_brand":[],"product_cat":[87],"product_tag":[],"class_list":{"0":"post-43323","1":"product","2":"type-product","3":"status-publish","4":"has-post-thumbnail","6":"product_cat-jahreszeiten-tee","7":"pa_amazon-bestseller-rang-nr-48885-in-lebensmittel-getraenke-siehe-top-100-in-lebensmittel-getraenke-nr-586-in-fruechtetee","8":"pa_artikelgewicht-40-5-g","9":"pa_aufbewahrung-vor-waerme-geschuetzt-und-trocken-lagern","10":"pa_besonderheit-ohne-zuckerzusatz-glutenfrei","11":"pa_durchschnittliche-kundenbewer-41-von-5-sternen-12-sternebewertungen-41-von-5-sternen","12":"pa_format-beutel","13":"pa_herkunftsland-deutschland","14":"pa_hersteller-teekanne-gmbh-co-kg","15":"pa_im-angebot-von-amazon-de-seit-5-februar-2016","16":"pa_kontakt-zum-hersteller-d-40526-duesseldorf","17":"pa_marke-teekanne","18":"pa_netto-gewicht-40-5-gramm","19":"pa_produktabmessungen-13-6-x-6-7-x-7-5-cm-40-5-gramm","20":"pa_produktbezeichnung-tee-sweeteas","21":"pa_stueckzahl-40-5-gramm","22":"pa_ursprungsland-germany","23":"pa_zertifizierung-rainforest-alliance-zertifziert-zum-schutz-des-regenwaldes","24":"pa_zusatzstoffe-aroma-aromen","26":"first","27":"instock","28":"shipping-taxable","29":"purchasable","30":"product-type-simple"},"_links":{"self":[{"href":"https:\/\/123-teezeit.de\/index.php?rest_route=\/wp\/v2\/product\/43323","targetHints":{"allow":["GET"]}}],"collection":[{"href":"https:\/\/123-teezeit.de\/index.php?rest_route=\/wp\/v2\/product"}],"about":[{"href":"https:\/\/123-teezeit.de\/index.php?rest_route=\/wp\/v2\/types\/product"}],"replies":[{"embeddable":true,"href":"https:\/\/123-teezeit.de\/index.php?rest_route=%2Fwp%2Fv2%2Fcomments&post=43323"}],"wp:featuredmedia":[{"embeddable":true,"href":"https:\/\/123-teezeit.de\/index.php?rest_route=\/wp\/v2\/media\/43324"}],"wp:attachment":[{"href":"https:\/\/123-teezeit.de\/index.php?rest_route=%2Fwp%2Fv2%2Fmedia&parent=43323"}],"wp:term":[{"taxonomy":"product_brand","embeddable":true,"href":"https:\/\/123-teezeit.de\/index.php?rest_route=%2Fwp%2Fv2%2Fproduct_brand&post=43323"},{"taxonomy":"product_cat","embeddable":true,"href":"https:\/\/123-teezeit.de\/index.php?rest_route=%2Fwp%2Fv2%2Fproduct_cat&post=43323"},{"taxonomy":"product_tag","embeddable":true,"href":"https:\/\/123-teezeit.de\/index.php?rest_route=%2Fwp%2Fv2%2Fproduct_tag&post=43323"}],"curies":[{"name":"wp","href":"https:\/\/api.w.org\/{rel}","templated":true}]}}