{"id":43327,"date":"2022-02-13T06:38:29","date_gmt":"2022-02-13T06:38:29","guid":{"rendered":"https:\/\/123-teezeit.de\/?product=teekanne-suesser-bratapfel-3er-pack-3-x-50g"},"modified":"2023-04-09T12:30:30","modified_gmt":"2023-04-09T12:30:30","slug":"teekanne-suesser-bratapfel-3er-pack-3-x-50g","status":"publish","type":"product","link":"https:\/\/123-teezeit.de\/?product=teekanne-suesser-bratapfel-3er-pack-3-x-50g","title":{"rendered":"Teekanne S\u00fc\u00dfer Bratapfel 3er Pack (3 x 50g)"},"content":{"rendered":"<p><!-- show up to 2 reviews by default --><br \/>\nGenie\u00dfen Sie diesen leckeren Fr\u00fcchtetee mit dem typischen Geschmack nach s\u00fc\u00dfem Bratapfel und Zimt<br \/>\nNehmen Sie f\u00fcr eine Tasse 1 Teebeutel und mindestens 3 Teebeutel f\u00fcr eine Kanne. Immer mit sprudelnd kochendem Wasser aufgie\u00dfen und mindestens 5-8 Minuten ziehen lassen!<br \/>\nEine Packung enth\u00e4lt 20 Doppelkammerbeutel \u00e0 2,5g<br \/>\nProbieren Sie auch die weiteren Teekanne Wintertee-Sorten H\u00fcttenzauber, Kaminabend, Winterzeit<br \/>\n<div class=\"main-cross-sell\" data-asin=\"B08KH7PD7M\">\n\n\t<div class=\"WooZone-cross-sell-loader\">\n\t\t<div>\n\t\t\t<div id=\"floatingBarsG\">\n\t\t\t\t<div class=\"blockG\" id=\"rotateG_01\"><\/div>\n\t\t\t\t<div class=\"blockG\" id=\"rotateG_02\"><\/div>\n\t\t\t\t<div class=\"blockG\" id=\"rotateG_03\"><\/div>\n\t\t\t\t<div class=\"blockG\" id=\"rotateG_04\"><\/div>\n\t\t\t\t<div class=\"blockG\" id=\"rotateG_05\"><\/div>\n\t\t\t\t<div class=\"blockG\" id=\"rotateG_06\"><\/div>\n\t\t\t\t<div class=\"blockG\" id=\"rotateG_07\"><\/div>\n\t\t\t\t<div class=\"blockG\" id=\"rotateG_08\"><\/div>\n\t\t\t<\/div>\n\t\t\t<div class=\"WooZone-cross-sell-loader-text\"><\/div>\n\t\t<\/div>\n\t<\/div>\n\n\t\t\n<\/div>\n<div style=\"clear:both;\"><\/div><\/p>\n","protected":false},"excerpt":{"rendered":"<p>Genie\u00dfen Sie diesen leckeren Fr\u00fcchtetee mit dem typischen Geschmack nach s\u00fc\u00dfem Bratapfel und Zimt<br \/>\nNehmen Sie f\u00fcr eine Tasse 1 Teebeutel und mindestens 3 Teebeutel f\u00fcr eine Kanne. Immer mit sprudelnd kochendem Wasser aufgie\u00dfen und mindestens 5-8 Minuten ziehen lassen!<br \/>\nEine Packung enth\u00e4lt 20 Doppelkammerbeutel \u00e0 2,5g<\/p>\n","protected":false},"featured_media":43328,"comment_status":"open","ping_status":"closed","template":"","meta":[],"product_brand":[],"product_cat":[87],"product_tag":[],"class_list":{"0":"post-43327","1":"product","2":"type-product","3":"status-publish","4":"has-post-thumbnail","6":"product_cat-jahreszeiten-tee","7":"pa_amazon-bestseller-rang-nr-4946-in-lebensmittel-getraenke-siehe-top-100-in-lebensmittel-getraenke-nr-40-in-fruechtetee","8":"pa_artikelgewicht-150-g","9":"pa_durchschnittliche-kundenbewer-47-von-5-sternen-65-sternebewertungen-47-von-5-sternen","10":"pa_hersteller-teekanne-gmbh-co-kg","11":"pa_im-angebot-von-amazon-de-seit-1-oktober-2020","12":"pa_marke-teekanne-gmbh-co-kg","13":"pa_netto-gewicht-150-gramm","14":"pa_stueckzahl-150-gramm","15":"pa_verpackungsabmessungen-23-x-14-x-7-cm-150-gramm","17":"first","18":"instock","19":"shipping-taxable","20":"purchasable","21":"product-type-simple"},"_links":{"self":[{"href":"https:\/\/123-teezeit.de\/index.php?rest_route=\/wp\/v2\/product\/43327","targetHints":{"allow":["GET"]}}],"collection":[{"href":"https:\/\/123-teezeit.de\/index.php?rest_route=\/wp\/v2\/product"}],"about":[{"href":"https:\/\/123-teezeit.de\/index.php?rest_route=\/wp\/v2\/types\/product"}],"replies":[{"embeddable":true,"href":"https:\/\/123-teezeit.de\/index.php?rest_route=%2Fwp%2Fv2%2Fcomments&post=43327"}],"wp:featuredmedia":[{"embeddable":true,"href":"https:\/\/123-teezeit.de\/index.php?rest_route=\/wp\/v2\/media\/43328"}],"wp:attachment":[{"href":"https:\/\/123-teezeit.de\/index.php?rest_route=%2Fwp%2Fv2%2Fmedia&parent=43327"}],"wp:term":[{"taxonomy":"product_brand","embeddable":true,"href":"https:\/\/123-teezeit.de\/index.php?rest_route=%2Fwp%2Fv2%2Fproduct_brand&post=43327"},{"taxonomy":"product_cat","embeddable":true,"href":"https:\/\/123-teezeit.de\/index.php?rest_route=%2Fwp%2Fv2%2Fproduct_cat&post=43327"},{"taxonomy":"product_tag","embeddable":true,"href":"https:\/\/123-teezeit.de\/index.php?rest_route=%2Fwp%2Fv2%2Fproduct_tag&post=43327"}],"curies":[{"name":"wp","href":"https:\/\/api.w.org\/{rel}","templated":true}]}}