{"id":43333,"date":"2022-02-13T06:38:33","date_gmt":"2022-02-13T06:38:33","guid":{"rendered":"https:\/\/123-teezeit.de\/?product=1kg-ottoman-tuerkischer-apfel-instantgetraenk-mit-apfelgeschmack-roter-apfel"},"modified":"2023-04-09T12:30:30","modified_gmt":"2023-04-09T12:30:30","slug":"1kg-ottoman-tuerkischer-apfel-instantgetraenk-mit-apfelgeschmack-roter-apfel","status":"publish","type":"product","link":"https:\/\/123-teezeit.de\/?product=1kg-ottoman-tuerkischer-apfel-instantgetraenk-mit-apfelgeschmack-roter-apfel","title":{"rendered":"1KG Ottoman T\u00fcrkischer Apfel, Instantgetr\u00e4nk mit Apfelgeschmack &#8211; Roter Apfel"},"content":{"rendered":"<p><!-- show up to 2 reviews by default --> <\/p>\n<h3> <span>Produktbeschreibungen<\/span> <\/h3>\n<p> <span>T\u00fcrkisches Instantgetr\u00e4nk mit Apfel-Geschmack &#8222;roter Apfel&#8220; als Pulver zum Aufl\u00f6sen als Hei\u00df- und Kaltgetr\u00e4nk. Sehr lecker, wie im T\u00fcrkei-Urlaub. Zubereitung: Warm: Geben Sie zwei Teel\u00f6ffel des Apfel-Pulvers in ein Teeglas und gie\u00dfen Sie hei\u00dfes Wasser auf. Danach gut umr\u00fchren. Kalt: Geben Sie einen Essl\u00f6ffel des Apfel-Pulvers in ein Teeglas und gie\u00dfen Sie kaltes Wasser auf. Danach gut umr\u00fchren. Das Apfelteepulver eignet sich auch f\u00fcr die Zubereitung von Pudding, Kuchen, Gelee, Speiseeis und Marmeladen. Zutaten: Zucker, S\u00e4uerungsmittel: Zitronens\u00e4ure, Aroma, Trennmittel (Tricalciumphosphat), Vitamin C, Farbstoffe (Ammonsulfit &#8211; Zuckerkul\u00f6r, Gelborange-S, Gr\u00fcn-S).<\/span> <\/p>\n<h3> <span>Inhaltsstoffe \/ Zutaten<\/span> <\/h3>\n<p> <span>Zucker, Zitonens\u00e4ure (E330), natur\u00e4hnliches Apfelaroma, Trennmittel (Tri-Kalzium Phosphat E341), Vitamin C (15mg\/100ml), Farbstoffe (Ammonsulfit-Zuckerkul\u00f6r, Gelborange-S, Gr\u00fcn-S)<\/span> <\/p>\n<div data-a-expander-name=\"toggle_description\" class=\"a-row a-expander-container a-expander-extend-container\">\n<div class=\"a-expander-content a-expander-extend-content\">\n<h3> <span>Anschrift Hersteller\/Importeur<\/span> <\/h3>\n<p> <span>Ottoman GmbH &#8211; Potsdamer Str. 109a &#8211; 14974 Ludwigsfelde<\/span> <\/p>\n<\/p><\/div>\n<p> <a data-csa-c-func-deps=\"aui-da-a-expander-toggle\" data-csa-c-type=\"widget\" data-csa-interaction-events=\"click\" role=\"button\" href=\"void(0)\" data-action=\"a-expander-toggle\" class=\"a-expander-header a-declarative a-expander-extend-header\" data-a-expander-toggle=\"{\"><i class=\"a-icon a-icon-extender-expand\"><\/i><span class=\"a-expander-prompt\">Mehr<\/span><\/a> <\/div>\n<p>Bekannt aus dem T\u00fcrkei Urlaub T\u00fcrkischer Roter Apfel Tee Geschmack im 1000g Packung.<br \/>\nT\u00fcrkisches Instant Roter Apfel Tee Pulver ist etwas f\u00fcr Genie\u00dfer,eine sinnlich s\u00fc\u00dfe angenehm fruchtige Note charakterisiert den roten Apfeltee.<br \/>\nDas Kultgetr\u00e4nk kann zu jeder Jahreszeit Hei\u00df und Kalt genossen werden. Somit ein Getr\u00e4nk f\u00fcr das ganze Jahr.<br \/>\nZubereitung: Geben Sie zwei Teel\u00f6ffel des t\u00fcrkischen Roter Apfeltee Pulvers in ein Teeglas und gie\u00dfen Sie hei\u00dfes oder kaltes Wasser auf,danach gut umr\u00fchren.<br \/>\nTIP: Sie k\u00f6nnen das Pulver auch verwenden f\u00fcr die Herstellung von Pudding,Kuchen,Gelee,Speiseeis,Marmeladen,Fruchtschorlen und Kuchen.Probieren sie es einfach aus.<br \/>\n<div class=\"main-cross-sell\" data-asin=\"B00CL626Z8\">\n\n\t<div class=\"WooZone-cross-sell-loader\">\n\t\t<div>\n\t\t\t<div id=\"floatingBarsG\">\n\t\t\t\t<div class=\"blockG\" id=\"rotateG_01\"><\/div>\n\t\t\t\t<div class=\"blockG\" id=\"rotateG_02\"><\/div>\n\t\t\t\t<div class=\"blockG\" id=\"rotateG_03\"><\/div>\n\t\t\t\t<div class=\"blockG\" id=\"rotateG_04\"><\/div>\n\t\t\t\t<div class=\"blockG\" id=\"rotateG_05\"><\/div>\n\t\t\t\t<div class=\"blockG\" id=\"rotateG_06\"><\/div>\n\t\t\t\t<div class=\"blockG\" id=\"rotateG_07\"><\/div>\n\t\t\t\t<div class=\"blockG\" id=\"rotateG_08\"><\/div>\n\t\t\t<\/div>\n\t\t\t<div class=\"WooZone-cross-sell-loader-text\"><\/div>\n\t\t<\/div>\n\t<\/div>\n\n\t\t\n<\/div>\n<div style=\"clear:both;\"><\/div><\/p>\n","protected":false},"excerpt":{"rendered":"<p>Bekannt aus dem T\u00fcrkei Urlaub T\u00fcrkischer Roter Apfel Tee Geschmack im 1000g Packung.<br \/>\nT\u00fcrkisches Instant Roter Apfel Tee Pulver ist etwas f\u00fcr Genie\u00dfer,eine sinnlich s\u00fc\u00dfe angenehm fruchtige Note charakterisiert den roten Apfeltee.<br \/>\nDas Kultgetr\u00e4nk kann zu jeder Jahreszeit Hei\u00df und Kalt genossen werden. Somit ein Getr\u00e4nk f\u00fcr das ganze Jahr.<\/p>\n","protected":false},"featured_media":43334,"comment_status":"open","ping_status":"closed","template":"","meta":[],"product_brand":[],"product_cat":[87],"product_tag":[],"class_list":{"0":"post-43333","1":"product","2":"type-product","3":"status-publish","4":"has-post-thumbnail","6":"product_cat-jahreszeiten-tee","7":"pa_abtropfgewicht-1-kilogramm","8":"pa_amazon-bestseller-rang-nr-10442-in-lebensmittel-getraenke-siehe-top-100-in-lebensmittel-getraenke-nr-100-in-fruechtetee","9":"pa_artikelgewicht-1-kg","10":"pa_durchschnittliche-kundenbewer-45-von-5-sternen-253-sternebewertungen-45-von-5-sternen","11":"pa_format-pulver","12":"pa_hersteller-ottoman","13":"pa_im-angebot-von-amazon-de-seit-29-september-2013","14":"pa_koffeingehalt-koffeinfrei","15":"pa_kontakt-zum-hersteller-ottoman-gmbh-potsdamer-str-109a-14974-ludwigsfelde","16":"pa_landeskueche-naher-osten","17":"pa_marke-ottoman-2-0","18":"pa_stueckzahl-1000-gramm","19":"pa_verpackungsabmessungen-24-13-x-18-03-x-3-3-cm-1-kilogramm","21":"first","22":"instock","23":"shipping-taxable","24":"purchasable","25":"product-type-simple"},"_links":{"self":[{"href":"https:\/\/123-teezeit.de\/index.php?rest_route=\/wp\/v2\/product\/43333","targetHints":{"allow":["GET"]}}],"collection":[{"href":"https:\/\/123-teezeit.de\/index.php?rest_route=\/wp\/v2\/product"}],"about":[{"href":"https:\/\/123-teezeit.de\/index.php?rest_route=\/wp\/v2\/types\/product"}],"replies":[{"embeddable":true,"href":"https:\/\/123-teezeit.de\/index.php?rest_route=%2Fwp%2Fv2%2Fcomments&post=43333"}],"wp:featuredmedia":[{"embeddable":true,"href":"https:\/\/123-teezeit.de\/index.php?rest_route=\/wp\/v2\/media\/43334"}],"wp:attachment":[{"href":"https:\/\/123-teezeit.de\/index.php?rest_route=%2Fwp%2Fv2%2Fmedia&parent=43333"}],"wp:term":[{"taxonomy":"product_brand","embeddable":true,"href":"https:\/\/123-teezeit.de\/index.php?rest_route=%2Fwp%2Fv2%2Fproduct_brand&post=43333"},{"taxonomy":"product_cat","embeddable":true,"href":"https:\/\/123-teezeit.de\/index.php?rest_route=%2Fwp%2Fv2%2Fproduct_cat&post=43333"},{"taxonomy":"product_tag","embeddable":true,"href":"https:\/\/123-teezeit.de\/index.php?rest_route=%2Fwp%2Fv2%2Fproduct_tag&post=43333"}],"curies":[{"name":"wp","href":"https:\/\/api.w.org\/{rel}","templated":true}]}}