{"id":43342,"date":"2022-02-13T06:38:39","date_gmt":"2022-02-13T06:38:39","guid":{"rendered":"https:\/\/123-teezeit.de\/?product=teekanne-huettenzauber-12er-pack"},"modified":"2023-04-09T12:30:30","modified_gmt":"2023-04-09T12:30:30","slug":"teekanne-huettenzauber-12er-pack","status":"publish","type":"product","link":"https:\/\/123-teezeit.de\/?product=teekanne-huettenzauber-12er-pack","title":{"rendered":"Teekanne H\u00fcttenzauber, Fr\u00fcchtetee mit Rumtrauben- und Orangenaroma, 12er Pack (12 x 20 Teebeutel), 12 x 60 g"},"content":{"rendered":"<p><!-- show up to 2 reviews by default --> <\/p>\n<h3> <span>Produktbeschreibungen<\/span> <\/h3>\n<p> <span>In der Winterzeit, wenn es drau\u00dfen k\u00e4lter wird und man sich nach warmen, gem\u00fctlichen Stunden sehnt, ist es wieder soweit ? TEEKANNE H\u00fcttenzauber zaubert w\u00e4rmende Genuss-Momente in jede Teetasse. Genie\u00dfen Sie diesen leckeren, w\u00fcrzig-s\u00fc\u00dfen Fr\u00fcchtetee mit dem Geschmack nach Gl\u00fchwein ? nat\u00fcrlich ohne Alkohol. F\u00fcr besinnliche Stunden und fr\u00f6hliche Momente. TEEKANNE H\u00fcttenzauber ? f\u00fcr zauberhafte Winterstunden! Nehmen Sie f\u00fcr eine Tasse 1 Teebeutel und mindestens 3 Teebeutel f\u00fcr eine Kanne. Immer mit sprudelnd kochendem Wasser aufgie\u00dfen und mindestens 5-8 Minuten ziehen lassen! Nur so erhalten Sie ein sicheres Lebensmittel!<\/span> <\/p>\n<h3> <span>Inhaltsstoffe \/ Zutaten<\/span> <\/h3>\n<p> <span>Zutaten: \u00c4pfel (34%), Hibiskus, Hagebutten, Orangenschalen (9%), Zimt (6%), Rumtraubenaroma, Orangenaroma<\/span> <\/p>\n<div data-a-expander-name=\"toggle_description\" class=\"a-row a-expander-container a-expander-extend-container\">\n<div class=\"a-expander-content a-expander-extend-content\">\n<h3> <span>Anschrift Hersteller\/Importeur<\/span> <\/h3>\n<p> <span>TEEKANNE GmbH &amp; Co. KG, D-40526 D\u00fcsseldorf<\/span> <\/p>\n<\/p><\/div>\n<p> <a data-csa-c-func-deps=\"aui-da-a-expander-toggle\" data-csa-c-type=\"widget\" data-csa-interaction-events=\"click\" role=\"button\" href=\"void(0)\" data-action=\"a-expander-toggle\" class=\"a-expander-header a-declarative a-expander-extend-header\" data-a-expander-toggle=\"{\"><i class=\"a-icon a-icon-extender-expand\"><\/i><span class=\"a-expander-prompt\">Mehr<\/span><\/a> <\/div>\n<p>In der Winterzeit, wenn es drau\u00dfen k\u00e4lter wird und man sich nach warmen, gem\u00fctlichen Stunden sehnt, ist es wieder soweit ? TEEKANNE H\u00fcttenzauber zaubert w\u00e4rmende Genuss-Momente in jede Teetasse.<br \/>\nGenie\u00dfen Sie diesen leckeren, w\u00fcrzig-s\u00fc\u00dfen Fr\u00fcchtetee mit dem Geschmack nach Gl\u00fchwein ? nat\u00fcrlich ohne Alkohol.<br \/>\nF\u00fcr besinnliche Stunden und fr\u00f6hliche Momente.<br \/>\nTEEKANNE H\u00fcttenzauber ? f\u00fcr zauberhafte Winterstunden!<br \/>\nNehmen Sie f\u00fcr eine Tasse 1 Teebeutel und mindestens 3 Teebeutel f\u00fcr eine Kanne. Immer mit sprudelnd kochendem Wasser aufgie\u00dfen und mindestens 5-8 Minuten ziehen lassen! Nur so erhalten Sie ein sicheres Lebensmittel!<br \/>\n<div class=\"main-cross-sell\" data-asin=\"B017OZHKJC\">\n\n\t<div class=\"WooZone-cross-sell-loader\">\n\t\t<div>\n\t\t\t<div id=\"floatingBarsG\">\n\t\t\t\t<div class=\"blockG\" id=\"rotateG_01\"><\/div>\n\t\t\t\t<div class=\"blockG\" id=\"rotateG_02\"><\/div>\n\t\t\t\t<div class=\"blockG\" id=\"rotateG_03\"><\/div>\n\t\t\t\t<div class=\"blockG\" id=\"rotateG_04\"><\/div>\n\t\t\t\t<div class=\"blockG\" id=\"rotateG_05\"><\/div>\n\t\t\t\t<div class=\"blockG\" id=\"rotateG_06\"><\/div>\n\t\t\t\t<div class=\"blockG\" id=\"rotateG_07\"><\/div>\n\t\t\t\t<div class=\"blockG\" id=\"rotateG_08\"><\/div>\n\t\t\t<\/div>\n\t\t\t<div class=\"WooZone-cross-sell-loader-text\"><\/div>\n\t\t<\/div>\n\t<\/div>\n\n\t\t\n<\/div>\n<div style=\"clear:both;\"><\/div><\/p>\n","protected":false},"excerpt":{"rendered":"<p>In der Winterzeit, wenn es drau\u00dfen k\u00e4lter wird und man sich nach warmen, gem\u00fctlichen Stunden sehnt, ist es wieder soweit ? TEEKANNE H\u00fcttenzauber zaubert w\u00e4rmende Genuss-Momente in jede Teetasse.<br \/>\nGenie\u00dfen Sie diesen leckeren, w\u00fcrzig-s\u00fc\u00dfen Fr\u00fcchtetee mit dem Geschmack nach Gl\u00fchwein ? nat\u00fcrlich ohne Alkohol.<br \/>\nF\u00fcr besinnliche Stunden und fr\u00f6hliche Momente.<\/p>\n","protected":false},"featured_media":43343,"comment_status":"open","ping_status":"closed","template":"","meta":[],"product_brand":[],"product_cat":[87],"product_tag":[],"class_list":{"0":"post-43342","1":"product","2":"type-product","3":"status-publish","4":"has-post-thumbnail","6":"product_cat-jahreszeiten-tee","7":"pa_amazon-bestseller-rang-nr-23005-in-lebensmittel-getraenke-siehe-top-100-in-lebensmittel-getraenke-nr-255-in-fruechtetee","8":"pa_artikelgewicht-720-g","9":"pa_aufbewahrung-vor-waerme-geschuetzt-und-trocken-lagern","10":"pa_durchschnittliche-kundenbewer-46-von-5-sternen-20-sternebewertungen-46-von-5-sternen","11":"pa_hersteller-teekanne","12":"pa_im-angebot-von-amazon-de-seit-7-november-2015","13":"pa_kontakt-zum-hersteller-teekanne-gmbh-co-kg-d-40526-duesseldorf","14":"pa_marke-teekanne","15":"pa_netto-gewicht-0-72-kilogramm","16":"pa_rebsortenkomposition-zutaten-aepfel-34-hibiskus-hagebutten-orangenschalen-9-zimt-6-rumtraubenaroma-orangenaroma","17":"pa_stueckzahl-720-0-gramm","18":"pa_verpackungsabmessungen-38-7-x-15-2-x-14-8-cm-720-gramm","20":"first","21":"instock","22":"shipping-taxable","23":"purchasable","24":"product-type-simple"},"_links":{"self":[{"href":"https:\/\/123-teezeit.de\/index.php?rest_route=\/wp\/v2\/product\/43342","targetHints":{"allow":["GET"]}}],"collection":[{"href":"https:\/\/123-teezeit.de\/index.php?rest_route=\/wp\/v2\/product"}],"about":[{"href":"https:\/\/123-teezeit.de\/index.php?rest_route=\/wp\/v2\/types\/product"}],"replies":[{"embeddable":true,"href":"https:\/\/123-teezeit.de\/index.php?rest_route=%2Fwp%2Fv2%2Fcomments&post=43342"}],"wp:featuredmedia":[{"embeddable":true,"href":"https:\/\/123-teezeit.de\/index.php?rest_route=\/wp\/v2\/media\/43343"}],"wp:attachment":[{"href":"https:\/\/123-teezeit.de\/index.php?rest_route=%2Fwp%2Fv2%2Fmedia&parent=43342"}],"wp:term":[{"taxonomy":"product_brand","embeddable":true,"href":"https:\/\/123-teezeit.de\/index.php?rest_route=%2Fwp%2Fv2%2Fproduct_brand&post=43342"},{"taxonomy":"product_cat","embeddable":true,"href":"https:\/\/123-teezeit.de\/index.php?rest_route=%2Fwp%2Fv2%2Fproduct_cat&post=43342"},{"taxonomy":"product_tag","embeddable":true,"href":"https:\/\/123-teezeit.de\/index.php?rest_route=%2Fwp%2Fv2%2Fproduct_tag&post=43342"}],"curies":[{"name":"wp","href":"https:\/\/api.w.org\/{rel}","templated":true}]}}