{"id":43350,"date":"2022-02-13T06:38:43","date_gmt":"2022-02-13T06:38:43","guid":{"rendered":"https:\/\/123-teezeit.de\/?product=messmer-schneewunder-kirsche-marzipan-5er-pack"},"modified":"2023-04-09T12:30:30","modified_gmt":"2023-04-09T12:30:30","slug":"messmer-schneewunder-kirsche-marzipan-5er-pack","status":"publish","type":"product","link":"https:\/\/123-teezeit.de\/?product=messmer-schneewunder-kirsche-marzipan-5er-pack","title":{"rendered":"Me\u00dfmer Schneewunder Kirsche-Marzipan 5er Pack"},"content":{"rendered":"<p><!-- show up to 2 reviews by default --> <\/p>\n<h3> <span>Inhaltsstoffe \/ Zutaten<\/span> <\/h3>\n<p> <span>\u00c4pfel, Hibiskus, Hagebutten, Zimt, Aroma, S\u00fc\u00dfkraut, Orangenschalen, Kirschsaftgranulat (Maltodextrin, Kirschsaftkonzentrat).<\/span> <\/p>\n<h3> <span>Anschrift Hersteller\/Importeur<\/span> <\/h3>\n<p> <span>Me\u00dfmer Tee-Gesellschaft mbH 21218 Seevetal Deutschland<\/span> <\/p>\n<p>Dieses Produkt enth\u00e4lt 5 x Me\u00dfmer Schneewunder Kirsche-Marzipan<br \/>\nFr\u00fcchtetee<br \/>\nAromatische Noten: fruchtig-lieblich<br \/>\n<div class=\"main-cross-sell\" data-asin=\"B06WWRQYRF\">\n\n\t<div class=\"WooZone-cross-sell-loader\">\n\t\t<div>\n\t\t\t<div id=\"floatingBarsG\">\n\t\t\t\t<div class=\"blockG\" id=\"rotateG_01\"><\/div>\n\t\t\t\t<div class=\"blockG\" id=\"rotateG_02\"><\/div>\n\t\t\t\t<div class=\"blockG\" id=\"rotateG_03\"><\/div>\n\t\t\t\t<div class=\"blockG\" id=\"rotateG_04\"><\/div>\n\t\t\t\t<div class=\"blockG\" id=\"rotateG_05\"><\/div>\n\t\t\t\t<div class=\"blockG\" id=\"rotateG_06\"><\/div>\n\t\t\t\t<div class=\"blockG\" id=\"rotateG_07\"><\/div>\n\t\t\t\t<div class=\"blockG\" id=\"rotateG_08\"><\/div>\n\t\t\t<\/div>\n\t\t\t<div class=\"WooZone-cross-sell-loader-text\"><\/div>\n\t\t<\/div>\n\t<\/div>\n\n\t\t\n<\/div>\n<div style=\"clear:both;\"><\/div><\/p>\n","protected":false},"excerpt":{"rendered":"<p>Dieses Produkt enth\u00e4lt 5 x Me\u00dfmer Schneewunder Kirsche-Marzipan<br \/>\nFr\u00fcchtetee<br \/>\nAromatische Noten: fruchtig-lieblich<\/p>\n","protected":false},"featured_media":43351,"comment_status":"open","ping_status":"closed","template":"","meta":[],"product_brand":[],"product_cat":[87],"product_tag":[],"class_list":{"0":"post-43350","1":"product","2":"type-product","3":"status-publish","4":"has-post-thumbnail","6":"product_cat-jahreszeiten-tee","7":"pa_amazon-bestseller-rang-nr-10664-in-lebensmittel-getraenke-siehe-top-100-in-lebensmittel-getraenke-nr-102-in-fruechtetee","8":"pa_auslaufartikel-produktion-dur-nein","9":"pa_besonderheit-vegetarisch","10":"pa_durchschnittliche-kundenbewer-48-von-5-sternen-47-sternebewertungen-48-von-5-sternen","11":"pa_format-beutel","12":"pa_hersteller-messmer","13":"pa_im-angebot-von-amazon-de-seit-22-februar-2017","14":"pa_kontakt-zum-hersteller-messmer-tee-gesellschaft-mbh-21218-seevetal-deutschland","15":"pa_marke-messmer","16":"pa_netto-gewicht-0-28-kilogramm","17":"pa_stueckzahl-100-stueck","19":"first","20":"instock","21":"shipping-taxable","22":"purchasable","23":"product-type-simple"},"_links":{"self":[{"href":"https:\/\/123-teezeit.de\/index.php?rest_route=\/wp\/v2\/product\/43350","targetHints":{"allow":["GET"]}}],"collection":[{"href":"https:\/\/123-teezeit.de\/index.php?rest_route=\/wp\/v2\/product"}],"about":[{"href":"https:\/\/123-teezeit.de\/index.php?rest_route=\/wp\/v2\/types\/product"}],"replies":[{"embeddable":true,"href":"https:\/\/123-teezeit.de\/index.php?rest_route=%2Fwp%2Fv2%2Fcomments&post=43350"}],"wp:featuredmedia":[{"embeddable":true,"href":"https:\/\/123-teezeit.de\/index.php?rest_route=\/wp\/v2\/media\/43351"}],"wp:attachment":[{"href":"https:\/\/123-teezeit.de\/index.php?rest_route=%2Fwp%2Fv2%2Fmedia&parent=43350"}],"wp:term":[{"taxonomy":"product_brand","embeddable":true,"href":"https:\/\/123-teezeit.de\/index.php?rest_route=%2Fwp%2Fv2%2Fproduct_brand&post=43350"},{"taxonomy":"product_cat","embeddable":true,"href":"https:\/\/123-teezeit.de\/index.php?rest_route=%2Fwp%2Fv2%2Fproduct_cat&post=43350"},{"taxonomy":"product_tag","embeddable":true,"href":"https:\/\/123-teezeit.de\/index.php?rest_route=%2Fwp%2Fv2%2Fproduct_tag&post=43350"}],"curies":[{"name":"wp","href":"https:\/\/api.w.org\/{rel}","templated":true}]}}