{"id":43358,"date":"2022-02-13T06:42:40","date_gmt":"2022-02-13T06:42:40","guid":{"rendered":"https:\/\/123-teezeit.de\/?product=teekanne-strawberry-cheesecake-12er-pack-12-x-41-g"},"modified":"2023-04-09T12:30:30","modified_gmt":"2023-04-09T12:30:30","slug":"teekanne-strawberry-cheesecake-12er-pack-12-x-41-g","status":"publish","type":"product","link":"https:\/\/123-teezeit.de\/?product=teekanne-strawberry-cheesecake-12er-pack-12-x-41-g","title":{"rendered":"Teekanne Sweeteas Strawberry Cheesecake mit Erdbeere-K\u00e4se-Geschmack, 12er Pack (12 x 18 Teebeutel)"},"content":{"rendered":"<p><!-- show up to 2 reviews by default --> <\/p>\n<h3> <span>Produktbeschreibung<\/span> <\/h3>\n<p> <span>Deine kleine s\u00fc\u00dfe Auszeit ganz ohne Kalorien! TEEKANNE Strawberry Cheesecake ist ein samtig-s\u00fc\u00dfer Fr\u00fcchtetee mit dem unwiderstehlichen Geschmack nach frischgebackenem Erdbeerk\u00e4sekuchen. Genie\u00dfe so Dein \u201es\u00fc\u00dfes Etwas\u201c wann immer Du magst! Nach dem Essen, nachmittags oder wenn Dich die Lust nach einer s\u00fc\u00dfen K\u00f6stlichkeit \u00fcberkommt. Ganz ohne schlechtes Gewissen, denn das Beste daran: Unser verlockender TEEKANNE Strawberry Cheesecake ist ganz ohne Kalorien.<\/span> <\/p>\n<h3> <span>Inhaltsstoffe \/ Zutaten<\/span> <\/h3>\n<p> <span>Zutaten: \u00c4pfel, Hibiskus, Erdbeer-K\u00e4sekuchenaroma, Hagebutten , Steviabl\u00e4tter, Erdbeeren<\/span> <\/p>\n<div data-a-expander-name=\"toggle_description\" class=\"a-row a-expander-container a-expander-extend-container\">\n<div class=\"a-expander-content a-expander-extend-content\">\n<h3> <span>Gebrauchsanweisung<\/span> <\/h3>\n<p> <span>Nehmen Sie f\u00fcr eine Tasse 1 Teebeutel. Mit sprudelnd kochendem Wasser aufgie\u00dfen und mindestens 5-8 Minuten ziehen lassen. Nur so erhalten Sie ein sicheres Lebensmittel!<\/span> <\/p>\n<h3> <span>Anschrift Hersteller\/Importeur<\/span> <\/h3>\n<p> <span>D-40526 D\u00fcsseldorf<\/span> <\/p>\n<\/p><\/div>\n<p> <a data-csa-c-func-deps=\"aui-da-a-expander-toggle\" data-csa-c-type=\"widget\" data-csa-interaction-events=\"click\" role=\"button\" href=\"void(0)\" data-action=\"a-expander-toggle\" class=\"a-expander-header a-declarative a-expander-extend-header\" data-a-expander-toggle=\"{\"><i class=\"a-icon a-icon-extender-expand\"><\/i><span class=\"a-expander-prompt\">Mehr<\/span><\/a> <\/div>\n<p>Fr\u00fcchtetee, aromatisiert mit Erdbeerk\u00e4sekuchenaroma<br \/>\nEinmalig s\u00fc\u00df &#8211; ganz ohne Kalorien<br \/>\nEinzigartige Kombination aus Frucht und Geb\u00e4cknoten<br \/>\n18 Tassenportionen einzeln umh\u00fcllt<br \/>\nDas in diesem Produkt verwendete Aroma ist laktosefrei, glutenfrei und vegan. Die \u00fcbrigen Zutaten sind es von Natur aus.<br \/>\n<div class=\"main-cross-sell\" data-asin=\"B01H35X1IW\">\n\n\t<div class=\"WooZone-cross-sell-loader\">\n\t\t<div>\n\t\t\t<div id=\"floatingBarsG\">\n\t\t\t\t<div class=\"blockG\" id=\"rotateG_01\"><\/div>\n\t\t\t\t<div class=\"blockG\" id=\"rotateG_02\"><\/div>\n\t\t\t\t<div class=\"blockG\" id=\"rotateG_03\"><\/div>\n\t\t\t\t<div class=\"blockG\" id=\"rotateG_04\"><\/div>\n\t\t\t\t<div class=\"blockG\" id=\"rotateG_05\"><\/div>\n\t\t\t\t<div class=\"blockG\" id=\"rotateG_06\"><\/div>\n\t\t\t\t<div class=\"blockG\" id=\"rotateG_07\"><\/div>\n\t\t\t\t<div class=\"blockG\" id=\"rotateG_08\"><\/div>\n\t\t\t<\/div>\n\t\t\t<div class=\"WooZone-cross-sell-loader-text\"><\/div>\n\t\t<\/div>\n\t<\/div>\n\n\t\t\n<\/div>\n<div style=\"clear:both;\"><\/div><\/p>\n","protected":false},"excerpt":{"rendered":"<p>Fr\u00fcchtetee, aromatisiert mit Erdbeerk\u00e4sekuchenaroma<br \/>\nEinmalig s\u00fc\u00df &#8211; ganz ohne Kalorien<br \/>\nEinzigartige Kombination aus Frucht und Geb\u00e4cknoten<\/p>\n","protected":false},"featured_media":43359,"comment_status":"open","ping_status":"closed","template":"","meta":[],"product_brand":[],"product_cat":[83],"product_tag":[],"class_list":{"0":"post-43358","1":"product","2":"type-product","3":"status-publish","4":"has-post-thumbnail","6":"product_cat-teebeutel","7":"pa_amazon-bestseller-rang-nr-10126-in-lebensmittel-getraenke-siehe-top-100-in-lebensmittel-getraenke-nr-96-in-fruechtetee","8":"pa_artikelgewicht-74-5-g","9":"pa_aufbewahrung-vor-waerme-geschuetzt-und-trocken-lagern","10":"pa_besonderheit-ohne-zuckerzusatz-glutenfrei","11":"pa_durchschnittliche-kundenbewer-46-von-5-sternen-54-sternebewertungen-46-von-5-sternen","12":"pa_format-beutel","13":"pa_herkunftsland-deutschland","14":"pa_hersteller-teekanne-gmbh-co-kg","15":"pa_im-angebot-von-amazon-de-seit-10-november-2016","16":"pa_kontakt-zum-hersteller-d-40526-duesseldorf","17":"pa_marke-teekanne","18":"pa_netto-gewicht-486-gramm","19":"pa_produktbezeichnung-fruechtetee-aromatisiert-erdbeerkuchen-aroma","20":"pa_rebsortenkomposition-zutaten-aepfel-hibiskus-erdbeer-kaesekuchenaroma-hagebutten-steviablaetter-erdbeeren","21":"pa_stueckzahl-492-0-gramm","22":"pa_ursprungsland-germany","23":"pa_verpackungsabmessungen-38-29-x-15-1-x-14-8-cm-74-5-gramm","24":"pa_zertifizierung-rainforest-alliance-zertifziert-zum-schutz-des-regenwaldes","25":"pa_zusatzstoffe-aroma-aromen","27":"first","28":"instock","29":"shipping-taxable","30":"purchasable","31":"product-type-simple"},"_links":{"self":[{"href":"https:\/\/123-teezeit.de\/index.php?rest_route=\/wp\/v2\/product\/43358","targetHints":{"allow":["GET"]}}],"collection":[{"href":"https:\/\/123-teezeit.de\/index.php?rest_route=\/wp\/v2\/product"}],"about":[{"href":"https:\/\/123-teezeit.de\/index.php?rest_route=\/wp\/v2\/types\/product"}],"replies":[{"embeddable":true,"href":"https:\/\/123-teezeit.de\/index.php?rest_route=%2Fwp%2Fv2%2Fcomments&post=43358"}],"wp:featuredmedia":[{"embeddable":true,"href":"https:\/\/123-teezeit.de\/index.php?rest_route=\/wp\/v2\/media\/43359"}],"wp:attachment":[{"href":"https:\/\/123-teezeit.de\/index.php?rest_route=%2Fwp%2Fv2%2Fmedia&parent=43358"}],"wp:term":[{"taxonomy":"product_brand","embeddable":true,"href":"https:\/\/123-teezeit.de\/index.php?rest_route=%2Fwp%2Fv2%2Fproduct_brand&post=43358"},{"taxonomy":"product_cat","embeddable":true,"href":"https:\/\/123-teezeit.de\/index.php?rest_route=%2Fwp%2Fv2%2Fproduct_cat&post=43358"},{"taxonomy":"product_tag","embeddable":true,"href":"https:\/\/123-teezeit.de\/index.php?rest_route=%2Fwp%2Fv2%2Fproduct_tag&post=43358"}],"curies":[{"name":"wp","href":"https:\/\/api.w.org\/{rel}","templated":true}]}}