{"id":43366,"date":"2022-02-13T06:42:44","date_gmt":"2022-02-13T06:42:44","guid":{"rendered":"https:\/\/123-teezeit.de\/?product=teekanne-tuerkischer-apfel-12er-pack"},"modified":"2023-04-09T12:30:31","modified_gmt":"2023-04-09T12:30:31","slug":"teekanne-tuerkischer-apfel-12er-pack","status":"publish","type":"product","link":"https:\/\/123-teezeit.de\/?product=teekanne-tuerkischer-apfel-12er-pack","title":{"rendered":"Teekanne T\u00fcrkischer Apfel 12er Pack"},"content":{"rendered":"<p><!-- show up to 2 reviews by default --> <\/p>\n<h3> <span>Produktbeschreibungen<\/span> <\/h3>\n<p> <span>Teekanne T\u00fcrkischer Apfel aromatisierender Apfel Feigengeschmack 12er Pack Apfelteemischung, aromatisiert &#8211; Apfel- und Feigengeschmack <\/span><\/p>\n<p><span>Gehen Sie mit TEEKANNE T\u00fcrkischer Apfel auf eine Reise in die vielf\u00e4ltige faszinierende Welt der T\u00fcrkei. Das Land zwischen Mittelmeer und schwarzem Meer, zwischen Asien und Europa &#8211; bei Reisenden ber\u00fchmt f\u00fcr seine Gastfreundschaft. Genie\u00dfen Sie die besondere Kombination aus t\u00fcrkischem Apfel und fruchtigem Feigen-Aroma. Genauso au\u00dfergew\u00f6hnlich wie das Land, schmeckt auch dieser Tee &#8211; s\u00fc\u00df und fruchtig zugleich. <\/span><\/p>\n<p><span class=\"a-text-bold\">TEEKANNE GmbH &amp; Co. KG<\/span><\/p>\n<p><span class=\"a-text-bold\">Kevelaerer Str. 21-23<br \/>40549 D\u00fcsseldorf (D)<\/span> <\/p>\n<h3> <span>Inhaltsstoffe \/ Zutaten<\/span> <\/h3>\n<p> <span>\u00c4pfel, s\u00fc\u00dfe Brombeerbl\u00e4tter, Hagebutten, Orangenschalen, S\u00fc\u00dfholz, Apfelaroma, Hibiskus, S\u00e4uerungsmittel: Citronens\u00e4ure, Feigenaroma<\/span> <\/p>\n<div data-a-expander-name=\"toggle_description\" class=\"a-row a-expander-container a-expander-extend-container\">\n<div class=\"a-expander-content a-expander-extend-content\">\n<h3> <span>Anschrift Hersteller\/Importeur<\/span> <\/h3>\n<p> <span>TEEKANNE GmbH &amp; Co. KG, D-40526 D\u00fcsseldorf<\/span> <\/p>\n<\/p><\/div>\n<p> <a data-csa-c-func-deps=\"aui-da-a-expander-toggle\" data-csa-c-type=\"widget\" data-csa-interaction-events=\"click\" role=\"button\" href=\"void(0)\" data-action=\"a-expander-toggle\" class=\"a-expander-header a-declarative a-expander-extend-header\" data-a-expander-toggle=\"{\"><i class=\"a-icon a-icon-extender-expand\"><\/i><span class=\"a-expander-prompt\">Mehr<\/span><\/a> <\/div>\n<p>Zutaten: \u00c4pfel, s\u00fc\u00dfe Brombeerbl\u00e4tter, Hagebutten, Orangenschalen, S\u00fc\u00dfholz, Apfelaroma, Hibiskus, S\u00e4uerungsmittel: Citronens\u00e4ure, Feigenaroma<br \/>\nN\u00e4hrwertinformationen: pro 100g unzubereitet:<br \/>\nBrennwert in kcal 2 Brennwert in kJ 8 Fett in g 0,1 davon ges\u00e4ttigte Fetts\u00e4uren in g 0,1 Kohlenhydrate in g 0,3 davon Zucker in g 0,2 Eiwei\u00df in g 0,2 Salz in g 0,01<br \/>\n<div class=\"main-cross-sell\" data-asin=\"B017QD8IMK\">\n\n\t<div class=\"WooZone-cross-sell-loader\">\n\t\t<div>\n\t\t\t<div id=\"floatingBarsG\">\n\t\t\t\t<div class=\"blockG\" id=\"rotateG_01\"><\/div>\n\t\t\t\t<div class=\"blockG\" id=\"rotateG_02\"><\/div>\n\t\t\t\t<div class=\"blockG\" id=\"rotateG_03\"><\/div>\n\t\t\t\t<div class=\"blockG\" id=\"rotateG_04\"><\/div>\n\t\t\t\t<div class=\"blockG\" id=\"rotateG_05\"><\/div>\n\t\t\t\t<div class=\"blockG\" id=\"rotateG_06\"><\/div>\n\t\t\t\t<div class=\"blockG\" id=\"rotateG_07\"><\/div>\n\t\t\t\t<div class=\"blockG\" id=\"rotateG_08\"><\/div>\n\t\t\t<\/div>\n\t\t\t<div class=\"WooZone-cross-sell-loader-text\"><\/div>\n\t\t<\/div>\n\t<\/div>\n\n\t\t\n<\/div>\n<div style=\"clear:both;\"><\/div><\/p>\n","protected":false},"excerpt":{"rendered":"<p>Zutaten: \u00c4pfel, s\u00fc\u00dfe Brombeerbl\u00e4tter, Hagebutten, Orangenschalen, S\u00fc\u00dfholz, Apfelaroma, Hibiskus, S\u00e4uerungsmittel: Citronens\u00e4ure, Feigenaroma<br \/>\nN\u00e4hrwertinformationen: pro 100g unzubereitet:<br \/>\nBrennwert in kcal 2 Brennwert in kJ 8 Fett in g 0,1 davon ges\u00e4ttigte Fetts\u00e4uren in g 0,1 Kohlenhydrate in g 0,3 davon Zucker in g 0,2 Eiwei\u00df in g 0,2 Salz in g 0,01<\/p>\n","protected":false},"featured_media":43367,"comment_status":"open","ping_status":"closed","template":"","meta":[],"product_brand":[],"product_cat":[83],"product_tag":[],"class_list":{"0":"post-43366","1":"product","2":"type-product","3":"status-publish","4":"has-post-thumbnail","6":"product_cat-teebeutel","7":"pa_amazon-bestseller-rang-nr-34591-in-lebensmittel-getraenke-siehe-top-100-in-lebensmittel-getraenke-nr-404-in-fruechtetee","8":"pa_artikelgewicht-100-g","9":"pa_auslaufartikel-produktion-dur-nein","10":"pa_durchschnittliche-kundenbewer-50-von-5-sternen-8-sternebewertungen-50-von-5-sternen","11":"pa_hersteller-teekanne-gmbh-co-kg","12":"pa_im-angebot-von-amazon-de-seit-8-november-2015","13":"pa_kontakt-zum-hersteller-teekanne-gmbh-co-kg-d-40526-duesseldorf","14":"pa_marke-teekanne-gmbh-co-kg","15":"pa_netto-gewicht-660-gramm","16":"pa_stueckzahl-660-gramm","18":"first","19":"instock","20":"shipping-taxable","21":"purchasable","22":"product-type-simple"},"_links":{"self":[{"href":"https:\/\/123-teezeit.de\/index.php?rest_route=\/wp\/v2\/product\/43366","targetHints":{"allow":["GET"]}}],"collection":[{"href":"https:\/\/123-teezeit.de\/index.php?rest_route=\/wp\/v2\/product"}],"about":[{"href":"https:\/\/123-teezeit.de\/index.php?rest_route=\/wp\/v2\/types\/product"}],"replies":[{"embeddable":true,"href":"https:\/\/123-teezeit.de\/index.php?rest_route=%2Fwp%2Fv2%2Fcomments&post=43366"}],"wp:featuredmedia":[{"embeddable":true,"href":"https:\/\/123-teezeit.de\/index.php?rest_route=\/wp\/v2\/media\/43367"}],"wp:attachment":[{"href":"https:\/\/123-teezeit.de\/index.php?rest_route=%2Fwp%2Fv2%2Fmedia&parent=43366"}],"wp:term":[{"taxonomy":"product_brand","embeddable":true,"href":"https:\/\/123-teezeit.de\/index.php?rest_route=%2Fwp%2Fv2%2Fproduct_brand&post=43366"},{"taxonomy":"product_cat","embeddable":true,"href":"https:\/\/123-teezeit.de\/index.php?rest_route=%2Fwp%2Fv2%2Fproduct_cat&post=43366"},{"taxonomy":"product_tag","embeddable":true,"href":"https:\/\/123-teezeit.de\/index.php?rest_route=%2Fwp%2Fv2%2Fproduct_tag&post=43366"}],"curies":[{"name":"wp","href":"https:\/\/api.w.org\/{rel}","templated":true}]}}