{"id":43375,"date":"2022-02-13T06:42:51","date_gmt":"2022-02-13T06:42:51","guid":{"rendered":"https:\/\/123-teezeit.de\/?product=teekanne-harmonie-fuer-koerper-seele-magenfein-10er-pack"},"modified":"2023-04-09T12:30:31","modified_gmt":"2023-04-09T12:30:31","slug":"teekanne-harmonie-fuer-koerper-seele-magenfein-10er-pack","status":"publish","type":"product","link":"https:\/\/123-teezeit.de\/?product=teekanne-harmonie-fuer-koerper-seele-magenfein-10er-pack","title":{"rendered":"Teekanne Harmonie f\u00fcr K\u00f6rper &amp; Seele &#8222;Magenfein&#8220;, 10er Pack, 10 x 20 Teebeutel (10 x 40 g)"},"content":{"rendered":"<p><!-- show up to 2 reviews by default --> <\/p>\n<h3> <span>Produktbeschreibungen<\/span> <\/h3>\n<p> <span>Inhalt: 10x 20er Wohltuende Kr\u00e4utertee-Mischung aus Rotbusch, Anis, Fenchel, Kamille, Krauseminze, Brombeerbl\u00e4tter, S\u00fc\u00dfholz, Pfefferminze. Einzeln kuvertiert. Verwendung: Ziehzeit: 5 Minuten.<\/span> <\/p>\n<h3> <span>Inhaltsstoffe \/ Zutaten<\/span> <\/h3>\n<p> <span>Zutaten: Rotbusch, Melisse, Honeybush, Anis, Zimt, S\u00fc\u00dfholz, Hopfen, s\u00fc\u00dfe Brombeerbl\u00e4tter, Kardamom, Lotusbl\u00fcten (2%).<\/span> <\/p>\n<div data-a-expander-name=\"toggle_description\" class=\"a-row a-expander-container a-expander-extend-container\">\n<div class=\"a-expander-content a-expander-extend-content\">\n<h3> <span>Anschrift Hersteller\/Importeur<\/span> <\/h3>\n<p> <span>Teekanne GmbH, M\u00fcnchner Bundesstr. 120 5020 Salzburg, \u00d6sterreich<\/span> <\/p>\n<\/p><\/div>\n<p> <a data-csa-c-func-deps=\"aui-da-a-expander-toggle\" data-csa-c-type=\"widget\" data-csa-interaction-events=\"click\" role=\"button\" href=\"void(0)\" data-action=\"a-expander-toggle\" class=\"a-expander-header a-declarative a-expander-extend-header\" data-a-expander-toggle=\"{\"><i class=\"a-icon a-icon-extender-expand\"><\/i><span class=\"a-expander-prompt\">Mehr<\/span><\/a> <\/div>\n<p>Zutaten: Rotbusch, Anis, Fenchel, Kamille, Krauseminze, Pfeff erminze<br \/>\nN\u00e4hrwerte: Brennwert: 1,00 Kilokalorien (kcal) Brennwert: 3,00 Kilojoule (kJ) Fett: 0,10 Fett, davon ges\u00e4ttigte Fetts\u00e4uren: 0,10 Kohlenhydrate: 0,10 Kohlenhydrate, davon Zucker: 0,10 Eiwei\u00df: 0,10 Salz: 0,01<br \/>\nBrennwert in kcal 1 Brennwert in kJ 3 Fett in g 0,1 davon ges\u00e4ttigte Fetts\u00e4uren in g 0,1 Kohlenhydrate in g 0,1 davon Zucker in g 0,1 Eiwei\u00df in g 0,1 Salz in g 0,01<br \/>\n<div class=\"main-cross-sell\" data-asin=\"B017R6ASYW\">\n\n\t<div class=\"WooZone-cross-sell-loader\">\n\t\t<div>\n\t\t\t<div id=\"floatingBarsG\">\n\t\t\t\t<div class=\"blockG\" id=\"rotateG_01\"><\/div>\n\t\t\t\t<div class=\"blockG\" id=\"rotateG_02\"><\/div>\n\t\t\t\t<div class=\"blockG\" id=\"rotateG_03\"><\/div>\n\t\t\t\t<div class=\"blockG\" id=\"rotateG_04\"><\/div>\n\t\t\t\t<div class=\"blockG\" id=\"rotateG_05\"><\/div>\n\t\t\t\t<div class=\"blockG\" id=\"rotateG_06\"><\/div>\n\t\t\t\t<div class=\"blockG\" id=\"rotateG_07\"><\/div>\n\t\t\t\t<div class=\"blockG\" id=\"rotateG_08\"><\/div>\n\t\t\t<\/div>\n\t\t\t<div class=\"WooZone-cross-sell-loader-text\"><\/div>\n\t\t<\/div>\n\t<\/div>\n\n\t\t\n<\/div>\n<div style=\"clear:both;\"><\/div><\/p>\n","protected":false},"excerpt":{"rendered":"<p>Zutaten: Rotbusch, Anis, Fenchel, Kamille, Krauseminze, Pfeff erminze<br \/>\nN\u00e4hrwerte: Brennwert: 1,00 Kilokalorien (kcal) Brennwert: 3,00 Kilojoule (kJ) Fett: 0,10 Fett, davon ges\u00e4ttigte Fetts\u00e4uren: 0,10 Kohlenhydrate: 0,10 Kohlenhydrate, davon Zucker: 0,10 Eiwei\u00df: 0,10 Salz: 0,01<br \/>\nBrennwert in kcal 1 Brennwert in kJ 3 Fett in g 0,1 davon ges\u00e4ttigte Fetts\u00e4uren in g 0,1 Kohlenhydrate in g 0,1 davon Zucker in g 0,1 Eiwei\u00df in g 0,1 Salz in g 0,01<\/p>\n","protected":false},"featured_media":43376,"comment_status":"open","ping_status":"closed","template":"","meta":[],"product_brand":[],"product_cat":[83],"product_tag":[],"class_list":{"0":"post-43375","1":"product","2":"type-product","3":"status-publish","4":"has-post-thumbnail","6":"product_cat-teebeutel","7":"pa_amazon-bestseller-rang-nr-88030-in-lebensmittel-getraenke-siehe-top-100-in-lebensmittel-getraenke-nr-3379-in-kraeutertee","8":"pa_aufbewahrung-vor-waerme-geschuetzt-und-trocken-lagern","9":"pa_auslaufartikel-produktion-dur-nein","10":"pa_durchschnittliche-kundenbewer-50-von-5-sternen-3-sternebewertungen-50-von-5-sternen","11":"pa_hersteller-teekanne-gmbh","12":"pa_im-angebot-von-amazon-de-seit-9-november-2015","13":"pa_kontakt-zum-hersteller-teekanne-gmbh-muenchner-bundesstr-120-5020-salzburg-oesterreich","14":"pa_marke-teekanne","15":"pa_netto-gewicht-400-gramm","16":"pa_stueckzahl-400-gramm","17":"pa_zusatzstoffe-rotbusch-anis-fenchel-kamille-krauseminze-brombeerblaetter-suessholz-pfefferminze","19":"first","20":"instock","21":"shipping-taxable","22":"purchasable","23":"product-type-simple"},"_links":{"self":[{"href":"https:\/\/123-teezeit.de\/index.php?rest_route=\/wp\/v2\/product\/43375","targetHints":{"allow":["GET"]}}],"collection":[{"href":"https:\/\/123-teezeit.de\/index.php?rest_route=\/wp\/v2\/product"}],"about":[{"href":"https:\/\/123-teezeit.de\/index.php?rest_route=\/wp\/v2\/types\/product"}],"replies":[{"embeddable":true,"href":"https:\/\/123-teezeit.de\/index.php?rest_route=%2Fwp%2Fv2%2Fcomments&post=43375"}],"wp:featuredmedia":[{"embeddable":true,"href":"https:\/\/123-teezeit.de\/index.php?rest_route=\/wp\/v2\/media\/43376"}],"wp:attachment":[{"href":"https:\/\/123-teezeit.de\/index.php?rest_route=%2Fwp%2Fv2%2Fmedia&parent=43375"}],"wp:term":[{"taxonomy":"product_brand","embeddable":true,"href":"https:\/\/123-teezeit.de\/index.php?rest_route=%2Fwp%2Fv2%2Fproduct_brand&post=43375"},{"taxonomy":"product_cat","embeddable":true,"href":"https:\/\/123-teezeit.de\/index.php?rest_route=%2Fwp%2Fv2%2Fproduct_cat&post=43375"},{"taxonomy":"product_tag","embeddable":true,"href":"https:\/\/123-teezeit.de\/index.php?rest_route=%2Fwp%2Fv2%2Fproduct_tag&post=43375"}],"curies":[{"name":"wp","href":"https:\/\/api.w.org\/{rel}","templated":true}]}}