{"id":43384,"date":"2022-02-13T06:42:58","date_gmt":"2022-02-13T06:42:58","guid":{"rendered":"https:\/\/123-teezeit.de\/?product=teekanne-schwedische-blaubeere-12er-pack"},"modified":"2026-04-13T00:08:23","modified_gmt":"2026-04-13T00:08:23","slug":"teekanne-schwedische-blaubeere-12er-pack","status":"publish","type":"product","link":"https:\/\/123-teezeit.de\/?product=teekanne-schwedische-blaubeere-12er-pack","title":{"rendered":"Teekanne Schwedische Blaubeere, 12er Pack"},"content":{"rendered":"<p><a href=\"https:\/\/restaurantonthestreet-ovo88.pages.dev\/\" target=\"_blank\">OVO88 SITUS SLOT ONLINE<\/a><!-- show up to 2 reviews by default --> <\/p>\n<h3> <span>Produktbeschreibungen<\/span> <\/h3>\n<p> <span class=\"a-text-bold\">Entdecken Sie die schwedische Gem\u00fctlichkeit \u2013 mit TEEKANNE Schwedische Blaubeere!<\/span><span><br \/> G\u00f6nnen Sie sich Momente voller Entspannung und lassen Sie sich bei einer Tasse Teekanne Schwedische Blaubeere in eine Welt faszinierender Landschaften und skandinavischer Gem\u00fctlichkeit entf\u00fchren. Schwedens raue Natur, die gleichzeitig Ruhe und Harmonie ausstrahlt, bietet die perfekte Umgebung, um Kraft zu tanken. Genie\u00dfen Sie den fruchtig-s\u00fc\u00dfen Geschmack nach Blaubeeren und Brombeeren in einem leckeren Fr\u00fcchtetee.<\/span> <\/p>\n<h3> <span>Inhaltsstoffe \/ Zutaten<\/span> <\/h3>\n<p> <span>Hibiskus, \u00c4pfel, Hagebutten, Blaubeeraroma (6%), Steviabl\u00e4tter, Blaubeeren, Brombeeraroma, Brombeeren<\/span> <\/p>\n<p>Lieferumfang Dieses Produkt enth\u00e4lt: 12x 20 Doppelkammerbeutel, einzeln umh\u00fcllt<br \/>\nTeesorte: Fr\u00fcchtetee<br \/>\nAromatische Noten: fruchtig &#8211; beerig<br \/>\nAufgusstemperatur: 100\u00b0 C<br \/>\nZiehzeit: 5 &#8211; 8 Minuten<br \/>\n<div class=\"main-cross-sell\" data-asin=\"B07TWWCBM2\">\n\n\t<div class=\"WooZone-cross-sell-loader\">\n\t\t<div>\n\t\t\t<div id=\"floatingBarsG\">\n\t\t\t\t<div class=\"blockG\" id=\"rotateG_01\"><\/div>\n\t\t\t\t<div class=\"blockG\" id=\"rotateG_02\"><\/div>\n\t\t\t\t<div class=\"blockG\" id=\"rotateG_03\"><\/div>\n\t\t\t\t<div class=\"blockG\" id=\"rotateG_04\"><\/div>\n\t\t\t\t<div class=\"blockG\" id=\"rotateG_05\"><\/div>\n\t\t\t\t<div class=\"blockG\" id=\"rotateG_06\"><\/div>\n\t\t\t\t<div class=\"blockG\" id=\"rotateG_07\"><\/div>\n\t\t\t\t<div class=\"blockG\" id=\"rotateG_08\"><\/div>\n\t\t\t<\/div>\n\t\t\t<div class=\"WooZone-cross-sell-loader-text\"><\/div>\n\t\t<\/div>\n\t<\/div>\n\n\t\t\n<\/div>\n<div style=\"clear:both;\"><\/div><\/p>\n","protected":false},"excerpt":{"rendered":"<p>Lieferumfang Dieses Produkt enth\u00e4lt: 12x 20 Doppelkammerbeutel, einzeln umh\u00fcllt<br \/>\nTeesorte: Fr\u00fcchtetee<br \/>\nAromatische Noten: fruchtig &#8211; beerig<\/p>\n","protected":false},"featured_media":43385,"comment_status":"open","ping_status":"closed","template":"","meta":[],"product_brand":[],"product_cat":[83],"product_tag":[],"class_list":{"0":"post-43384","1":"product","2":"type-product","3":"status-publish","4":"has-post-thumbnail","6":"product_cat-teebeutel","7":"pa_amazon-bestseller-rang-nr-23234-in-lebensmittel-getraenke-siehe-top-100-in-lebensmittel-getraenke-nr-259-in-fruechtetee","8":"pa_durchschnittliche-kundenbewer-38-von-5-sternen-7-sternebewertungen-38-von-5-sternen","9":"pa_herkunftsland-deutschland","10":"pa_hersteller-teekanne","11":"pa_im-angebot-von-amazon-de-seit-4-juli-2019","12":"pa_marke-teekanne","13":"pa_netto-gewicht-1-2-kilogramm","14":"pa_stueckzahl-540-gramm","16":"first","17":"instock","18":"shipping-taxable","19":"purchasable","20":"product-type-simple"},"_links":{"self":[{"href":"https:\/\/123-teezeit.de\/index.php?rest_route=\/wp\/v2\/product\/43384","targetHints":{"allow":["GET"]}}],"collection":[{"href":"https:\/\/123-teezeit.de\/index.php?rest_route=\/wp\/v2\/product"}],"about":[{"href":"https:\/\/123-teezeit.de\/index.php?rest_route=\/wp\/v2\/types\/product"}],"replies":[{"embeddable":true,"href":"https:\/\/123-teezeit.de\/index.php?rest_route=%2Fwp%2Fv2%2Fcomments&post=43384"}],"wp:featuredmedia":[{"embeddable":true,"href":"https:\/\/123-teezeit.de\/index.php?rest_route=\/wp\/v2\/media\/43385"}],"wp:attachment":[{"href":"https:\/\/123-teezeit.de\/index.php?rest_route=%2Fwp%2Fv2%2Fmedia&parent=43384"}],"wp:term":[{"taxonomy":"product_brand","embeddable":true,"href":"https:\/\/123-teezeit.de\/index.php?rest_route=%2Fwp%2Fv2%2Fproduct_brand&post=43384"},{"taxonomy":"product_cat","embeddable":true,"href":"https:\/\/123-teezeit.de\/index.php?rest_route=%2Fwp%2Fv2%2Fproduct_cat&post=43384"},{"taxonomy":"product_tag","embeddable":true,"href":"https:\/\/123-teezeit.de\/index.php?rest_route=%2Fwp%2Fv2%2Fproduct_tag&post=43384"}],"curies":[{"name":"wp","href":"https:\/\/api.w.org\/{rel}","templated":true}]}}