{"id":43395,"date":"2022-02-13T06:45:22","date_gmt":"2022-02-13T06:45:22","guid":{"rendered":"https:\/\/123-teezeit.de\/?product=teekanne-rooibos-orange-12er-pack"},"modified":"2023-04-09T12:30:31","modified_gmt":"2023-04-09T12:30:31","slug":"teekanne-rooibos-orange-12er-pack","status":"publish","type":"product","link":"https:\/\/123-teezeit.de\/?product=teekanne-rooibos-orange-12er-pack","title":{"rendered":"Teekanne Rooibos Orange 12er Pack"},"content":{"rendered":"<p><!-- show up to 2 reviews by default --> <\/p>\n<h3> <span>Produktbeschreibungen<\/span> <\/h3>\n<p> <span>Erleben Sie mit TEEKANNE Rooibos die faszinierende Welt S\u00fcdafrikas. Unter der s\u00fcdafrikanischer Sonne in der Region der Cedarberge nahe Kapstadt gereift, ist der Rooibostee tief in der Kultur des Landes verankert und wird seit jeher als Nationalgetr\u00e4nk gesch\u00e4tzt. Mit seinem angenehm mild-fruchtigen Geschmack sorgt TEEKANNE Rooibos Orange f\u00fcr entspannten und koffeinfreien Genuss. TEEKANNE Rooibos Orangen-der fruchtige-milde Genuss. Gehen Sie auf eine Reise der Sinne mit TEEKANNE Rooibos Orange.<\/span> <\/p>\n<h3> <span>Inhaltsstoffe \/ Zutaten<\/span> <\/h3>\n<p> <span>Zutaten: Rotbusch, Vanillearoma (7%), Orangenschalen.<\/span> <\/p>\n<div data-a-expander-name=\"toggle_description\" class=\"a-row a-expander-container a-expander-extend-container\">\n<div class=\"a-expander-content a-expander-extend-content\">\n<h3> <span>Anschrift Hersteller\/Importeur<\/span> <\/h3>\n<p> <span>TEEKANNE GmbH &amp; Co. KG, D-40526 D\u00fcsseldorf<\/span> <\/p>\n<\/p><\/div>\n<p> <a data-csa-c-func-deps=\"aui-da-a-expander-toggle\" data-csa-c-type=\"widget\" data-csa-interaction-events=\"click\" role=\"button\" href=\"void(0)\" data-action=\"a-expander-toggle\" class=\"a-expander-header a-declarative a-expander-extend-header\" data-a-expander-toggle=\"{\"><i class=\"a-icon a-icon-extender-expand\"><\/i><span class=\"a-expander-prompt\">Mehr<\/span><\/a> <\/div>\n<p>Dieses Produkt enth\u00e4lt: 12 x 20 Doppelkammerbeutel, einzeln umh\u00fcllt<br \/>\nVor W\u00e4rme gesch\u00fctzt und trocken lagern.<br \/>\nZiehzeit: 5 &#8211; 8 Minuten<br \/>\nAufgusstemperatur: 100\u00b0 C<br \/>\n<div class=\"main-cross-sell\" data-asin=\"B017R0YJ98\">\n\n\t<div class=\"WooZone-cross-sell-loader\">\n\t\t<div>\n\t\t\t<div id=\"floatingBarsG\">\n\t\t\t\t<div class=\"blockG\" id=\"rotateG_01\"><\/div>\n\t\t\t\t<div class=\"blockG\" id=\"rotateG_02\"><\/div>\n\t\t\t\t<div class=\"blockG\" id=\"rotateG_03\"><\/div>\n\t\t\t\t<div class=\"blockG\" id=\"rotateG_04\"><\/div>\n\t\t\t\t<div class=\"blockG\" id=\"rotateG_05\"><\/div>\n\t\t\t\t<div class=\"blockG\" id=\"rotateG_06\"><\/div>\n\t\t\t\t<div class=\"blockG\" id=\"rotateG_07\"><\/div>\n\t\t\t\t<div class=\"blockG\" id=\"rotateG_08\"><\/div>\n\t\t\t<\/div>\n\t\t\t<div class=\"WooZone-cross-sell-loader-text\"><\/div>\n\t\t<\/div>\n\t<\/div>\n\n\t\t\n<\/div>\n<div style=\"clear:both;\"><\/div><\/p>\n","protected":false},"excerpt":{"rendered":"<p>Dieses Produkt enth\u00e4lt: 12 x 20 Doppelkammerbeutel, einzeln umh\u00fcllt<br \/>\nVor W\u00e4rme gesch\u00fctzt und trocken lagern.<br \/>\nZiehzeit: 5 &#8211; 8 Minuten<\/p>\n","protected":false},"featured_media":43396,"comment_status":"open","ping_status":"closed","template":"","meta":[],"product_brand":[],"product_cat":[83],"product_tag":[],"class_list":{"0":"post-43395","1":"product","2":"type-product","3":"status-publish","4":"has-post-thumbnail","6":"product_cat-teebeutel","7":"pa_amazon-bestseller-rang-nr-154289-in-lebensmittel-getraenke-siehe-top-100-in-lebensmittel-getraenke-nr-244-in-rooibostee","8":"pa_durchschnittliche-kundenbewer-50-von-5-sternen-1-sternebewertung-50-von-5-sternen","9":"pa_hersteller-teekanne","10":"pa_im-angebot-von-amazon-de-seit-9-november-2015","11":"pa_kontakt-zum-hersteller-teekanne-gmbh-co-kg-d-40526-duesseldorf","12":"pa_marke-teekanne","13":"pa_netto-gewicht-0-42-kilogramm","14":"pa_stueckzahl-12-00-stueck","16":"first","17":"instock","18":"shipping-taxable","19":"purchasable","20":"product-type-simple"},"_links":{"self":[{"href":"https:\/\/123-teezeit.de\/index.php?rest_route=\/wp\/v2\/product\/43395","targetHints":{"allow":["GET"]}}],"collection":[{"href":"https:\/\/123-teezeit.de\/index.php?rest_route=\/wp\/v2\/product"}],"about":[{"href":"https:\/\/123-teezeit.de\/index.php?rest_route=\/wp\/v2\/types\/product"}],"replies":[{"embeddable":true,"href":"https:\/\/123-teezeit.de\/index.php?rest_route=%2Fwp%2Fv2%2Fcomments&post=43395"}],"wp:featuredmedia":[{"embeddable":true,"href":"https:\/\/123-teezeit.de\/index.php?rest_route=\/wp\/v2\/media\/43396"}],"wp:attachment":[{"href":"https:\/\/123-teezeit.de\/index.php?rest_route=%2Fwp%2Fv2%2Fmedia&parent=43395"}],"wp:term":[{"taxonomy":"product_brand","embeddable":true,"href":"https:\/\/123-teezeit.de\/index.php?rest_route=%2Fwp%2Fv2%2Fproduct_brand&post=43395"},{"taxonomy":"product_cat","embeddable":true,"href":"https:\/\/123-teezeit.de\/index.php?rest_route=%2Fwp%2Fv2%2Fproduct_cat&post=43395"},{"taxonomy":"product_tag","embeddable":true,"href":"https:\/\/123-teezeit.de\/index.php?rest_route=%2Fwp%2Fv2%2Fproduct_tag&post=43395"}],"curies":[{"name":"wp","href":"https:\/\/api.w.org\/{rel}","templated":true}]}}