{"id":43411,"date":"2022-02-13T06:45:31","date_gmt":"2022-02-13T06:45:31","guid":{"rendered":"https:\/\/123-teezeit.de\/?product=teekanne-indischer-chai-classic-12er-pack"},"modified":"2023-04-09T12:30:31","modified_gmt":"2023-04-09T12:30:31","slug":"teekanne-indischer-chai-classic-12er-pack","status":"publish","type":"product","link":"https:\/\/123-teezeit.de\/?product=teekanne-indischer-chai-classic-12er-pack","title":{"rendered":"Teekanne Indischer Chai Classic 12er Pack"},"content":{"rendered":"<p><!-- show up to 2 reviews by default --> <\/p>\n<h3> <span>Produktbeschreibungen<\/span> <\/h3>\n<p> <span>Teekanne Indischer Chai Classic w\u00fcrzig fern\u00f6stlich 12er Pack Tauchen Sie mit TEEKANNE Indischer Chai Classic in die farbenpr\u00e4chtige und pulsierende Welt Indiens ein. Genie\u00dfen Sie nach indischer Art die geheimnisvolle Verbindung orientalischer Gew\u00fcrze wie Kardamom, Nelke und Zimt mit Schwarzem Tee. Genauso au\u00dfergew\u00f6hnlich wie das Land, schmeckt auch dieser Tee &#8211; w\u00fcrzig und fern\u00f6stlich zugleich. Nach Belieben kann Chai auch mit einem Schuss hei\u00dfer Milch zubereitet werden. TEEKANNE GmbH &amp; Co. KG Kevelaerer Str. 21-23 40549 D\u00fcsseldorf Versandkosten k\u00f6nnen bei nicht haushalts\u00fcblichen Mengen abweichen. Lieferung: 12 x 20 Teebeutel Zutaten: Schwarzer Tee, s\u00fc\u00dfe Brombeerbl\u00e4tter, Zimt, Vanillearoma, S\u00fc\u00dfholz, Gew\u00fcrznelken, Zichorienwurzel, Zimtaroma, schwarzer Pfeffer, Ingwer, Kardamom N\u00e4hrwertinformationen: pro 100g unzubereitet: Brennwert in kJ 3 Brennwert in kcal 1 Fett in g 0,1 davon ges\u00e4ttigte Fetts\u00e4uren in g 0,1 Kohlenhydrate in g 0,1 davon Zucker in g 0,1 Eiwei\u00df in g 0,2 Salz in g 0,01<\/span> <\/p>\n<h3> <span>Inhaltsstoffe \/ Zutaten<\/span> <\/h3>\n<p> <span>Zutaten: Schwarzer Tee (37%), s\u00fc\u00dfe Brombeerbl\u00e4tter, Vanillearoma (8%), Zimt (8%), S\u00fc\u00dfholz, Gew\u00fcrznelken (5%), Zimtaroma, Zichorienwurzel, Ingwer, Kardamom, schwarzer Pfeffer<\/span> <\/p>\n<div data-a-expander-name=\"toggle_description\" class=\"a-row a-expander-container a-expander-extend-container\">\n<div class=\"a-expander-content a-expander-extend-content\">\n<h3> <span>Anschrift Hersteller\/Importeur<\/span> <\/h3>\n<p> <span>TEEKANNE GmbH &amp; Co. KG, D-40526 D\u00fcsseldorf<\/span> <\/p>\n<\/p><\/div>\n<p> <a data-csa-c-func-deps=\"aui-da-a-expander-toggle\" data-csa-c-type=\"widget\" data-csa-interaction-events=\"click\" role=\"button\" href=\"void(0)\" data-action=\"a-expander-toggle\" class=\"a-expander-header a-declarative a-expander-extend-header\" data-a-expander-toggle=\"{\"><i class=\"a-icon a-icon-extender-expand\"><\/i><span class=\"a-expander-prompt\">Mehr<\/span><\/a> <\/div>\n<p>Zutaten:<br \/>\nSchwarzer Tee (37%), s\u00fc\u00dfe Brombeerbl\u00e4tter, Vanillearoma (8%), Zimt (8%), S\u00fc\u00dfholz, Nelken (5%), Zimtaroma, Zichorienwurzel, Ingwer, Kardamom, schwarzer Pfeffer<br \/>\nN\u00e4hrwertinformationen: pro 100g unzubereitet:<br \/>\nBrennwert in kJ 3 Brennwert in kcal 1 Fett in g 0,1 davon ges\u00e4ttigte Fetts\u00e4uren in g 0,1 Kohlenhydrate in g 0,1 davon Zucker in g 0,1 Eiwei\u00df in g 0,2 Salz in g 0,01<br \/>\n<div class=\"main-cross-sell\" data-asin=\"B017R0PDC0\">\n\n\t<div class=\"WooZone-cross-sell-loader\">\n\t\t<div>\n\t\t\t<div id=\"floatingBarsG\">\n\t\t\t\t<div class=\"blockG\" id=\"rotateG_01\"><\/div>\n\t\t\t\t<div class=\"blockG\" id=\"rotateG_02\"><\/div>\n\t\t\t\t<div class=\"blockG\" id=\"rotateG_03\"><\/div>\n\t\t\t\t<div class=\"blockG\" id=\"rotateG_04\"><\/div>\n\t\t\t\t<div class=\"blockG\" id=\"rotateG_05\"><\/div>\n\t\t\t\t<div class=\"blockG\" id=\"rotateG_06\"><\/div>\n\t\t\t\t<div class=\"blockG\" id=\"rotateG_07\"><\/div>\n\t\t\t\t<div class=\"blockG\" id=\"rotateG_08\"><\/div>\n\t\t\t<\/div>\n\t\t\t<div class=\"WooZone-cross-sell-loader-text\"><\/div>\n\t\t<\/div>\n\t<\/div>\n\n\t\t\n<\/div>\n<div style=\"clear:both;\"><\/div><\/p>\n","protected":false},"excerpt":{"rendered":"<p>Zutaten:<br \/>\nSchwarzer Tee (37%), s\u00fc\u00dfe Brombeerbl\u00e4tter, Vanillearoma (8%), Zimt (8%), S\u00fc\u00dfholz, Nelken (5%), Zimtaroma, Zichorienwurzel, Ingwer, Kardamom, schwarzer Pfeffer<br \/>\nN\u00e4hrwertinformationen: pro 100g unzubereitet:<\/p>\n","protected":false},"featured_media":43412,"comment_status":"open","ping_status":"closed","template":"","meta":[],"product_brand":[],"product_cat":[83],"product_tag":[],"class_list":{"0":"post-43411","1":"product","2":"type-product","3":"status-publish","4":"has-post-thumbnail","6":"product_cat-teebeutel","7":"pa_amazon-bestseller-rang-nr-18856-in-lebensmittel-getraenke-siehe-top-100-in-lebensmittel-getraenke-nr-1553-in-tee-lebensmittel-getraenke","8":"pa_artikelgewicht-100-g","9":"pa_durchschnittliche-kundenbewer-50-von-5-sternen-5-sternebewertungen-50-von-5-sternen","10":"pa_hersteller-teekanne-gmbh-co-kg","11":"pa_im-angebot-von-amazon-de-seit-9-november-2015","12":"pa_kontakt-zum-hersteller-teekanne-gmbh-co-kg-d-40526-duesseldorf","13":"pa_marke-teekanne-gmbh-co-kg","14":"pa_netto-gewicht-480-gramm","15":"pa_stueckzahl-480-gramm","17":"first","18":"instock","19":"shipping-taxable","20":"purchasable","21":"product-type-simple"},"_links":{"self":[{"href":"https:\/\/123-teezeit.de\/index.php?rest_route=\/wp\/v2\/product\/43411","targetHints":{"allow":["GET"]}}],"collection":[{"href":"https:\/\/123-teezeit.de\/index.php?rest_route=\/wp\/v2\/product"}],"about":[{"href":"https:\/\/123-teezeit.de\/index.php?rest_route=\/wp\/v2\/types\/product"}],"replies":[{"embeddable":true,"href":"https:\/\/123-teezeit.de\/index.php?rest_route=%2Fwp%2Fv2%2Fcomments&post=43411"}],"wp:featuredmedia":[{"embeddable":true,"href":"https:\/\/123-teezeit.de\/index.php?rest_route=\/wp\/v2\/media\/43412"}],"wp:attachment":[{"href":"https:\/\/123-teezeit.de\/index.php?rest_route=%2Fwp%2Fv2%2Fmedia&parent=43411"}],"wp:term":[{"taxonomy":"product_brand","embeddable":true,"href":"https:\/\/123-teezeit.de\/index.php?rest_route=%2Fwp%2Fv2%2Fproduct_brand&post=43411"},{"taxonomy":"product_cat","embeddable":true,"href":"https:\/\/123-teezeit.de\/index.php?rest_route=%2Fwp%2Fv2%2Fproduct_cat&post=43411"},{"taxonomy":"product_tag","embeddable":true,"href":"https:\/\/123-teezeit.de\/index.php?rest_route=%2Fwp%2Fv2%2Fproduct_tag&post=43411"}],"curies":[{"name":"wp","href":"https:\/\/api.w.org\/{rel}","templated":true}]}}