{"id":43414,"date":"2022-02-13T06:45:32","date_gmt":"2022-02-13T06:45:32","guid":{"rendered":"https:\/\/123-teezeit.de\/?product=teekanne-mediterraner-pfirsich-12er-pack-12-x-50-g"},"modified":"2023-04-09T12:30:31","modified_gmt":"2023-04-09T12:30:31","slug":"teekanne-mediterraner-pfirsich-12er-pack-12-x-50-g","status":"publish","type":"product","link":"https:\/\/123-teezeit.de\/?product=teekanne-mediterraner-pfirsich-12er-pack-12-x-50-g","title":{"rendered":"Teekanne Mediterraner Pfirsich, 12er Pack (12 x 50 g)"},"content":{"rendered":"<p><!-- show up to 2 reviews by default --> <\/p>\n<h3> <span>Inhaltsstoffe \/ Zutaten<\/span> <\/h3>\n<p> <span>\u00c4pfel, Hagebutten, Pfirsicharoma 7%, S\u00e4uerungsmittel Citronens\u00e4ure, Pfirsichgranulat 5% (Pfirsiche, Maltodextrin), Steviabl\u00e4tter, Maracujagranulat (Maracuja, Maltodextrin)<\/span> <\/p>\n<div class=\"main-cross-sell\" data-asin=\"B06XQYZMHS\">\n\n\t<div class=\"WooZone-cross-sell-loader\">\n\t\t<div>\n\t\t\t<div id=\"floatingBarsG\">\n\t\t\t\t<div class=\"blockG\" id=\"rotateG_01\"><\/div>\n\t\t\t\t<div class=\"blockG\" id=\"rotateG_02\"><\/div>\n\t\t\t\t<div class=\"blockG\" id=\"rotateG_03\"><\/div>\n\t\t\t\t<div class=\"blockG\" id=\"rotateG_04\"><\/div>\n\t\t\t\t<div class=\"blockG\" id=\"rotateG_05\"><\/div>\n\t\t\t\t<div class=\"blockG\" id=\"rotateG_06\"><\/div>\n\t\t\t\t<div class=\"blockG\" id=\"rotateG_07\"><\/div>\n\t\t\t\t<div class=\"blockG\" id=\"rotateG_08\"><\/div>\n\t\t\t<\/div>\n\t\t\t<div class=\"WooZone-cross-sell-loader-text\"><\/div>\n\t\t<\/div>\n\t<\/div>\n\n\t\t\n<\/div>\n<div style=\"clear:both;\"><\/div>\n","protected":false},"excerpt":{"rendered":"<p>Inhaltsstoffe \/ Zutaten \u00c4pfel, Hagebutten, Pfirsicharoma 7%, S\u00e4uerungsmittel Citronens\u00e4ure, Pfirsichgranulat 5% (Pfirsiche, Maltodextrin), Steviabl\u00e4tter, Maracujagranulat (Maracuja, Maltodextrin)<\/p>\n","protected":false},"featured_media":43415,"comment_status":"open","ping_status":"closed","template":"","meta":[],"product_brand":[],"product_cat":[83],"product_tag":[],"class_list":{"0":"post-43414","1":"product","2":"type-product","3":"status-publish","4":"has-post-thumbnail","6":"product_cat-teebeutel","7":"pa_artikelgewicht-50-g","8":"pa_auslaufartikel-produktion-dur-nein","9":"pa_durchschnittliche-kundenbewer-41-von-5-sternen-12-sternebewertungen-41-von-5-sternen","10":"pa_im-angebot-von-amazon-de-seit-19-maerz-2017","11":"pa_marke-teekanne","12":"pa_stueckzahl-600-gramm","13":"pa_verpackungsabmessungen-39-x-16-5-x-15-cm-50-gramm","15":"first","16":"instock","17":"shipping-taxable","18":"purchasable","19":"product-type-simple"},"_links":{"self":[{"href":"https:\/\/123-teezeit.de\/index.php?rest_route=\/wp\/v2\/product\/43414","targetHints":{"allow":["GET"]}}],"collection":[{"href":"https:\/\/123-teezeit.de\/index.php?rest_route=\/wp\/v2\/product"}],"about":[{"href":"https:\/\/123-teezeit.de\/index.php?rest_route=\/wp\/v2\/types\/product"}],"replies":[{"embeddable":true,"href":"https:\/\/123-teezeit.de\/index.php?rest_route=%2Fwp%2Fv2%2Fcomments&post=43414"}],"wp:featuredmedia":[{"embeddable":true,"href":"https:\/\/123-teezeit.de\/index.php?rest_route=\/wp\/v2\/media\/43415"}],"wp:attachment":[{"href":"https:\/\/123-teezeit.de\/index.php?rest_route=%2Fwp%2Fv2%2Fmedia&parent=43414"}],"wp:term":[{"taxonomy":"product_brand","embeddable":true,"href":"https:\/\/123-teezeit.de\/index.php?rest_route=%2Fwp%2Fv2%2Fproduct_brand&post=43414"},{"taxonomy":"product_cat","embeddable":true,"href":"https:\/\/123-teezeit.de\/index.php?rest_route=%2Fwp%2Fv2%2Fproduct_cat&post=43414"},{"taxonomy":"product_tag","embeddable":true,"href":"https:\/\/123-teezeit.de\/index.php?rest_route=%2Fwp%2Fv2%2Fproduct_tag&post=43414"}],"curies":[{"name":"wp","href":"https:\/\/api.w.org\/{rel}","templated":true}]}}