{"id":43416,"date":"2022-02-13T06:45:35","date_gmt":"2022-02-13T06:45:35","guid":{"rendered":"https:\/\/123-teezeit.de\/?product=teekanne-herzkirsche-12er-pack"},"modified":"2023-04-09T12:30:31","modified_gmt":"2023-04-09T12:30:31","slug":"teekanne-herzkirsche-12er-pack","status":"publish","type":"product","link":"https:\/\/123-teezeit.de\/?product=teekanne-herzkirsche-12er-pack","title":{"rendered":"Teekanne Herzkirsche 12er Pack"},"content":{"rendered":"<p><!-- show up to 2 reviews by default --> <\/p>\n<h3> <span>Produktbeschreibungen<\/span> <\/h3>\n<p> <span>Teekanne Herzkirsche Tee Romantik mit all ihrer S\u00fc\u00dfen Vielfalt 12er Pack <\/span><\/p>\n<p><span>Der Herzkirschtee von Teekanne zeigt Ihnen die Welt der Romantik mit all Ihrer S\u00fc\u00dfe und Vielfalt. Die zarte Kirsche schmeichelt Ihren Sinnen, wie der Kuss eines geliebten Menschen. Verbringen Sie einen romantischen Abend zu weit und lassen Sie sich bet\u00f6ren von dem sagenhaften Duft der s\u00fc\u00dfen Frucht und lassen Sie den Abend zu einem unvergesslichen Erlebnis werden. <\/span><\/p>\n<p><span class=\"a-text-bold\">TEEKANNE GmbH &amp; Co. KG<br \/>Kevelaerer Str. 21-23<br \/>40549 D\u00fcsseldorf<\/span><\/p>\n<p><span> <\/span><\/p>\n<\/p>\n<h3> <span>Inhaltsstoffe \/ Zutaten<\/span> <\/h3>\n<p> <span>Zutaten Hibiskus, \u00c4pfel, Hagebutten, Herzkirscharoma (7%), s\u00fc\u00dfe Brombeerbl\u00e4tter<\/span> <\/p>\n<div data-a-expander-name=\"toggle_description\" class=\"a-row a-expander-container a-expander-extend-container\">\n<div class=\"a-expander-content a-expander-extend-content\">\n<h3> <span>Anschrift Hersteller\/Importeur<\/span> <\/h3>\n<p> <span>TEEKANNE GmbH &amp; Co. KG, D-40526 D\u00fcsseldorf<\/span> <\/p>\n<\/p><\/div>\n<p> <a data-csa-c-func-deps=\"aui-da-a-expander-toggle\" data-csa-c-type=\"widget\" data-csa-interaction-events=\"click\" role=\"button\" href=\"void(0)\" data-action=\"a-expander-toggle\" class=\"a-expander-header a-declarative a-expander-extend-header\" data-a-expander-toggle=\"{\"><i class=\"a-icon a-icon-extender-expand\"><\/i><span class=\"a-expander-prompt\">Mehr<\/span><\/a> <\/div>\n<p>Zutaten Fr\u00fcchtetee<br \/>\nN\u00e4hrwertangaben (pro 100g)<br \/>\nEnergie (kj) 16 Energie (kcal) 4 Fett (g) 0,1 ges\u00e4ttigte Fetts\u00e4uren (g) 0,1 davon Zucker (g) 0,4 Salz (g) 0,02 Natrium (g) 0,01<br \/>\n<div class=\"main-cross-sell\" data-asin=\"B017P38H22\">\n\n\t<div class=\"WooZone-cross-sell-loader\">\n\t\t<div>\n\t\t\t<div id=\"floatingBarsG\">\n\t\t\t\t<div class=\"blockG\" id=\"rotateG_01\"><\/div>\n\t\t\t\t<div class=\"blockG\" id=\"rotateG_02\"><\/div>\n\t\t\t\t<div class=\"blockG\" id=\"rotateG_03\"><\/div>\n\t\t\t\t<div class=\"blockG\" id=\"rotateG_04\"><\/div>\n\t\t\t\t<div class=\"blockG\" id=\"rotateG_05\"><\/div>\n\t\t\t\t<div class=\"blockG\" id=\"rotateG_06\"><\/div>\n\t\t\t\t<div class=\"blockG\" id=\"rotateG_07\"><\/div>\n\t\t\t\t<div class=\"blockG\" id=\"rotateG_08\"><\/div>\n\t\t\t<\/div>\n\t\t\t<div class=\"WooZone-cross-sell-loader-text\"><\/div>\n\t\t<\/div>\n\t<\/div>\n\n\t\t\n<\/div>\n<div style=\"clear:both;\"><\/div><\/p>\n","protected":false},"excerpt":{"rendered":"<p>Zutaten Fr\u00fcchtetee<br \/>\nN\u00e4hrwertangaben (pro 100g)<br \/>\nEnergie (kj) 16 Energie (kcal) 4 Fett (g) 0,1 ges\u00e4ttigte Fetts\u00e4uren (g) 0,1 davon Zucker (g) 0,4 Salz (g) 0,02 Natrium (g) 0,01<\/p>\n","protected":false},"featured_media":43417,"comment_status":"open","ping_status":"closed","template":"","meta":[],"product_brand":[],"product_cat":[83],"product_tag":[],"class_list":{"0":"post-43416","1":"product","2":"type-product","3":"status-publish","4":"has-post-thumbnail","6":"product_cat-teebeutel","7":"pa_amazon-bestseller-rang-nr-69292-in-lebensmittel-getraenke-siehe-top-100-in-lebensmittel-getraenke-nr-6122-in-tee-lebensmittel-getraenke","8":"pa_artikelgewicht-100-g","9":"pa_durchschnittliche-kundenbewer-49-von-5-sternen-10-sternebewertungen-49-von-5-sternen","10":"pa_hersteller-teekanne-gmbh-co-kg","11":"pa_im-angebot-von-amazon-de-seit-7-november-2015","12":"pa_kontakt-zum-hersteller-teekanne-gmbh-co-kg-d-40526-duesseldorf","13":"pa_marke-teekanne-gmbh-co-kg","14":"pa_netto-gewicht-720-gramm","15":"pa_stueckzahl-720-0-gramm","17":"first","18":"instock","19":"shipping-taxable","20":"purchasable","21":"product-type-simple"},"_links":{"self":[{"href":"https:\/\/123-teezeit.de\/index.php?rest_route=\/wp\/v2\/product\/43416","targetHints":{"allow":["GET"]}}],"collection":[{"href":"https:\/\/123-teezeit.de\/index.php?rest_route=\/wp\/v2\/product"}],"about":[{"href":"https:\/\/123-teezeit.de\/index.php?rest_route=\/wp\/v2\/types\/product"}],"replies":[{"embeddable":true,"href":"https:\/\/123-teezeit.de\/index.php?rest_route=%2Fwp%2Fv2%2Fcomments&post=43416"}],"wp:featuredmedia":[{"embeddable":true,"href":"https:\/\/123-teezeit.de\/index.php?rest_route=\/wp\/v2\/media\/43417"}],"wp:attachment":[{"href":"https:\/\/123-teezeit.de\/index.php?rest_route=%2Fwp%2Fv2%2Fmedia&parent=43416"}],"wp:term":[{"taxonomy":"product_brand","embeddable":true,"href":"https:\/\/123-teezeit.de\/index.php?rest_route=%2Fwp%2Fv2%2Fproduct_brand&post=43416"},{"taxonomy":"product_cat","embeddable":true,"href":"https:\/\/123-teezeit.de\/index.php?rest_route=%2Fwp%2Fv2%2Fproduct_cat&post=43416"},{"taxonomy":"product_tag","embeddable":true,"href":"https:\/\/123-teezeit.de\/index.php?rest_route=%2Fwp%2Fv2%2Fproduct_tag&post=43416"}],"curies":[{"name":"wp","href":"https:\/\/api.w.org\/{rel}","templated":true}]}}