{"id":43437,"date":"2022-02-13T06:45:46","date_gmt":"2022-02-13T06:45:46","guid":{"rendered":"https:\/\/123-teezeit.de\/?product=teekanne-spanische-orange-12er-pack"},"modified":"2023-04-09T12:30:32","modified_gmt":"2023-04-09T12:30:32","slug":"teekanne-spanische-orange-12er-pack","status":"publish","type":"product","link":"https:\/\/123-teezeit.de\/?product=teekanne-spanische-orange-12er-pack","title":{"rendered":"Teekanne Spanische Orange 12er Pack"},"content":{"rendered":"<p><!-- show up to 2 reviews by default --> <\/p>\n<h3> <span>Produktbeschreibungen<\/span> <\/h3>\n<p> <span>Teekanne Spanische Orange L\u00e4ndertee fruchtig s\u00fcdl\u00e4ndich 50g 12er Pack Fr\u00fcchtetee spanische Orange: Erleben Sie mit TEEKANNE Spanischer Orange die s\u00fcdl\u00e4ndische Lebensfreude und genie\u00dfen Sie den fruchtig-s\u00fcdl\u00e4ndischen Geschmack. \u00dcber das Produkt: Entdecken Sie Spanien &#8211; mit TEEKANNE Spanische Orange. Erleben Sie mit TEEKANNE Spanische Orange die s\u00fcdl\u00e4ndische Lebensfreude und lassen Sie sich vom ber\u00fchmten spanischen Temperament mitrei\u00dfen. Genie\u00dfen Sie den s\u00fc\u00dfen Geschmack nach Orangen, abgerundet mit lecker-fruchtigem Pfirsicharoma. Genauso aufregend wie das Land ist, schmeckt dieser Tee &#8211; fruchtig und s\u00fcdl\u00e4ndisch zugleich. Auch kalt getrunken ist TEEKANNE Spanische Orange die ideale Erfrischung f\u00fcr den ganzen Tag, nicht nur in der Siesta. Gehen Sie auf eine Reise der Sinne mit TEEKANNE Spanische Orange! Zubereitung: Aufguss: 100\u00b0C Ziehzeit: 5-8 Minuten Unser Zubereitungs-Hinweis:Nehmen Sie f\u00fcr eine Tasse 1 Teebeutel und mindestens 3 Teebeutel f\u00fcr eine Kanne. Immer mit sprudelnd kochendem Wasser aufgie\u00dfen und mindestens 5-8 Minuten ziehen lassen! Nur so erhalten Sie ein sicheres Lebensmittel! TEEKANNE GmbH &amp; Co. KG Kevelaerer Str. 21-23 40549 D\u00fcsseldorf Deutschland Hibiscus sabdariffa: Unter rund 200 Malvenarten findet sich eine, die nach dem Welken der Bl\u00fcte einen verdickten Bl\u00fctenkelch ausbildet, der gesammelt und getrocknet wird. Nur dieser Hibiscus sabdariffa ergibt im Aufguss eine der sch\u00f6nsten Farben in der Natur und nur dieser ist ein Nationalgetr\u00e4nk der \u00c4gypter und Sudanesen. Glycyrrhica glabra: S\u00fc\u00dfholz ist eine bis zu zwei Meter hoch wachsende Pflanze, welche von Fr\u00fchling bis Herbst bl\u00fcht. Die Wurzeln der Pflanze werden f\u00fcr die Weiterverarbeitung genutzt, indem Sie getrocknet und gerieben werden. Zutaten: \u00c4pfel, Hibiskus, s\u00fc\u00dfe Brombeerbl\u00e4tter, wei\u00dfer Hibiskus, Orangenaroma (8%), Orangensaftkonzentrat (5%), S\u00fc\u00dfholz, Pfirsicharoma, Pfirsichgranulat Inhalt: 20 Doppelkammerbeutel \u00e0 2.5 g 100ml Tee* enthalten d<\/span> <\/p>\n<h3> <span>Inhaltsstoffe \/ Zutaten<\/span> <\/h3>\n<p> <span>\u00c4pfel, Hibiskus, s\u00fc\u00dfe Brombeerbl\u00e4tter, wei\u00dfer Hibiskus, Orangenaroma 8%, Orangen-Saftkonzentrat 5%, S\u00fc\u00dfholz, Pfirsicharoma, Pfirsichgranulat (Pfirsiche, Maltodextrin)<\/span> <\/p>\n<div data-a-expander-name=\"toggle_description\" class=\"a-row a-expander-container a-expander-extend-container\">\n<div class=\"a-expander-content a-expander-extend-content\">\n<h3> <span>Anschrift Hersteller\/Importeur<\/span> <\/h3>\n<p> <span>TEEKANNE GmbH &amp; Co. KG, D-40526 D\u00fcsseldorf<\/span> <\/p>\n<\/p><\/div>\n<p> <a data-csa-c-func-deps=\"aui-da-a-expander-toggle\" data-csa-c-type=\"widget\" data-csa-interaction-events=\"click\" role=\"button\" href=\"void(0)\" data-action=\"a-expander-toggle\" class=\"a-expander-header a-declarative a-expander-extend-header\" data-a-expander-toggle=\"{\"><i class=\"a-icon a-icon-extender-expand\"><\/i><span class=\"a-expander-prompt\">Mehr<\/span><\/a> <\/div>\n<p>Hibiscus sabdariffa: Unter rund 200 Malvenarten findet sich eine, die nach dem Welken der Bl\u00fcte einen verdickten Bl\u00fctenkelch ausbildet, der gesammelt und getrocknet wird. Nur dieser Hibiscus sabdariffa ergibt im Aufguss eine der sch\u00f6nsten Farben in der Natur und nur dieser ist ein Nationalgetr\u00e4nk der \u00c4gypter und Sudanesen.<br \/>\nGlycyrrhica glabra: S\u00fc\u00dfholz ist eine bis zu zwei Meter hoch wachsende Pflanze, welche von Fr\u00fchling bis Herbst bl\u00fcht. Die Wurzeln der Pflanze werden f\u00fcr die Weiterverarbeitung genutzt, indem Sie getrocknet und gerieben werden.<br \/>\nZutaten: \u00c4pfel, Hibiskus, s\u00fc\u00dfe Brombeerbl\u00e4tter, wei\u00dfer Hibiskus, Orangenaroma (8%), Orangensaftkonzentrat (5%), S\u00fc\u00dfholz, Pfirsicharoma, Pfirsichgranulat<br \/>\nInhalt: 20 Doppelkammerbeutel \u00e0 2.5 g<br \/>\n100ml Tee* enthalten durchschnittlich:<br \/>\n<div class=\"main-cross-sell\" data-asin=\"B017QDOO46\">\n\n\t<div class=\"WooZone-cross-sell-loader\">\n\t\t<div>\n\t\t\t<div id=\"floatingBarsG\">\n\t\t\t\t<div class=\"blockG\" id=\"rotateG_01\"><\/div>\n\t\t\t\t<div class=\"blockG\" id=\"rotateG_02\"><\/div>\n\t\t\t\t<div class=\"blockG\" id=\"rotateG_03\"><\/div>\n\t\t\t\t<div class=\"blockG\" id=\"rotateG_04\"><\/div>\n\t\t\t\t<div class=\"blockG\" id=\"rotateG_05\"><\/div>\n\t\t\t\t<div class=\"blockG\" id=\"rotateG_06\"><\/div>\n\t\t\t\t<div class=\"blockG\" id=\"rotateG_07\"><\/div>\n\t\t\t\t<div class=\"blockG\" id=\"rotateG_08\"><\/div>\n\t\t\t<\/div>\n\t\t\t<div class=\"WooZone-cross-sell-loader-text\"><\/div>\n\t\t<\/div>\n\t<\/div>\n\n\t\t\n<\/div>\n<div style=\"clear:both;\"><\/div><\/p>\n","protected":false},"excerpt":{"rendered":"<p>Hibiscus sabdariffa: Unter rund 200 Malvenarten findet sich eine, die nach dem Welken der Bl\u00fcte einen verdickten Bl\u00fctenkelch ausbildet, der gesammelt und getrocknet wird. Nur dieser Hibiscus sabdariffa ergibt im Aufguss eine der sch\u00f6nsten Farben in der Natur und nur dieser ist ein Nationalgetr\u00e4nk der \u00c4gypter und Sudanesen.<br \/>\nGlycyrrhica glabra: S\u00fc\u00dfholz ist eine bis zu zwei Meter hoch wachsende Pflanze, welche von Fr\u00fchling bis Herbst bl\u00fcht. Die Wurzeln der Pflanze werden f\u00fcr die Weiterverarbeitung genutzt, indem Sie getrocknet und gerieben werden.<br \/>\nZutaten: \u00c4pfel, Hibiskus, s\u00fc\u00dfe Brombeerbl\u00e4tter, wei\u00dfer Hibiskus, Orangenaroma (8%), Orangensaftkonzentrat (5%), S\u00fc\u00dfholz, Pfirsicharoma, Pfirsichgranulat<\/p>\n","protected":false},"featured_media":43438,"comment_status":"open","ping_status":"closed","template":"","meta":[],"product_brand":[],"product_cat":[83],"product_tag":[],"class_list":{"0":"post-43437","1":"product","2":"type-product","3":"status-publish","4":"has-post-thumbnail","6":"product_cat-teebeutel","7":"pa_amazon-bestseller-rang-nr-53219-in-lebensmittel-getraenke-siehe-top-100-in-lebensmittel-getraenke-nr-659-in-fruechtetee","8":"pa_artikelgewicht-50-g","9":"pa_besonderheit-vegetarisch","10":"pa_durchschnittliche-kundenbewer-47-von-5-sternen-9-sternebewertungen-47-von-5-sternen","11":"pa_format-beutel","12":"pa_hersteller-teekanne-gmbh-co-kg","13":"pa_im-angebot-von-amazon-de-seit-8-november-2015","14":"pa_kontakt-zum-hersteller-teekanne-gmbh-co-kg-d-40526-duesseldorf","15":"pa_marke-teekanne-gmbh-co-kg","16":"pa_netto-gewicht-600-gramm","17":"pa_stueckzahl-600-gramm","19":"first","20":"instock","21":"shipping-taxable","22":"purchasable","23":"product-type-simple"},"_links":{"self":[{"href":"https:\/\/123-teezeit.de\/index.php?rest_route=\/wp\/v2\/product\/43437","targetHints":{"allow":["GET"]}}],"collection":[{"href":"https:\/\/123-teezeit.de\/index.php?rest_route=\/wp\/v2\/product"}],"about":[{"href":"https:\/\/123-teezeit.de\/index.php?rest_route=\/wp\/v2\/types\/product"}],"replies":[{"embeddable":true,"href":"https:\/\/123-teezeit.de\/index.php?rest_route=%2Fwp%2Fv2%2Fcomments&post=43437"}],"wp:featuredmedia":[{"embeddable":true,"href":"https:\/\/123-teezeit.de\/index.php?rest_route=\/wp\/v2\/media\/43438"}],"wp:attachment":[{"href":"https:\/\/123-teezeit.de\/index.php?rest_route=%2Fwp%2Fv2%2Fmedia&parent=43437"}],"wp:term":[{"taxonomy":"product_brand","embeddable":true,"href":"https:\/\/123-teezeit.de\/index.php?rest_route=%2Fwp%2Fv2%2Fproduct_brand&post=43437"},{"taxonomy":"product_cat","embeddable":true,"href":"https:\/\/123-teezeit.de\/index.php?rest_route=%2Fwp%2Fv2%2Fproduct_cat&post=43437"},{"taxonomy":"product_tag","embeddable":true,"href":"https:\/\/123-teezeit.de\/index.php?rest_route=%2Fwp%2Fv2%2Fproduct_tag&post=43437"}],"curies":[{"name":"wp","href":"https:\/\/api.w.org\/{rel}","templated":true}]}}