{"id":43466,"date":"2022-02-13T06:46:06","date_gmt":"2022-02-13T06:46:06","guid":{"rendered":"https:\/\/123-teezeit.de\/?product=teekanne-weisser-tee-mango-zitrone-6er-pack-6-x-20-teebeutel-6-x-25-g"},"modified":"2023-04-09T12:30:32","modified_gmt":"2023-04-09T12:30:32","slug":"teekanne-weisser-tee-mango-zitrone-6er-pack-6-x-20-teebeutel-6-x-25-g","status":"publish","type":"product","link":"https:\/\/123-teezeit.de\/?product=teekanne-weisser-tee-mango-zitrone-6er-pack-6-x-20-teebeutel-6-x-25-g","title":{"rendered":"Teekanne Wei\u00dfer Tee Mango-Zitrone, 6er Pack (6 x 20 Teebeutel), 6 x 25 g"},"content":{"rendered":"<p><!-- show up to 2 reviews by default --> <\/p>\n<h3> <span>Produktbeschreibungen<\/span> <\/h3>\n<p> <span>Wei\u00dfer Tee w\u00e4chst in den hohen Bergregionen Fujians im S\u00fcden Chinas. Seinen Namen verdankt Wei\u00dfer Tee dem wei\u00dfen Flaum, der die jungen Teeknospen umschlie\u00dft. Nur die j\u00fcngsten Bl\u00e4tter der Teepflanze und ihre jungen, zarten Knospen werden f\u00fcr den Wei\u00dfen Tee gepfl\u00fcckt und schonend durch Licht und Luft getrocknet. So erh\u00e4lt der Wei\u00dfe Tee seinen milden Geschmack. Aufguss 100\u00b0C. Ziehzeit 2-3 Minuten. Zubereitungs-Hinweis: F\u00fcr die Zubereitung einen Teebeutel mit frischem, sprudelnd, kochendem Wasser aufgie\u00dfen und 2-3 Minuten ziehen lassen. Wir empfehlen 1 Teebeutel pro Tasse und 3 Teebeutel f\u00fcr eine Kanne.<\/span> <\/p>\n<h3> <span>Inhaltsstoffe \/ Zutaten<\/span> <\/h3>\n<p> <span>Zutaten: Wei\u00dfer Tee, Mango- und Zitronenaroma, Mangogranulat, Zitronenschalen<\/span> <\/p>\n<div data-a-expander-name=\"toggle_description\" class=\"a-row a-expander-container a-expander-extend-container\">\n<div class=\"a-expander-content a-expander-extend-content\">\n<h3> <span>Gebrauchsanweisung<\/span> <\/h3>\n<p> <span>Nehmen Sie f\u00fcr eine Tasse 1 Teebeutel. Mit sprudelnd kochendem Wasser aufgie\u00dfen und mindestens 2-3 Minuten ziehen lassen.<\/span> <\/p>\n<h3> <span>Anschrift Hersteller\/Importeur<\/span> <\/h3>\n<p> <span>D-40526 D\u00fcsseldorf<\/span> <\/p>\n<\/p><\/div>\n<p> <a data-csa-c-func-deps=\"aui-da-a-expander-toggle\" data-csa-c-type=\"widget\" data-csa-interaction-events=\"click\" role=\"button\" href=\"void(0)\" data-action=\"a-expander-toggle\" class=\"a-expander-header a-declarative a-expander-extend-header\" data-a-expander-toggle=\"{\"><i class=\"a-icon a-icon-extender-expand\"><\/i><span class=\"a-expander-prompt\">Mehr<\/span><\/a> <\/div>\n<p>Wei\u00dfer Tee w\u00e4chst in den hohen Bergregionen Fujians im S\u00fcden Chinas. Seinen Namen verdankt Wei\u00dfer Tee dem wei\u00dfen Flaum, der die jungen Teeknospen umschlie\u00dft.<br \/>\nNur die j\u00fcngsten Bl\u00e4tter der Teepflanze und ihre jungen, zarten Knospen werden f\u00fcr den Wei\u00dfen Tee gepfl\u00fcckt und schonend durch Licht und Luft getrocknet.<br \/>\nSo erh\u00e4lt der Wei\u00dfe Tee seinen milden Geschmack.<br \/>\nAufguss 100\u00b0C. Ziehzeit 2-3 Minuten.<br \/>\nZubereitungs-Hinweis: F\u00fcr die Zubereitung einen Teebeutel mit frischem, sprudelnd, kochendem Wasser aufgie\u00dfen und 2-3 Minuten ziehen lassen. Wir empfehlen 1 Teebeutel pro Tasse und 3 Teebeutel f\u00fcr eine Kanne.<br \/>\n<div class=\"main-cross-sell\" data-asin=\"B00UN33Q4G\">\n\n\t<div class=\"WooZone-cross-sell-loader\">\n\t\t<div>\n\t\t\t<div id=\"floatingBarsG\">\n\t\t\t\t<div class=\"blockG\" id=\"rotateG_01\"><\/div>\n\t\t\t\t<div class=\"blockG\" id=\"rotateG_02\"><\/div>\n\t\t\t\t<div class=\"blockG\" id=\"rotateG_03\"><\/div>\n\t\t\t\t<div class=\"blockG\" id=\"rotateG_04\"><\/div>\n\t\t\t\t<div class=\"blockG\" id=\"rotateG_05\"><\/div>\n\t\t\t\t<div class=\"blockG\" id=\"rotateG_06\"><\/div>\n\t\t\t\t<div class=\"blockG\" id=\"rotateG_07\"><\/div>\n\t\t\t\t<div class=\"blockG\" id=\"rotateG_08\"><\/div>\n\t\t\t<\/div>\n\t\t\t<div class=\"WooZone-cross-sell-loader-text\"><\/div>\n\t\t<\/div>\n\t<\/div>\n\n\t\t\n<\/div>\n<div style=\"clear:both;\"><\/div><\/p>\n","protected":false},"excerpt":{"rendered":"<p>Wei\u00dfer Tee w\u00e4chst in den hohen Bergregionen Fujians im S\u00fcden Chinas. Seinen Namen verdankt Wei\u00dfer Tee dem wei\u00dfen Flaum, der die jungen Teeknospen umschlie\u00dft.<br \/>\nNur die j\u00fcngsten Bl\u00e4tter der Teepflanze und ihre jungen, zarten Knospen werden f\u00fcr den Wei\u00dfen Tee gepfl\u00fcckt und schonend durch Licht und Luft getrocknet.<br \/>\nSo erh\u00e4lt der Wei\u00dfe Tee seinen milden Geschmack.<\/p>\n","protected":false},"featured_media":43467,"comment_status":"open","ping_status":"closed","template":"","meta":[],"product_brand":[],"product_cat":[83],"product_tag":[],"class_list":{"0":"post-43466","1":"product","2":"type-product","3":"status-publish","4":"has-post-thumbnail","6":"product_cat-teebeutel","7":"pa_allergie-informationen-enthaelt-glutenfrei","8":"pa_amazon-bestseller-rang-nr-10047-in-lebensmittel-getraenke-siehe-top-100-in-lebensmittel-getraenke-nr-21-in-weisser-tee","9":"pa_artikelgewicht-150-g","10":"pa_aufbewahrung-vor-waerme-geschuetzt-und-trocken-lagern","11":"pa_besonderheit-ohne-zuckerzusatz-glutenfrei","12":"pa_durchschnittliche-kundenbewer-47-von-5-sternen-93-sternebewertungen-47-von-5-sternen","13":"pa_format-beutel","14":"pa_herkunftsland-deutschland","15":"pa_hersteller-teekanne","16":"pa_im-angebot-von-amazon-de-seit-18-maerz-2015","17":"pa_kontakt-zum-hersteller-d-40526-duesseldorf","18":"pa_marke-teekanne","19":"pa_netto-gewicht-160-gramm","20":"pa_produktbezeichnung-weisser-tee-aromatisiert-mango-und-zitronenaroma","21":"pa_rebsortenkomposition-zutaten-weisser-tee-mango-und-zitronenaroma-mangogranulat-zitronenschalen","22":"pa_stueckzahl-150-0-gramm","23":"pa_ursprungsland-germany","24":"pa_verpackungsabmessungen-30-3-x-21-3-x-7-6-cm-150-gramm","25":"pa_zertifizierung-gruener-punkt-ara-verpackungskennzeichen","26":"pa_zusatzstoffe-aroma-aromen","28":"first","29":"instock","30":"shipping-taxable","31":"purchasable","32":"product-type-simple"},"_links":{"self":[{"href":"https:\/\/123-teezeit.de\/index.php?rest_route=\/wp\/v2\/product\/43466","targetHints":{"allow":["GET"]}}],"collection":[{"href":"https:\/\/123-teezeit.de\/index.php?rest_route=\/wp\/v2\/product"}],"about":[{"href":"https:\/\/123-teezeit.de\/index.php?rest_route=\/wp\/v2\/types\/product"}],"replies":[{"embeddable":true,"href":"https:\/\/123-teezeit.de\/index.php?rest_route=%2Fwp%2Fv2%2Fcomments&post=43466"}],"wp:featuredmedia":[{"embeddable":true,"href":"https:\/\/123-teezeit.de\/index.php?rest_route=\/wp\/v2\/media\/43467"}],"wp:attachment":[{"href":"https:\/\/123-teezeit.de\/index.php?rest_route=%2Fwp%2Fv2%2Fmedia&parent=43466"}],"wp:term":[{"taxonomy":"product_brand","embeddable":true,"href":"https:\/\/123-teezeit.de\/index.php?rest_route=%2Fwp%2Fv2%2Fproduct_brand&post=43466"},{"taxonomy":"product_cat","embeddable":true,"href":"https:\/\/123-teezeit.de\/index.php?rest_route=%2Fwp%2Fv2%2Fproduct_cat&post=43466"},{"taxonomy":"product_tag","embeddable":true,"href":"https:\/\/123-teezeit.de\/index.php?rest_route=%2Fwp%2Fv2%2Fproduct_tag&post=43466"}],"curies":[{"name":"wp","href":"https:\/\/api.w.org\/{rel}","templated":true}]}}