{"id":43483,"date":"2022-02-13T06:46:17","date_gmt":"2022-02-13T06:46:17","guid":{"rendered":"https:\/\/123-teezeit.de\/?product=teekanne-prinzessin-lillifee-12er-pack"},"modified":"2023-04-09T12:30:32","modified_gmt":"2023-04-09T12:30:32","slug":"teekanne-prinzessin-lillifee-12er-pack","status":"publish","type":"product","link":"https:\/\/123-teezeit.de\/?product=teekanne-prinzessin-lillifee-12er-pack","title":{"rendered":"Teekanne Prinzessin Lillifee 12er Pack"},"content":{"rendered":"<p><!-- show up to 2 reviews by default --> <\/p>\n<h3> <span>Produktbeschreibungen<\/span> <\/h3>\n<p> <span>Teekanne Prinzessin Lillifee Erdbeere Himbeer Fr\u00fcchtetee 12er Pack TEEKANNE Prinzessin Lillifee &#8211; der fruchtig-milde Feen-Tee! Der zauberhafte Feen-Tee verw\u00f6hnt kleine Teefreunde mit seinem fruchtigen Geschmack nach Erdbeeren und Himbeeren. Dabei ist er nicht nur kalorienarm, sondern schmeckt warm genauso gut wie kalt. So wird der Prinzessin Lillifee-Tee zu einem tollen Durstl\u00f6scher \u00fcber den ganzen Tag. Bezaubernd s\u00fc\u00df ohne den Zusatz von Zucker! TEEKANNE GmbH &amp; Co. KG Kevelaerer Str. 21-23 40549 D\u00fcsseldorf Versandkosten k\u00f6nnen bei nicht haushalts\u00fcblichen Mengen abweichen. Lieferung: 12 x 20 einzeln verpackte Teebeutel Zutaten: \u00c4pfel, Hibiskus, s\u00fc\u00dfe Brombeerbl\u00e4tter, nat\u00fcrliches A roma (Erdbeergeschmack), Hagebutten, nat\u00fcrliches Aroma (Himbe ergeschmack), Erdbeeren, Himbeeren Enth\u00e4lt: Aroma \/ Aromen (ARO); Fr\u00fcchtetee, aromatisiert mit Erdbeer-und Himbeeraroma Brennwert: 2,00 Kilokalorien (kcal) Brennwert: 8,00 Kilojoule (kJ) Fett: 0,10 Fett, davon ges\u00e4ttigte Fetts\u00e4uren: 0,10 Kohlenhydrate: 0,30 Kohlenhydrate, davon Zucker: 0,20 Eiwei\u00df: 0,20 Salz: 0,01<\/span> <\/p>\n<h3> <span>Inhaltsstoffe \/ Zutaten<\/span> <\/h3>\n<p> <span>Zutaten: \u00c4pfel (38 %), Hibiskus, s\u00fc\u00dfe Brombeerbl\u00e4tter, nat\u00fcrliches Aroma mit Erdbeergeschmack, Hagebutten, nat\u00fcrliches Aroma mit Himbeergeschmack, Himbeeren, Erdbeeren<\/span> <\/p>\n<div data-a-expander-name=\"toggle_description\" class=\"a-row a-expander-container a-expander-extend-container\">\n<div class=\"a-expander-content a-expander-extend-content\">\n<h3> <span>Anschrift Hersteller\/Importeur<\/span> <\/h3>\n<p> <span>TEEKANNE GmbH &amp; Co. KG, D-40526 D\u00fcsseldorf<\/span> <\/p>\n<\/p><\/div>\n<p> <a data-csa-c-func-deps=\"aui-da-a-expander-toggle\" data-csa-c-type=\"widget\" data-csa-interaction-events=\"click\" role=\"button\" href=\"void(0)\" data-action=\"a-expander-toggle\" class=\"a-expander-header a-declarative a-expander-extend-header\" data-a-expander-toggle=\"{\"><i class=\"a-icon a-icon-extender-expand\"><\/i><span class=\"a-expander-prompt\">Mehr<\/span><\/a> <\/div>\n<p>Zutaten: \u00c4pfel, Hibiskus, s\u00fc\u00dfe Brombeerbl\u00e4tter, Erdbeeraroma, Hagebutten, Himbeeraroma, Himbeeren, Erdbeeren.<br \/>\nDie in diesem Produkt verwendeten Aromen sind laktosefrei, glutenfrei und vegan. Die \u00fcbrigen Zutaten sind es von Natur aus.<br \/>\nEnth\u00e4lt: Aroma \/ Aromen (ARO); Fr\u00fcchtetee, aromatisiert mit Erdbeer-und Himbeeraroma<br \/>\nBrennwert: 2,00 Kilokalorien (kcal) Brennwert: 8,00 Kilojoule (kJ) Fett: 0,10 Fett, davon ges\u00e4ttigte Fetts\u00e4uren: 0,10 Kohlenhydrate: 0,30 Kohlenhydrate, davon Zucker: 0,20 Eiwei\u00df: 0,20 Salz: 0,01<br \/>\n<div class=\"main-cross-sell\" data-asin=\"B017R20GY8\">\n\n\t<div class=\"WooZone-cross-sell-loader\">\n\t\t<div>\n\t\t\t<div id=\"floatingBarsG\">\n\t\t\t\t<div class=\"blockG\" id=\"rotateG_01\"><\/div>\n\t\t\t\t<div class=\"blockG\" id=\"rotateG_02\"><\/div>\n\t\t\t\t<div class=\"blockG\" id=\"rotateG_03\"><\/div>\n\t\t\t\t<div class=\"blockG\" id=\"rotateG_04\"><\/div>\n\t\t\t\t<div class=\"blockG\" id=\"rotateG_05\"><\/div>\n\t\t\t\t<div class=\"blockG\" id=\"rotateG_06\"><\/div>\n\t\t\t\t<div class=\"blockG\" id=\"rotateG_07\"><\/div>\n\t\t\t\t<div class=\"blockG\" id=\"rotateG_08\"><\/div>\n\t\t\t<\/div>\n\t\t\t<div class=\"WooZone-cross-sell-loader-text\"><\/div>\n\t\t<\/div>\n\t<\/div>\n\n\t\t\n<\/div>\n<div style=\"clear:both;\"><\/div><\/p>\n","protected":false},"excerpt":{"rendered":"<p>Zutaten: \u00c4pfel, Hibiskus, s\u00fc\u00dfe Brombeerbl\u00e4tter, Erdbeeraroma, Hagebutten, Himbeeraroma, Himbeeren, Erdbeeren.<br \/>\nDie in diesem Produkt verwendeten Aromen sind laktosefrei, glutenfrei und vegan. Die \u00fcbrigen Zutaten sind es von Natur aus.<br \/>\nEnth\u00e4lt: Aroma \/ Aromen (ARO); Fr\u00fcchtetee, aromatisiert mit Erdbeer-und Himbeeraroma<\/p>\n","protected":false},"featured_media":43484,"comment_status":"open","ping_status":"closed","template":"","meta":[],"product_brand":[],"product_cat":[83],"product_tag":[],"class_list":{"0":"post-43483","1":"product","2":"type-product","3":"status-publish","4":"has-post-thumbnail","6":"product_cat-teebeutel","7":"pa_amazon-bestseller-rang-nr-37150-in-lebensmittel-getraenke-siehe-top-100-in-lebensmittel-getraenke-nr-430-in-fruechtetee","8":"pa_artikelgewicht-660-g","9":"pa_besonderheit-kalorienarm-glutenfrei-vegan-laktosefrei","10":"pa_durchschnittliche-kundenbewer-50-von-5-sternen-4-sternebewertungen-50-von-5-sternen","11":"pa_hersteller-teekanne-gmbh-co-kg","12":"pa_im-angebot-von-amazon-de-seit-9-november-2015","13":"pa_kontakt-zum-hersteller-teekanne-gmbh-co-kg-d-40526-duesseldorf","14":"pa_marke-teekanne-gmbh-co-kg","15":"pa_netto-gewicht-660-gramm","16":"pa_stueckzahl-660-gramm","17":"pa_verpackungsabmessungen-37-9-x-25-5-x-13-5-cm-660-gramm","19":"first","20":"instock","21":"shipping-taxable","22":"purchasable","23":"product-type-simple"},"_links":{"self":[{"href":"https:\/\/123-teezeit.de\/index.php?rest_route=\/wp\/v2\/product\/43483","targetHints":{"allow":["GET"]}}],"collection":[{"href":"https:\/\/123-teezeit.de\/index.php?rest_route=\/wp\/v2\/product"}],"about":[{"href":"https:\/\/123-teezeit.de\/index.php?rest_route=\/wp\/v2\/types\/product"}],"replies":[{"embeddable":true,"href":"https:\/\/123-teezeit.de\/index.php?rest_route=%2Fwp%2Fv2%2Fcomments&post=43483"}],"wp:featuredmedia":[{"embeddable":true,"href":"https:\/\/123-teezeit.de\/index.php?rest_route=\/wp\/v2\/media\/43484"}],"wp:attachment":[{"href":"https:\/\/123-teezeit.de\/index.php?rest_route=%2Fwp%2Fv2%2Fmedia&parent=43483"}],"wp:term":[{"taxonomy":"product_brand","embeddable":true,"href":"https:\/\/123-teezeit.de\/index.php?rest_route=%2Fwp%2Fv2%2Fproduct_brand&post=43483"},{"taxonomy":"product_cat","embeddable":true,"href":"https:\/\/123-teezeit.de\/index.php?rest_route=%2Fwp%2Fv2%2Fproduct_cat&post=43483"},{"taxonomy":"product_tag","embeddable":true,"href":"https:\/\/123-teezeit.de\/index.php?rest_route=%2Fwp%2Fv2%2Fproduct_tag&post=43483"}],"curies":[{"name":"wp","href":"https:\/\/api.w.org\/{rel}","templated":true}]}}